{"id":766238,"date":"2025-08-28T12:07:05","date_gmt":"2025-08-28T09:07:05","guid":{"rendered":"https:\/\/roveyayinevi.com.tr\/index.php\/urun\/20-felsefe-oturumu\/"},"modified":"2026-04-15T03:32:08","modified_gmt":"2026-04-15T00:32:08","slug":"20-felsefe-oturumu","status":"publish","type":"product","link":"https:\/\/roveyayinevi.com.tr\/index.php\/urun\/20-felsefe-oturumu\/","title":{"rendered":"20 Felsefe Oturumu"},"content":{"rendered":"<p>HAYATI SORGULAYAN HERKES \u0130\u00c7\u0130N FELSEFE! \u201cFelsefe \u00e7ok s\u0131k\u0131c\u0131!\u201d\u201cFelsefeyi anlamak \u00e7ok zor!\u201d\u201c\u00c7okbilmi\u015f! Felsefe yapma!\u201d Bu t\u00fcr yorumlar\u0131 s\u0131k s\u0131k duyuyor olabilirsiniz. Halbuki felsefe, herkesin g\u00fcnl\u00fck ya\u015fam\u0131nda uygulayabilece\u011fi bir d\u00fc\u015f\u00fcnme prati\u011fidir. Yirmi b\u00f6l\u00fcmden olu\u015fan bu kitap, asl\u0131nda felsefenin ne kadar e\u011flenceli, zihin a\u00e7\u0131c\u0131 ve yarat\u0131c\u0131 olabilece\u011fini g\u00f6stermeyi ama\u00e7layan bir \u00e7al\u0131\u015fma. Felsefenin sadece teoriyi de\u011fil, hayata dair cevaplar\u0131 da sunabildi\u011fini anlat\u0131yor. \u0130ster tek ba\u015f\u0131n\u0131za ister arkada\u015flar\u0131n\u0131zla birlikte \u00e7e\u015fitli hik\u00e2yeler ve sorular \u00fczerinden felsefe yapabilece\u011finiz bu b\u00f6l\u00fcmlerde, \u00fcnl\u00fc filozoflar\u0131n d\u00fc\u015f\u00fcnceleri kolay anla\u015f\u0131l\u0131r bir dille yer al\u0131yor. Hayat\u0131n her alan\u0131nda, cevab\u0131n\u0131 bulamad\u0131\u011f\u0131m\u0131z sorular felsefi d\u00fc\u015f\u00fcncenin rehberli\u011finde farkl\u0131 bir perspektifle ayd\u0131nl\u0131\u011fa kavu\u015fmay\u0131 bekliyor. <\/p>\n","protected":false},"excerpt":{"rendered":"<p>HAYATI SORGULAYAN HERKES \u0130\u00c7\u0130N FELSEFE! \u201cFelsefe \u00e7ok s\u0131k\u0131c\u0131!\u201d\u201cFelsefeyi anlamak \u00e7ok zor!\u201d\u201c\u00c7okbilmi\u015f! Felsefe yapma!\u201d Bu t\u00fcr yorumlar\u0131 s\u0131k s\u0131k duyuyor olabilirsiniz. Halbuki felsefe, herkesin g\u00fcnl\u00fck ya\u015fam\u0131nda uygulayabilece\u011fi<span class=\"excerpt-hellip\"> [\u2026]<\/span><\/p>\n","protected":false},"featured_media":0,"template":"","meta":{"_monsterinsights_skip_tracking":false,"_monsterinsights_sitenote_active":false,"_monsterinsights_sitenote_note":"","_monsterinsights_sitenote_category":0},"product_brand":[],"product_cat":[12388],"product_tag":[],"class_list":{"0":"post-766238","1":"product","2":"type-product","3":"status-publish","5":"product_cat-felsefe","6":"pa_cilt-ciltsiz","7":"pa_tur-kitap","8":"pa_yayinevi-destek-yayinlari","9":"pa_yazar-cagla-ozden","11":"first","12":"instock","13":"sale","14":"shipping-taxable","15":"purchasable","16":"product-type-simple"},"_links":{"self":[{"href":"https:\/\/roveyayinevi.com.tr\/index.php\/wp-json\/wp\/v2\/product\/766238","targetHints":{"allow":["GET"]}}],"collection":[{"href":"https:\/\/roveyayinevi.com.tr\/index.php\/wp-json\/wp\/v2\/product"}],"about":[{"href":"https:\/\/roveyayinevi.com.tr\/index.php\/wp-json\/wp\/v2\/types\/product"}],"wp:attachment":[{"href":"https:\/\/roveyayinevi.com.tr\/index.php\/wp-json\/wp\/v2\/media?parent=766238"}],"wp:term":[{"taxonomy":"product_brand","embeddable":true,"href":"https:\/\/roveyayinevi.com.tr\/index.php\/wp-json\/wp\/v2\/product_brand?post=766238"},{"taxonomy":"product_cat","embeddable":true,"href":"https:\/\/roveyayinevi.com.tr\/index.php\/wp-json\/wp\/v2\/product_cat?post=766238"},{"taxonomy":"product_tag","embeddable":true,"href":"https:\/\/roveyayinevi.com.tr\/index.php\/wp-json\/wp\/v2\/product_tag?post=766238"}],"curies":[{"name":"wp","href":"https:\/\/api.w.org\/{rel}","templated":true}]}}