{"id":766237,"date":"2025-08-28T12:07:02","date_gmt":"2025-08-28T09:07:02","guid":{"rendered":"https:\/\/roveyayinevi.com.tr\/index.php\/urun\/hassas-bir-kalp-2\/"},"modified":"2026-04-15T03:32:08","modified_gmt":"2026-04-15T00:32:08","slug":"hassas-bir-kalp-2","status":"publish","type":"product","link":"https:\/\/roveyayinevi.com.tr\/index.php\/urun\/hassas-bir-kalp-2\/","title":{"rendered":"Hassas Bir Kalp"},"content":{"rendered":"<p>\u201c\u0130STED\u0130KLER\u0130 KADAR KONU\u015eSUNLAR.BEN\u0130M YANIMDA SEN OLSAN YETER.\u201d   SA\u011eLI\u011eINA KAVU\u015eAN L\u0130ANDRO, D\u00dcK\u2019\u00dcN V\u00c2R\u0130S\u0130 OLMAK \u0130\u00c7\u0130N DERSLERE BA\u015eLADI, EVEL\u0130NA \u0130SE SIRADAN H\u0130ZMET\u00c7\u0130 YA\u015eAMINA GER\u0130 D\u00d6ND\u00dc ANCAK&#8230;   Y\u00dcRE\u011e\u0130N\u0130 \u0130LK DEFA A\u00c7TI\u011eI K\u0130\u015e\u0130 EVEL\u0130NA OLDU\u011eUNDAN ONA SAH\u0130P \u00c7IKMA \u0130STE\u011e\u0130 M\u0130 ORTAYA \u00c7IKIYOR ACABA? L\u0130ANDRO, EVEL\u0130NA\u2019YI YANINDAN AYIRMAYIP ONA OLAN SEVG\u0130S\u0130N\u0130 G\u00d6STERMEKTEN \u00c7EK\u0130NMED\u0130.   SIRADAN B\u0130R H\u0130ZMET\u00c7\u0130 \u0130LE SOYLU B\u0130R EFEND\u0130 ARASINDAK\u0130 SKANDAL, D\u00dcK\u2019\u00dcN A\u0130LES\u0130N\u0130N D\u0130KKAT\u0130N\u0130 BU \u0130K\u0130L\u0130N\u0130N \u00dcZER\u0130NE \u00c7EKER. EVEL\u0130NA BU RAHATSIZ ED\u0130C\u0130 S\u00d6YLENT\u0130LERDEN KURTULMAK \u0130\u00c7\u0130N L\u0130ANDRO \u0130LE ARASINA MESAFE KOYMAYA \u00c7ALI\u015eIR ANCAK&#8230; <\/p>\n","protected":false},"excerpt":{"rendered":"<p>\u201c\u0130STED\u0130KLER\u0130 KADAR KONU\u015eSUNLAR.BEN\u0130M YANIMDA SEN OLSAN YETER.\u201d SA\u011eLI\u011eINA KAVU\u015eAN L\u0130ANDRO, D\u00dcK\u2019\u00dcN V\u00c2R\u0130S\u0130 OLMAK \u0130\u00c7\u0130N DERSLERE BA\u015eLADI, EVEL\u0130NA \u0130SE SIRADAN H\u0130ZMET\u00c7\u0130 YA\u015eAMINA GER\u0130 D\u00d6ND\u00dc ANCAK&#8230; Y\u00dcRE\u011e\u0130N\u0130 \u0130LK<span class=\"excerpt-hellip\"> [\u2026]<\/span><\/p>\n","protected":false},"featured_media":0,"template":"","meta":{"_monsterinsights_skip_tracking":false,"_monsterinsights_sitenote_active":false,"_monsterinsights_sitenote_note":"","_monsterinsights_sitenote_category":0},"product_brand":[],"product_cat":[12416,12291],"product_tag":[],"class_list":{"0":"post-766237","1":"product","2":"type-product","3":"status-publish","5":"product_cat-cizgi-roman","6":"product_cat-edebiyat","7":"pa_cilt-ciltsiz","8":"pa_tur-kitap","9":"pa_yayinevi-athica-yayinlari","10":"pa_yazar-jooahri","12":"first","13":"instock","14":"sale","15":"shipping-taxable","16":"purchasable","17":"product-type-simple"},"_links":{"self":[{"href":"https:\/\/roveyayinevi.com.tr\/index.php\/wp-json\/wp\/v2\/product\/766237","targetHints":{"allow":["GET"]}}],"collection":[{"href":"https:\/\/roveyayinevi.com.tr\/index.php\/wp-json\/wp\/v2\/product"}],"about":[{"href":"https:\/\/roveyayinevi.com.tr\/index.php\/wp-json\/wp\/v2\/types\/product"}],"wp:attachment":[{"href":"https:\/\/roveyayinevi.com.tr\/index.php\/wp-json\/wp\/v2\/media?parent=766237"}],"wp:term":[{"taxonomy":"product_brand","embeddable":true,"href":"https:\/\/roveyayinevi.com.tr\/index.php\/wp-json\/wp\/v2\/product_brand?post=766237"},{"taxonomy":"product_cat","embeddable":true,"href":"https:\/\/roveyayinevi.com.tr\/index.php\/wp-json\/wp\/v2\/product_cat?post=766237"},{"taxonomy":"product_tag","embeddable":true,"href":"https:\/\/roveyayinevi.com.tr\/index.php\/wp-json\/wp\/v2\/product_tag?post=766237"}],"curies":[{"name":"wp","href":"https:\/\/api.w.org\/{rel}","templated":true}]}}