{"id":766236,"date":"2025-08-28T12:06:59","date_gmt":"2025-08-28T09:06:59","guid":{"rendered":"https:\/\/roveyayinevi.com.tr\/index.php\/urun\/metal-firtina-4\/"},"modified":"2026-04-15T03:32:08","modified_gmt":"2026-04-15T00:32:08","slug":"metal-firtina-4","status":"publish","type":"product","link":"https:\/\/roveyayinevi.com.tr\/index.php\/urun\/metal-firtina-4\/","title":{"rendered":"Metal F\u0131rt\u0131na 4"},"content":{"rendered":"<p>Bu maceran\u0131n sonu gelmez! Nefes nefese, kana kan, di\u015fe di\u015f m\u00fccadele, b\u00fct\u00fcn \u015fiddetiyle devam ediyor: Metal F\u0131rt\u0131na 4 Gizli G\u00fc\u00e7 Tuza\u011fa d\u00fc\u015f\u00fcr\u00fclen Gri Tak\u0131m\u2019\u0131n hangi \u00fcyeleri kurtuldu? D\u00fcnyaya diz \u00e7\u00f6kt\u00fcrmeye yeminli Elan Rahu, Gri Tak\u0131m\u2019\u0131 bu kez ortadan kald\u0131rabilecek mi? Gizli silahlar k\u0131l\u0131flar\u0131ndan \u00e7\u0131k\u0131yor mu? T\u00fcrkiye\u2019nin \u201cgizli g\u00fcc\u00fc\u201d harekete ge\u00e7iyor mu? \u201cMetal F\u0131rt\u0131na\u201d operasyonu kahramanlar\u0131 G\u00f6khan ve Mert ne yapacak? <\/p>\n","protected":false},"excerpt":{"rendered":"<p>Bu maceran\u0131n sonu gelmez! Nefes nefese, kana kan, di\u015fe di\u015f m\u00fccadele, b\u00fct\u00fcn \u015fiddetiyle devam ediyor: Metal F\u0131rt\u0131na 4 Gizli G\u00fc\u00e7 Tuza\u011fa d\u00fc\u015f\u00fcr\u00fclen Gri Tak\u0131m\u2019\u0131n hangi \u00fcyeleri<span class=\"excerpt-hellip\"> [\u2026]<\/span><\/p>\n","protected":false},"featured_media":0,"template":"","meta":{"_monsterinsights_skip_tracking":false,"_monsterinsights_sitenote_active":false,"_monsterinsights_sitenote_note":"","_monsterinsights_sitenote_category":0},"product_brand":[],"product_cat":[12291,12711],"product_tag":[],"class_list":{"0":"post-766236","1":"product","2":"type-product","3":"status-publish","5":"product_cat-edebiyat","6":"product_cat-roman-oyku","7":"pa_cilt-ciltsiz","8":"pa_tur-kitap","9":"pa_yayinevi-destek-yayinlari","10":"pa_yazar-burak-turna","12":"first","13":"instock","14":"sale","15":"shipping-taxable","16":"purchasable","17":"product-type-simple"},"_links":{"self":[{"href":"https:\/\/roveyayinevi.com.tr\/index.php\/wp-json\/wp\/v2\/product\/766236","targetHints":{"allow":["GET"]}}],"collection":[{"href":"https:\/\/roveyayinevi.com.tr\/index.php\/wp-json\/wp\/v2\/product"}],"about":[{"href":"https:\/\/roveyayinevi.com.tr\/index.php\/wp-json\/wp\/v2\/types\/product"}],"wp:attachment":[{"href":"https:\/\/roveyayinevi.com.tr\/index.php\/wp-json\/wp\/v2\/media?parent=766236"}],"wp:term":[{"taxonomy":"product_brand","embeddable":true,"href":"https:\/\/roveyayinevi.com.tr\/index.php\/wp-json\/wp\/v2\/product_brand?post=766236"},{"taxonomy":"product_cat","embeddable":true,"href":"https:\/\/roveyayinevi.com.tr\/index.php\/wp-json\/wp\/v2\/product_cat?post=766236"},{"taxonomy":"product_tag","embeddable":true,"href":"https:\/\/roveyayinevi.com.tr\/index.php\/wp-json\/wp\/v2\/product_tag?post=766236"}],"curies":[{"name":"wp","href":"https:\/\/api.w.org\/{rel}","templated":true}]}}