{"id":766235,"date":"2025-08-28T12:06:57","date_gmt":"2025-08-28T09:06:57","guid":{"rendered":"https:\/\/roveyayinevi.com.tr\/index.php\/urun\/dan-ve-istanbulun-hayaletleri\/"},"modified":"2026-04-15T03:32:08","modified_gmt":"2026-04-15T00:32:08","slug":"dan-ve-istanbulun-hayaletleri","status":"publish","type":"product","link":"https:\/\/roveyayinevi.com.tr\/index.php\/urun\/dan-ve-istanbulun-hayaletleri\/","title":{"rendered":"Dan ve \u0130stanbul&#8217;un Hayaletleri"},"content":{"rendered":"<p>Dan, s\u0131radan olmas\u0131n\u0131 umdu\u011fu bir okul gezisi i\u00e7in \u0130stanbul\u2019a gelir ama bela yine pe\u015fini b\u0131rakmaz. S\u00f6ylentiye g\u00f6re \u0130stanbul, \u00fc\u00e7 hayalet muhaf\u0131z taraf\u0131ndan korunmaktad\u0131r. Muhaf\u0131zlar halk\u0131 bir konuda uyarmaya \u00e7al\u0131\u015f\u0131yordur: Ac\u0131mas\u0131z bir arkeolog, \u0130stanbul\u2019u ayakta tutan Medusa\u2019n\u0131n Kalbi\u2019ni \u00e7almak i\u00e7in yer alt\u0131nda kaz\u0131lar yap\u0131yordur. Efsaneye g\u00f6re biri bu kalbi bulup oldu\u011fu yerden al\u0131rsa \u0130stanbul yerle bir olacakt\u0131r. Bu hayalet muhaf\u0131zlar\u0131n yery\u00fcz\u00fcndeki tek ileti\u015fim kayna\u011f\u0131 ise Zeynep ad\u0131nda bir k\u0131zd\u0131r. Ne tesad\u00fcf ki Zeynep, Dan\u2019in kald\u0131\u011f\u0131 otelde \u00e7al\u0131\u015fmaktad\u0131r. Hayaletleri duyabilen Zeynep ve onlar\u0131 g\u00f6rebilen Dan, kalbin \u00e7al\u0131nmas\u0131n\u0131 \u00f6nleyip \u0130stanbul\u2019u kurtarabilecek mi? Yoksa kadim \u015fehir sonsuza kadar yok mu olacak?<\/p>\n","protected":false},"excerpt":{"rendered":"<p>Dan, s\u0131radan olmas\u0131n\u0131 umdu\u011fu bir okul gezisi i\u00e7in \u0130stanbul\u2019a gelir ama bela yine pe\u015fini b\u0131rakmaz. S\u00f6ylentiye g\u00f6re \u0130stanbul, \u00fc\u00e7 hayalet muhaf\u0131z taraf\u0131ndan korunmaktad\u0131r. Muhaf\u0131zlar halk\u0131 bir<span class=\"excerpt-hellip\"> [\u2026]<\/span><\/p>\n","protected":false},"featured_media":0,"template":"","meta":{"_monsterinsights_skip_tracking":false,"_monsterinsights_sitenote_active":false,"_monsterinsights_sitenote_note":"","_monsterinsights_sitenote_category":0},"product_brand":[],"product_cat":[12274,12284],"product_tag":[],"class_list":{"0":"post-766235","1":"product","2":"type-product","3":"status-publish","5":"product_cat-cocuk-ve-genclik-kitaplari","6":"product_cat-hikayeler","7":"pa_cilt-ciltsiz","8":"pa_tur-kitap","9":"pa_yayinevi-genc-timas","10":"pa_yazar-thomas-taylor","12":"first","13":"instock","14":"sale","15":"shipping-taxable","16":"purchasable","17":"product-type-simple"},"_links":{"self":[{"href":"https:\/\/roveyayinevi.com.tr\/index.php\/wp-json\/wp\/v2\/product\/766235","targetHints":{"allow":["GET"]}}],"collection":[{"href":"https:\/\/roveyayinevi.com.tr\/index.php\/wp-json\/wp\/v2\/product"}],"about":[{"href":"https:\/\/roveyayinevi.com.tr\/index.php\/wp-json\/wp\/v2\/types\/product"}],"wp:attachment":[{"href":"https:\/\/roveyayinevi.com.tr\/index.php\/wp-json\/wp\/v2\/media?parent=766235"}],"wp:term":[{"taxonomy":"product_brand","embeddable":true,"href":"https:\/\/roveyayinevi.com.tr\/index.php\/wp-json\/wp\/v2\/product_brand?post=766235"},{"taxonomy":"product_cat","embeddable":true,"href":"https:\/\/roveyayinevi.com.tr\/index.php\/wp-json\/wp\/v2\/product_cat?post=766235"},{"taxonomy":"product_tag","embeddable":true,"href":"https:\/\/roveyayinevi.com.tr\/index.php\/wp-json\/wp\/v2\/product_tag?post=766235"}],"curies":[{"name":"wp","href":"https:\/\/api.w.org\/{rel}","templated":true}]}}