{"id":766234,"date":"2025-08-28T12:06:56","date_gmt":"2025-08-28T09:06:56","guid":{"rendered":"https:\/\/roveyayinevi.com.tr\/index.php\/urun\/dunyayi-gulduren-superstar-nasreddin-hoca\/"},"modified":"2026-04-15T03:32:08","modified_gmt":"2026-04-15T00:32:08","slug":"dunyayi-gulduren-superstar-nasreddin-hoca","status":"publish","type":"product","link":"https:\/\/roveyayinevi.com.tr\/index.php\/urun\/dunyayi-gulduren-superstar-nasreddin-hoca\/","title":{"rendered":"D\u00fcnyay\u0131 G\u00fcld\u00fcren S\u00fcperstar &#8211; Nasreddin Hoca"},"content":{"rendered":"<p>Bol bol g\u00fclmeye, g\u00fclerken ince ince d\u00fc\u015f\u00fcnmeye haz\u0131r m\u0131s\u0131n? Cevab\u0131n kocaman bir \u2018eveeet\u2019 ise f\u0131kralar\u0131 ve hik\u00e2yeleriyle d\u00fcnyay\u0131 k\u0131k\u0131r k\u0131k\u0131r g\u00fcld\u00fcren Nasreddin Hoca\u2019yla tan\u0131\u015fabilirsin. Onunla ilgili ne s\u00f6ylesek eksik kal\u0131r. Onu ne kadar anlatsak bitiremeyiz. Elinde s\u0131k\u0131 s\u0131k\u0131 tuttu\u011fun kitapta Nasreddin Hoca\u2019n\u0131n hayat\u0131n\u0131 ve ya\u015fad\u0131\u011f\u0131 d\u00f6nemi ke\u015ffedecek, m\u00fcthi\u015f f\u0131kralar\u0131yla ne\u015fene ne\u015fe katacaks\u0131n. \u00dcstelik her bir f\u0131kras\u0131nda m\u00fcthi\u015f hayat derslerine \u015fahit olacaks\u0131n.Haydi, acele et; Nasreddin Hoca\u2019n\u0131n e\u011flenceli d\u00fcnyas\u0131 seni bekliyor!<\/p>\n","protected":false},"excerpt":{"rendered":"<p>Bol bol g\u00fclmeye, g\u00fclerken ince ince d\u00fc\u015f\u00fcnmeye haz\u0131r m\u0131s\u0131n? Cevab\u0131n kocaman bir \u2018eveeet\u2019 ise f\u0131kralar\u0131 ve hik\u00e2yeleriyle d\u00fcnyay\u0131 k\u0131k\u0131r k\u0131k\u0131r g\u00fcld\u00fcren Nasreddin Hoca\u2019yla tan\u0131\u015fabilirsin. Onunla ilgili<span class=\"excerpt-hellip\"> [\u2026]<\/span><\/p>\n","protected":false},"featured_media":0,"template":"","meta":{"_monsterinsights_skip_tracking":false,"_monsterinsights_sitenote_active":false,"_monsterinsights_sitenote_note":"","_monsterinsights_sitenote_category":0},"product_brand":[],"product_cat":[12274,12284],"product_tag":[],"class_list":{"0":"post-766234","1":"product","2":"type-product","3":"status-publish","5":"product_cat-cocuk-ve-genclik-kitaplari","6":"product_cat-hikayeler","7":"pa_cilt-ciltsiz","8":"pa_tur-kitap","9":"pa_yayinevi-eglenceli-bilgi-yayinlari","10":"pa_yazar-mazlum-akin","12":"first","13":"instock","14":"sale","15":"shipping-taxable","16":"purchasable","17":"product-type-simple"},"_links":{"self":[{"href":"https:\/\/roveyayinevi.com.tr\/index.php\/wp-json\/wp\/v2\/product\/766234","targetHints":{"allow":["GET"]}}],"collection":[{"href":"https:\/\/roveyayinevi.com.tr\/index.php\/wp-json\/wp\/v2\/product"}],"about":[{"href":"https:\/\/roveyayinevi.com.tr\/index.php\/wp-json\/wp\/v2\/types\/product"}],"wp:attachment":[{"href":"https:\/\/roveyayinevi.com.tr\/index.php\/wp-json\/wp\/v2\/media?parent=766234"}],"wp:term":[{"taxonomy":"product_brand","embeddable":true,"href":"https:\/\/roveyayinevi.com.tr\/index.php\/wp-json\/wp\/v2\/product_brand?post=766234"},{"taxonomy":"product_cat","embeddable":true,"href":"https:\/\/roveyayinevi.com.tr\/index.php\/wp-json\/wp\/v2\/product_cat?post=766234"},{"taxonomy":"product_tag","embeddable":true,"href":"https:\/\/roveyayinevi.com.tr\/index.php\/wp-json\/wp\/v2\/product_tag?post=766234"}],"curies":[{"name":"wp","href":"https:\/\/api.w.org\/{rel}","templated":true}]}}