{"id":766232,"date":"2025-08-28T12:06:52","date_gmt":"2025-08-28T09:06:52","guid":{"rendered":"https:\/\/roveyayinevi.com.tr\/index.php\/urun\/ihtilal-2-zede-ciltli\/"},"modified":"2026-04-15T03:32:08","modified_gmt":"2026-04-15T00:32:08","slug":"ihtilal-2-zede-ciltli","status":"publish","type":"product","link":"https:\/\/roveyayinevi.com.tr\/index.php\/urun\/ihtilal-2-zede-ciltli\/","title":{"rendered":"\u0130htilal 2 &#8211; Zede (Ciltli)"},"content":{"rendered":"<p>Bir kader, bir ba\u015fka kaderle birle\u015fip d\u00fc\u011f\u00fcm olu\u015fturdu\u011funda, o d\u00fc\u011f\u00fcm\u00fc ecel bile \u00e7\u00f6zemez. Ya\u015fam ve \u00f6l\u00fcm, bir virajda birbirlerine rastlad\u0131klar\u0131nda, muhakkak ikisinden biri \u015farampole yuvarlan\u0131r.     Zeliha, bir \u015fafak vakti hayat\u0131na giren Gurur\u2019un karanl\u0131\u011f\u0131na usul usul kendi renklerini ak\u0131tmaya ba\u015flar. \u015eafa\u011f\u0131n alacal\u0131 tonlar\u0131 gibi, Gurur\u2019un karanl\u0131\u011f\u0131n\u0131 \u015fafa\u011fa boyar. Birbirlerine geri d\u00f6n\u00fclemez bir \u015fekilde \u00e2\u015f\u0131k olan Zeliha ve Gurur, el ele girdikleri evin kap\u0131s\u0131n\u0131n d\u0131\u015f\u0131nda onlar\u0131 bekleyen zifir\u00ee geceden bihaberdirler.   Saat sabaha kar\u015f\u0131 03.03\u2019\u00fc i\u015faret etti. Gece ve r\u00fczg\u00e2r\u0131 hissediyordu. Bu, kur\u015fun askerin tek baca\u011f\u0131yla, dans\u0131n\u0131 sona erdirmi\u015f balerinin k\u0131r\u0131klar\u0131n\u0131 toplamak i\u00e7in s\u00fcr\u00fcnerek ona ilerledi\u011fi ilk and\u0131. Bu, \u015fafa\u011f\u0131n zedelendi\u011fi ilk and\u0131. <\/p>\n","protected":false},"excerpt":{"rendered":"<p>Bir kader, bir ba\u015fka kaderle birle\u015fip d\u00fc\u011f\u00fcm olu\u015fturdu\u011funda, o d\u00fc\u011f\u00fcm\u00fc ecel bile \u00e7\u00f6zemez. Ya\u015fam ve \u00f6l\u00fcm, bir virajda birbirlerine rastlad\u0131klar\u0131nda, muhakkak ikisinden biri \u015farampole yuvarlan\u0131r. Zeliha,<span class=\"excerpt-hellip\"> [\u2026]<\/span><\/p>\n","protected":false},"featured_media":0,"template":"","meta":{"_monsterinsights_skip_tracking":false,"_monsterinsights_sitenote_active":false,"_monsterinsights_sitenote_note":"","_monsterinsights_sitenote_category":0},"product_brand":[],"product_cat":[12291,12711],"product_tag":[],"class_list":{"0":"post-766232","1":"product","2":"type-product","3":"status-publish","5":"product_cat-edebiyat","6":"product_cat-roman-oyku","7":"pa_cilt-ciltli","8":"pa_tur-kitap","9":"pa_yayinevi-dokuz-yayinlari","10":"pa_yazar-binnur-safak-nigiz","12":"first","13":"instock","14":"sale","15":"shipping-taxable","16":"purchasable","17":"product-type-simple"},"_links":{"self":[{"href":"https:\/\/roveyayinevi.com.tr\/index.php\/wp-json\/wp\/v2\/product\/766232","targetHints":{"allow":["GET"]}}],"collection":[{"href":"https:\/\/roveyayinevi.com.tr\/index.php\/wp-json\/wp\/v2\/product"}],"about":[{"href":"https:\/\/roveyayinevi.com.tr\/index.php\/wp-json\/wp\/v2\/types\/product"}],"wp:attachment":[{"href":"https:\/\/roveyayinevi.com.tr\/index.php\/wp-json\/wp\/v2\/media?parent=766232"}],"wp:term":[{"taxonomy":"product_brand","embeddable":true,"href":"https:\/\/roveyayinevi.com.tr\/index.php\/wp-json\/wp\/v2\/product_brand?post=766232"},{"taxonomy":"product_cat","embeddable":true,"href":"https:\/\/roveyayinevi.com.tr\/index.php\/wp-json\/wp\/v2\/product_cat?post=766232"},{"taxonomy":"product_tag","embeddable":true,"href":"https:\/\/roveyayinevi.com.tr\/index.php\/wp-json\/wp\/v2\/product_tag?post=766232"}],"curies":[{"name":"wp","href":"https:\/\/api.w.org\/{rel}","templated":true}]}}