{"id":766230,"date":"2025-08-28T12:06:48","date_gmt":"2025-08-28T09:06:48","guid":{"rendered":"https:\/\/roveyayinevi.com.tr\/index.php\/urun\/marifet-kapisi\/"},"modified":"2026-04-15T03:32:08","modified_gmt":"2026-04-15T00:32:08","slug":"marifet-kapisi","status":"publish","type":"product","link":"https:\/\/roveyayinevi.com.tr\/index.php\/urun\/marifet-kapisi\/","title":{"rendered":"Marifet Kap\u0131s\u0131"},"content":{"rendered":"<p>Osmanl\u0131 devlet kademelerinde g\u00f6rev yapm\u0131\u015f zevat\u0131n yak\u0131n akrabalar\u0131ndan biri olan Cem\u00e2l-i Halvet\u00ee \u0130slami ilimlerin pek \u00e7o\u011funda kesb-i h\u00fcner sahibidir. Bu y\u00f6n\u00fcyle ya\u015fad\u0131\u011f\u0131 15. y\u00fczy\u0131lda Halvetilik gibi en yayg\u0131n tarikat\u0131n \u0130stanbul&#8217;da temsilcili\u011fini \u00fcstlenebilmi\u015f ve kendi ad\u0131yla an\u0131lan kolunun kurucusu olmu\u015ftur. Tasavvuf tarihi a\u00e7\u0131s\u0131ndan \u00e7ok \u00f6nemli bir yere sahip olan Cem\u00e2l-i Halvet\u00ee&#8217;nin ilk defa yay\u0131mlanan bu eserinde, Gazz\u00e2l\u00ee&#8217;den \u0130bn\u00fc&#8217;l-Arab\u00ee&#8217;ye irfan d\u00fcnyas\u0131n\u0131n pek \u00e7ok b\u00fcy\u00fck \u015fahsiyetinin risaleleri \u015ferh edilmektedir.Cem\u00e2l-i Halvet\u00ee\u2019nin tasavvuf\u00ee yakla\u015f\u0131mlar\u0131 ile kaleme ald\u0131\u011f\u0131 bu eser, ilahi hakikatlerin yorumu ve insan ruhunun manev\u00ee mertebeleri \u00fczerinde kapsaml\u0131 bir i\u015fari tefsir y\u00f6ntemini benimsemektedir. Z\u00fchd, ihlas, tevekk\u00fcl, teslimiyet ve ilahi a\u015fk gibi tasavvuf\u00ee kavramlar, geni\u015f bir ilm\u00ee bak\u0131\u015f a\u00e7\u0131s\u0131yla ele al\u0131nmaktad\u0131r.Eser, klasik tasavvuf literat\u00fcr\u00fcne yeni bir katk\u0131 sunarken, Halvet\u00ee\u2019nin i\u015fari tefsir ve tasavvuf\u00ee yorumlar\u0131na da \u0131\u015f\u0131k tutmaktad\u0131r. \u0130lk defa yay\u0131mlanan bu yedi risale, ilim ve marifet yolculu\u011funda olanlar i\u00e7in hem akademik bir kaynak hem de tasavvuf\u00ee d\u00fc\u015f\u00fcncenin zengin miras\u0131na a\u00e7\u0131lan bir kap\u0131d\u0131r.<\/p>\n","protected":false},"excerpt":{"rendered":"<p>Osmanl\u0131 devlet kademelerinde g\u00f6rev yapm\u0131\u015f zevat\u0131n yak\u0131n akrabalar\u0131ndan biri olan Cem\u00e2l-i Halvet\u00ee \u0130slami ilimlerin pek \u00e7o\u011funda kesb-i h\u00fcner sahibidir. Bu y\u00f6n\u00fcyle ya\u015fad\u0131\u011f\u0131 15. y\u00fczy\u0131lda Halvetilik gibi<span class=\"excerpt-hellip\"> [\u2026]<\/span><\/p>\n","protected":false},"featured_media":0,"template":"","meta":{"_monsterinsights_skip_tracking":false,"_monsterinsights_sitenote_active":false,"_monsterinsights_sitenote_note":"","_monsterinsights_sitenote_category":0},"product_brand":[],"product_cat":[12718,12719,15238],"product_tag":[],"class_list":{"0":"post-766230","1":"product","2":"type-product","3":"status-publish","5":"product_cat-din","6":"product_cat-islam","7":"product_cat-tasavvuf","8":"pa_cilt-ciltsiz","9":"pa_tur-kitap","10":"pa_yayinevi-sufi-kitap","11":"pa_yazar-cemal-halveti","13":"first","14":"instock","15":"sale","16":"shipping-taxable","17":"purchasable","18":"product-type-simple"},"_links":{"self":[{"href":"https:\/\/roveyayinevi.com.tr\/index.php\/wp-json\/wp\/v2\/product\/766230","targetHints":{"allow":["GET"]}}],"collection":[{"href":"https:\/\/roveyayinevi.com.tr\/index.php\/wp-json\/wp\/v2\/product"}],"about":[{"href":"https:\/\/roveyayinevi.com.tr\/index.php\/wp-json\/wp\/v2\/types\/product"}],"wp:attachment":[{"href":"https:\/\/roveyayinevi.com.tr\/index.php\/wp-json\/wp\/v2\/media?parent=766230"}],"wp:term":[{"taxonomy":"product_brand","embeddable":true,"href":"https:\/\/roveyayinevi.com.tr\/index.php\/wp-json\/wp\/v2\/product_brand?post=766230"},{"taxonomy":"product_cat","embeddable":true,"href":"https:\/\/roveyayinevi.com.tr\/index.php\/wp-json\/wp\/v2\/product_cat?post=766230"},{"taxonomy":"product_tag","embeddable":true,"href":"https:\/\/roveyayinevi.com.tr\/index.php\/wp-json\/wp\/v2\/product_tag?post=766230"}],"curies":[{"name":"wp","href":"https:\/\/api.w.org\/{rel}","templated":true}]}}