{"id":766229,"date":"2025-08-28T12:06:14","date_gmt":"2025-08-28T09:06:14","guid":{"rendered":"https:\/\/roveyayinevi.com.tr\/index.php\/urun\/itaat-etudu\/"},"modified":"2026-04-15T03:32:08","modified_gmt":"2026-04-15T00:32:08","slug":"itaat-etudu","status":"publish","type":"product","link":"https:\/\/roveyayinevi.com.tr\/index.php\/urun\/itaat-etudu\/","title":{"rendered":"\u0130taat Et\u00fcd\u00fc"},"content":{"rendered":"<p>Gen\u00e7 bir kad\u0131n, e\u015fi taraf\u0131ndan terk edilen abisine hizmet etmek i\u00e7in, do\u011fdu\u011fu yerden uzak bir kuzey \u00fclkesine, bir zamanlar atalar\u0131n\u0131n ya\u015fad\u0131\u011f\u0131 k\u00fc\u00e7\u00fck kasabaya ta\u015f\u0131n\u0131r. Hat\u0131rlamak istemedi\u011fi kadar \u00e7ok say\u0131daki karde\u015fin en k\u00fc\u00e7\u00fc\u011f\u00fcd\u00fcr; kendini bildi bileli di\u011ferlerine bakm\u0131\u015f, itaat ve ba\u011fl\u0131l\u0131kta kusur etmemi\u015ftir. Kasabaya geldikten bir s\u00fcre sonra a\u00e7\u0131klamas\u0131 g\u00fc\u00e7 olaylar ve kay\u0131plar ba\u015f g\u00f6sterir: toplu bir s\u0131\u011f\u0131r isterisi, bir koyunun ve yeni do\u011fan kuzusunun \u00f6l\u00fcm\u00fc, bir k\u00f6pe\u011fin yalanc\u0131 gebeli\u011fi&#8230; Kasabal\u0131lar\u0131n yabanc\u0131lara duydu\u011fu \u015f\u00fcphe gen\u00e7 kad\u0131na y\u00f6nelir. Ne kadar \u00e7abalarsa \u00e7abalas\u0131n, kendisine d\u00f6n\u00fck d\u00fc\u015fmanl\u0131k her ge\u00e7en g\u00fcn b\u00fcy\u00fcr ve abisinin m\u00fclk\u00fcn\u00fcn s\u0131n\u0131rlar\u0131na kadar dayan\u0131r. Evde de i\u015fler iyiye gitmez, t\u00fcm \u00f6zenine ra\u011fmen gizemli bir hastal\u0131k abisini de vurur\u2026 2023\u2019te Granta taraf\u0131ndan en iyi gen\u00e7 romanc\u0131lar aras\u0131nda g\u00f6sterilen Sarah Bernstein, keskin ve \u015fiirsel bir dille su\u00e7 ortakl\u0131\u011f\u0131, iktidar, k\u00f6klerinden s\u00f6k\u00fclme kavramlar\u0131n\u0131 irdeliyor. Ku\u015fa\u011f\u0131n\u0131n en heyecan verici kalemlerinden biri olan Bernstein\u2019i okurla tan\u0131\u015ft\u0131ran \u0130taat Et\u00fcd\u00fc, derin ve rahats\u0131z edici bir roman. \u201cAidiyetsizli\u011fin, kimlik aray\u0131\u015f\u0131n\u0131n, zaman ve mek\u00e2nda s\u0131k\u0131\u015f\u0131p kalm\u0131\u015f \u015fiddetin e\u015fsiz ve tekinsiz portresi.\u201d \u2013GRANTA 2023 Booker \u00d6d\u00fcl\u00fc Finalisti Scotiabank Giller \u00d6d\u00fcl\u00fc Kazanan\u0131 <\/p>\n","protected":false},"excerpt":{"rendered":"<p>Gen\u00e7 bir kad\u0131n, e\u015fi taraf\u0131ndan terk edilen abisine hizmet etmek i\u00e7in, do\u011fdu\u011fu yerden uzak bir kuzey \u00fclkesine, bir zamanlar atalar\u0131n\u0131n ya\u015fad\u0131\u011f\u0131 k\u00fc\u00e7\u00fck kasabaya ta\u015f\u0131n\u0131r. Hat\u0131rlamak istemedi\u011fi<span class=\"excerpt-hellip\"> [\u2026]<\/span><\/p>\n","protected":false},"featured_media":0,"template":"","meta":{"_monsterinsights_skip_tracking":false,"_monsterinsights_sitenote_active":false,"_monsterinsights_sitenote_note":"","_monsterinsights_sitenote_category":0},"product_brand":[],"product_cat":[12291,12711],"product_tag":[],"class_list":{"0":"post-766229","1":"product","2":"type-product","3":"status-publish","5":"product_cat-edebiyat","6":"product_cat-roman-oyku","7":"pa_cilt-ciltsiz","8":"pa_tur-kitap","9":"pa_yayinevi-domingo-yayinevi","10":"pa_yazar-sarah-bernstein","12":"first","13":"instock","14":"sale","15":"shipping-taxable","16":"purchasable","17":"product-type-simple"},"_links":{"self":[{"href":"https:\/\/roveyayinevi.com.tr\/index.php\/wp-json\/wp\/v2\/product\/766229","targetHints":{"allow":["GET"]}}],"collection":[{"href":"https:\/\/roveyayinevi.com.tr\/index.php\/wp-json\/wp\/v2\/product"}],"about":[{"href":"https:\/\/roveyayinevi.com.tr\/index.php\/wp-json\/wp\/v2\/types\/product"}],"wp:attachment":[{"href":"https:\/\/roveyayinevi.com.tr\/index.php\/wp-json\/wp\/v2\/media?parent=766229"}],"wp:term":[{"taxonomy":"product_brand","embeddable":true,"href":"https:\/\/roveyayinevi.com.tr\/index.php\/wp-json\/wp\/v2\/product_brand?post=766229"},{"taxonomy":"product_cat","embeddable":true,"href":"https:\/\/roveyayinevi.com.tr\/index.php\/wp-json\/wp\/v2\/product_cat?post=766229"},{"taxonomy":"product_tag","embeddable":true,"href":"https:\/\/roveyayinevi.com.tr\/index.php\/wp-json\/wp\/v2\/product_tag?post=766229"}],"curies":[{"name":"wp","href":"https:\/\/api.w.org\/{rel}","templated":true}]}}