{"id":766228,"date":"2025-08-28T12:06:13","date_gmt":"2025-08-28T09:06:13","guid":{"rendered":"https:\/\/roveyayinevi.com.tr\/index.php\/urun\/imparatorlugun-tuna-donanmasi\/"},"modified":"2026-04-15T03:32:08","modified_gmt":"2026-04-15T00:32:08","slug":"imparatorlugun-tuna-donanmasi","status":"publish","type":"product","link":"https:\/\/roveyayinevi.com.tr\/index.php\/urun\/imparatorlugun-tuna-donanmasi\/","title":{"rendered":"\u0130mparatorlu\u011fun Tuna Donanmas\u0131"},"content":{"rendered":"<p>Bug\u00fcn on \u00fclkenin topraklar\u0131ndan ge\u00e7en Tuna Nehri, Osmanl\u0131lar d\u00f6neminde Avusturya\u2019dan sonra Osmanl\u0131 s\u0131n\u0131rlar\u0131 i\u00e7ine giriyor ve tamamen Osmanl\u0131 topraklar\u0131 \u00fczerinden Karadeniz\u2019e ula\u015f\u0131yordu. Tarih boyunca par\u00e7al\u0131 bir h\u00e2kimiyet alt\u0131nda olan bu uzun su yolunun Budape\u015fte\u2019den Karadeniz deltas\u0131na kadar tek bir g\u00fc\u00e7 olarak kontrol edilmesi, b\u00f6lgeye mahsus g\u00fc\u00e7l\u00fc bir donanma kurulmas\u0131n\u0131 gerektirmi\u015fti. Asker\u00ee harek\u00e2tlara nehir \u00fczerinden lojistik destek sa\u011flamak ve b\u00f6lgede g\u00fcvenli\u011fi tesis etmek amac\u0131yla kurulan Tuna Donanmas\u0131, \u00f6zellikle Balkanlar ve Orta Avrupa&#8217;da ger\u00e7ekle\u015ftirilen Osmanl\u0131 seferlerinde stratejik bir rol oynad\u0131. Nehir sava\u015flar\u0131na uygun, hafif ve h\u0131zl\u0131 gemilerden olu\u015fan donanma, Osmanl\u0131\u2019n\u0131n kara ve deniz g\u00fc\u00e7lerinin birle\u015fik operasyonlar\u0131nda kilit bir fakt\u00f6rd\u00fc.\u00b7       Osmanl\u0131-Rus ve Osmanl\u0131-Avusturya sava\u015flar\u0131nda \u00f6nemli g\u00f6revler \u00fcstlenen Tuna Donanmas\u0131\u2019n\u0131n te\u015fkilat yap\u0131s\u0131 nas\u0131ld\u0131?  Kapudanlar, ba\u015fbu\u011flar ve keth\u00fcdalar aras\u0131ndaki organizasyon hangi temeller \u00fczerine kurulmu\u015ftu?\u00b7       Tuna Donanmas\u0131\u2019nda hangi tip gemiler ne \u015fekilde kullan\u0131ld\u0131? Nehir donanmas\u0131n\u0131n gerekleri a\u00e7\u0131k deniz donanmalar\u0131ndan nerelerde ayr\u0131\u015f\u0131yordu?\u00b7       Donanma, sava\u015flarda nas\u0131l bir rol \u00fcstlendi? Nehrin muhafazas\u0131na ve sefer lojisti\u011fine yapt\u0131\u011f\u0131 katk\u0131lar nelerdi?\u00b7       Tuna Donanmas\u0131\u2019n\u0131n \u00fcstlendi\u011fi m\u00fchimmat, asker ve zahire nakilleri s\u0131ras\u0131nda ya\u015fananlar Osmanl\u0131\u2019n\u0131n idar\u00ee anlay\u0131\u015f\u0131na ve o g\u00fcnk\u00fc iktisad\u00ee ve sosyal ko\u015fullara dair neler s\u00f6yl\u00fcyordu?Dr. Seyfullah Aslan, b\u00f6lgede Osmanl\u0131 h\u00e2kimiyetinin korunmas\u0131 a\u00e7\u0131s\u0131ndan kritik bir rol \u00fcstlenen Tuna Donanmas\u0131\u2019n\u0131 II. Viyana Ku\u015fatmas\u0131\u2019ndan Pasarof\u00e7a\u2019ya uzanan evrede t\u00fcm boyutlar\u0131yla ele al\u0131yor.\u201cSeyfullah Aslan\u2019\u0131n \u0130mparatorlu\u011fun Tuna Donanmas\u0131, Te\u015fkil\u00e2t ve Faaliyetler (1683-1718) adl\u0131 kitab\u0131 nehir tarihleri alan\u0131na yeni bir ufuk getirecektir. Bu eseriyle yazar, sadece bir nehrin tarihini en iyi \u015fekilde ara\u015ft\u0131rman\u0131n yollar\u0131n\u0131 g\u00f6stermekle kalmam\u0131\u015f, ar\u015fiv belgelerinin girdaplar\u0131nda g\u00fcvenle dola\u015fman\u0131n ipu\u00e7lar\u0131n\u0131 da sunmu\u015ftur.\u201dProf. Dr. \u0130dris Bostan<\/p>\n","protected":false},"excerpt":{"rendered":"<p>Bug\u00fcn on \u00fclkenin topraklar\u0131ndan ge\u00e7en Tuna Nehri, Osmanl\u0131lar d\u00f6neminde Avusturya\u2019dan sonra Osmanl\u0131 s\u0131n\u0131rlar\u0131 i\u00e7ine giriyor ve tamamen Osmanl\u0131 topraklar\u0131 \u00fczerinden Karadeniz\u2019e ula\u015f\u0131yordu. Tarih boyunca par\u00e7al\u0131 bir<span class=\"excerpt-hellip\"> [\u2026]<\/span><\/p>\n","protected":false},"featured_media":0,"template":"","meta":{"_monsterinsights_skip_tracking":false,"_monsterinsights_sitenote_active":false,"_monsterinsights_sitenote_note":"","_monsterinsights_sitenote_category":0},"product_brand":[],"product_cat":[13517,12304],"product_tag":[],"class_list":{"0":"post-766228","1":"product","2":"type-product","3":"status-publish","5":"product_cat-osmanli-tarihi","6":"product_cat-tarih","7":"pa_cilt-ciltsiz","8":"pa_tur-kitap","9":"pa_yayinevi-timas-akademi-yayinlari","10":"pa_yazar-seyfullah-aslan","12":"first","13":"instock","14":"sale","15":"shipping-taxable","16":"purchasable","17":"product-type-simple"},"_links":{"self":[{"href":"https:\/\/roveyayinevi.com.tr\/index.php\/wp-json\/wp\/v2\/product\/766228","targetHints":{"allow":["GET"]}}],"collection":[{"href":"https:\/\/roveyayinevi.com.tr\/index.php\/wp-json\/wp\/v2\/product"}],"about":[{"href":"https:\/\/roveyayinevi.com.tr\/index.php\/wp-json\/wp\/v2\/types\/product"}],"wp:attachment":[{"href":"https:\/\/roveyayinevi.com.tr\/index.php\/wp-json\/wp\/v2\/media?parent=766228"}],"wp:term":[{"taxonomy":"product_brand","embeddable":true,"href":"https:\/\/roveyayinevi.com.tr\/index.php\/wp-json\/wp\/v2\/product_brand?post=766228"},{"taxonomy":"product_cat","embeddable":true,"href":"https:\/\/roveyayinevi.com.tr\/index.php\/wp-json\/wp\/v2\/product_cat?post=766228"},{"taxonomy":"product_tag","embeddable":true,"href":"https:\/\/roveyayinevi.com.tr\/index.php\/wp-json\/wp\/v2\/product_tag?post=766228"}],"curies":[{"name":"wp","href":"https:\/\/api.w.org\/{rel}","templated":true}]}}