{"id":766227,"date":"2025-08-28T12:06:11","date_gmt":"2025-08-28T09:06:11","guid":{"rendered":"https:\/\/roveyayinevi.com.tr\/index.php\/urun\/ahlak-felsefesinin-temelleri\/"},"modified":"2026-04-15T03:32:08","modified_gmt":"2026-04-15T00:32:08","slug":"ahlak-felsefesinin-temelleri","status":"publish","type":"product","link":"https:\/\/roveyayinevi.com.tr\/index.php\/urun\/ahlak-felsefesinin-temelleri\/","title":{"rendered":"Ahlak Felsefesinin Temelleri"},"content":{"rendered":"<p>On sekizinci y\u00fczy\u0131l \u0130sko\u00e7 Ayd\u0131nlanmas\u0131\u2019n\u0131n \u00f6nemli fig\u00fcrlerinden David Fordyce, bireysel \u00f6zg\u00fcrl\u00fckler, ekonomik geli\u015fme ve toplumsal ilerleme gibi konularda verimli tart\u0131\u015fmalar\u0131n oldu\u011fu bir d\u00f6neme ahlak felsefesi ve e\u011fitim alan\u0131ndaki fikirleriyle katk\u0131da bulunmu\u015ftur. Fordyce&#8217;nin en \u00f6nemli eseri say\u0131lan Ahlak Felsefesi\u2019nin Temelleri (The Elements of Moral Philosophy)  ak\u0131l ve sa\u011fduyu temelli bir ahlak anlay\u0131\u015f\u0131 ve irade terbiyesi \u00fczerine yo\u011funla\u015f\u0131r. \u0130nsan do\u011fas\u0131n\u0131n iyili\u011fe y\u00f6nelik oldu\u011funa ve erdemli bir ya\u015fam\u0131n ak\u0131l yoluyla in\u015fa edilebilece\u011fine dayanan fikirleri ahlak d\u00fc\u015f\u00fcncesine getirdi\u011fi \u00f6zg\u00fcn katk\u0131lar aras\u0131nda say\u0131l\u0131r. Fordyce\u2019i \u00e7a\u011fda\u015flar\u0131ndan ay\u0131ran bir \u00f6zellik de e\u011fitim ve ahlak felsefesini geni\u015f kitlelere sunmaya y\u00f6nelik pedagojik bir yakla\u015f\u0131ma sahip olmas\u0131d\u0131r. Amerikan \u00fcniversitelerinde uzun y\u0131llar boyunca ahlak felsefesi derslerinde ba\u015fucu kitab\u0131 olarak kullan\u0131lan bu eser, modern etik anlay\u0131\u015f\u0131na y\u00f6n veren temel metinlerden biridir.\u201cBizim gibi mutlulu\u011fu arzulayan ve \u00e7o\u011fu zaman da birbiriyle \u00e7at\u0131\u015fan tutkular ve \u00e7\u0131karlar\u0131n ortas\u0131nda konumlanm\u0131\u015f olan yarat\u0131klar a\u00e7\u0131s\u0131ndan erdem, sadece onurlu de\u011fil; ayn\u0131 zamanda ho\u015f ve yararl\u0131 bir yol olarak g\u00f6r\u00fclmelidir. Hem kendimize hem de ba\u015fkalar\u0131na yarayacak se\u00e7imler yapmak i\u00e7in bunun bir mutluluk yolu, patikalar\u0131n\u0131n da huzur patikalar\u0131 oldu\u011funu hissetmeli ve bunu t\u00fcm d\u00fcnyan\u0131n y\u00fcz\u00fcne kar\u015f\u0131 s\u00f6yleyebilmeliyiz.\u201dAhlak Felsefesinin Temelleri; insan do\u011fas\u0131n\u0131n ahlaki yanlar\u0131na vurgu yapan derinlikli bir k\u0131lavuz&#8230;<\/p>\n","protected":false},"excerpt":{"rendered":"<p>On sekizinci y\u00fczy\u0131l \u0130sko\u00e7 Ayd\u0131nlanmas\u0131\u2019n\u0131n \u00f6nemli fig\u00fcrlerinden David Fordyce, bireysel \u00f6zg\u00fcrl\u00fckler, ekonomik geli\u015fme ve toplumsal ilerleme gibi konularda verimli tart\u0131\u015fmalar\u0131n oldu\u011fu bir d\u00f6neme ahlak felsefesi ve<span class=\"excerpt-hellip\"> [\u2026]<\/span><\/p>\n","protected":false},"featured_media":0,"template":"","meta":{"_monsterinsights_skip_tracking":false,"_monsterinsights_sitenote_active":false,"_monsterinsights_sitenote_note":"","_monsterinsights_sitenote_category":0},"product_brand":[],"product_cat":[16038,12388],"product_tag":[],"class_list":{"0":"post-766227","1":"product","2":"type-product","3":"status-publish","5":"product_cat-arastirma-inceleme-referans-felsefe","6":"product_cat-felsefe","7":"pa_cilt-ciltsiz","8":"pa_tur-kitap","9":"pa_yayinevi-timas-akademi-yayinlari","10":"pa_yazar-david-fordyce","12":"first","13":"instock","14":"sale","15":"shipping-taxable","16":"purchasable","17":"product-type-simple"},"_links":{"self":[{"href":"https:\/\/roveyayinevi.com.tr\/index.php\/wp-json\/wp\/v2\/product\/766227","targetHints":{"allow":["GET"]}}],"collection":[{"href":"https:\/\/roveyayinevi.com.tr\/index.php\/wp-json\/wp\/v2\/product"}],"about":[{"href":"https:\/\/roveyayinevi.com.tr\/index.php\/wp-json\/wp\/v2\/types\/product"}],"wp:attachment":[{"href":"https:\/\/roveyayinevi.com.tr\/index.php\/wp-json\/wp\/v2\/media?parent=766227"}],"wp:term":[{"taxonomy":"product_brand","embeddable":true,"href":"https:\/\/roveyayinevi.com.tr\/index.php\/wp-json\/wp\/v2\/product_brand?post=766227"},{"taxonomy":"product_cat","embeddable":true,"href":"https:\/\/roveyayinevi.com.tr\/index.php\/wp-json\/wp\/v2\/product_cat?post=766227"},{"taxonomy":"product_tag","embeddable":true,"href":"https:\/\/roveyayinevi.com.tr\/index.php\/wp-json\/wp\/v2\/product_tag?post=766227"}],"curies":[{"name":"wp","href":"https:\/\/api.w.org\/{rel}","templated":true}]}}