{"id":766226,"date":"2025-08-28T12:06:10","date_gmt":"2025-08-28T09:06:10","guid":{"rendered":"https:\/\/roveyayinevi.com.tr\/index.php\/urun\/kuranin-anlattigi-tarih\/"},"modified":"2026-04-15T03:32:08","modified_gmt":"2026-04-15T00:32:08","slug":"kuranin-anlattigi-tarih","status":"publish","type":"product","link":"https:\/\/roveyayinevi.com.tr\/index.php\/urun\/kuranin-anlattigi-tarih\/","title":{"rendered":"Kur&#8217;an&#8217;\u0131n Anlatt\u0131\u011f\u0131 Tarih"},"content":{"rendered":"<p>Hem tarih\u00e7i hem de tur rehberi kimli\u011fiyle binlerce insana hitap eden Talha U\u011furluel bu kitab\u0131nda Kur\u2019\u00e2n-\u0131 Kerim\u2019in anlatt\u0131\u011f\u0131 tarih\u00ee olaylar\u0131n T\u00fcrkiye co\u011frafyas\u0131ndaki izlerini s\u00fcr\u00fcyor.\u2022 Nuh Peygamber ve gemisinin Cudi Da\u011f\u0131\u2019ndaki izleri\u2026\u2022 Hz. \u0130sa\u2019n\u0131n mendili Urfa\u2019da bir kuyuya neden at\u0131ld\u0131?\u2022 Ash\u00e2b-\u0131 Kehf ma\u011faralar\u0131ndan hangisi ger\u00e7ek?\u2022 D\u00e2ny\u00e2l Peygamber\u2019in kabri bak\u0131n nerede bulundu?\u2022 Z\u00fclkifl ve Elyesa\u2018 peygamberlerin kabirlerini kazanlar neyle kar\u015f\u0131la\u015ft\u0131lar?\u2022 R\u00fbm Suresi hangi sava\u015f\u0131 anlatmaktad\u0131r?U\u011furluel bu kitapta, dinler tarihi, arkeoloji, sanat tarihi ve tarih ilimlerini bir araya getirerek \u00e7ok merak etti\u011finiz bir\u00e7ok sorunun cevab\u0131n\u0131 vermeye \u00e7al\u0131\u015f\u0131yor. Kitab\u0131n sayfalar\u0131, Kur\u2019\u00e2n\u2019da anlat\u0131lan k\u0131ssalar\u0131n mek\u00e2nlar\u0131, zamanlar\u0131, olaylar\u0131yla sizi adeta o g\u00fcnlere g\u00f6t\u00fcrecek. Kur\u2019\u00e2n\u2019\u0131n Anlatt\u0131\u011f\u0131 Tarih serisinin ilk kitab\u0131 olan T\u00fcrkiye 1 kitab\u0131n\u0131 bitirdi\u011finizde, anlat\u0131lan mek\u00e2nlar\u0131 tek tek gezmek, okuduklar\u0131n\u0131z\u0131 yerinde g\u00f6rmek i\u00e7in valizinizi haz\u0131rlamaya koyulacaks\u0131n\u0131z. Haydi o vakit, zamanda yolculu\u011fa ba\u015flayal\u0131m.<\/p>\n","protected":false},"excerpt":{"rendered":"<p>Hem tarih\u00e7i hem de tur rehberi kimli\u011fiyle binlerce insana hitap eden Talha U\u011furluel bu kitab\u0131nda Kur\u2019\u00e2n-\u0131 Kerim\u2019in anlatt\u0131\u011f\u0131 tarih\u00ee olaylar\u0131n T\u00fcrkiye co\u011frafyas\u0131ndaki izlerini s\u00fcr\u00fcyor.\u2022 Nuh Peygamber<span class=\"excerpt-hellip\"> [\u2026]<\/span><\/p>\n","protected":false},"featured_media":0,"template":"","meta":{"_monsterinsights_skip_tracking":false,"_monsterinsights_sitenote_active":false,"_monsterinsights_sitenote_note":"","_monsterinsights_sitenote_category":0},"product_brand":[],"product_cat":[12718,12719,18109],"product_tag":[],"class_list":{"0":"post-766226","1":"product","2":"type-product","3":"status-publish","5":"product_cat-din","6":"product_cat-islam","7":"product_cat-islam-tarihi","8":"pa_cilt-ciltsiz","9":"pa_tur-kitap","10":"pa_yayinevi-timas-yayinlari","11":"pa_yazar-talha-ugurluel","13":"first","14":"instock","15":"sale","16":"shipping-taxable","17":"purchasable","18":"product-type-simple"},"_links":{"self":[{"href":"https:\/\/roveyayinevi.com.tr\/index.php\/wp-json\/wp\/v2\/product\/766226","targetHints":{"allow":["GET"]}}],"collection":[{"href":"https:\/\/roveyayinevi.com.tr\/index.php\/wp-json\/wp\/v2\/product"}],"about":[{"href":"https:\/\/roveyayinevi.com.tr\/index.php\/wp-json\/wp\/v2\/types\/product"}],"wp:attachment":[{"href":"https:\/\/roveyayinevi.com.tr\/index.php\/wp-json\/wp\/v2\/media?parent=766226"}],"wp:term":[{"taxonomy":"product_brand","embeddable":true,"href":"https:\/\/roveyayinevi.com.tr\/index.php\/wp-json\/wp\/v2\/product_brand?post=766226"},{"taxonomy":"product_cat","embeddable":true,"href":"https:\/\/roveyayinevi.com.tr\/index.php\/wp-json\/wp\/v2\/product_cat?post=766226"},{"taxonomy":"product_tag","embeddable":true,"href":"https:\/\/roveyayinevi.com.tr\/index.php\/wp-json\/wp\/v2\/product_tag?post=766226"}],"curies":[{"name":"wp","href":"https:\/\/api.w.org\/{rel}","templated":true}]}}