{"id":766222,"date":"2025-08-28T12:06:03","date_gmt":"2025-08-28T09:06:03","guid":{"rendered":"https:\/\/roveyayinevi.com.tr\/index.php\/urun\/mihrican-firtinasi\/"},"modified":"2026-04-15T03:32:08","modified_gmt":"2026-04-15T00:32:08","slug":"mihrican-firtinasi","status":"publish","type":"product","link":"https:\/\/roveyayinevi.com.tr\/index.php\/urun\/mihrican-firtinasi\/","title":{"rendered":"Mihrican F\u0131rt\u0131nas\u0131"},"content":{"rendered":"<p>Mihrican F\u0131rt\u0131nas\u0131 Nazan Bekiro\u011flu\u2019nun hayata, edebiyata ve sanata dair denemelerini bir araya getiriyor.Yazar\u0131n ki\u015fisel hayat\u0131ndan izlerin belki de ilk kez bu a\u00e7\u0131kl\u0131kla g\u00f6r\u00fclebilece\u011fi denemeler bunlar. Bir Mihrican F\u0131rt\u0131nas\u0131 olarak ya\u015fad\u0131\u011f\u0131 emeklili\u011fe ge\u00e7i\u015fi, yeni k\u00fct\u00fcphanesini yerle\u015ftirmesi, kitaplar\u0131, defterleri, lise y\u0131llar\u0131nda tuttu\u011fu g\u00fcnl\u00fc\u011f\u00fcnden al\u0131nt\u0131lad\u0131\u011f\u0131 samimi sat\u0131rlar, sobac\u0131lar soka\u011f\u0131nda bir d\u00fckk\u00e2nda al\u0131n terinin kutsall\u0131\u011f\u0131n\u0131 hissettiren ya\u015fl\u0131 usta ile ge\u00e7en dakikalar, hal\u0131 dokuyan k\u0131zlar ve ba\u015fka bir\u00e7ok de\u011finiyle saf insaniyete duydu\u011fumuz \u00f6zlemi derinden hissettiren yaz\u0131lar. Ama sadece \u00f6zlediklerimiz de\u011fil, sab\u0131r ta\u015f\u0131m\u0131z\u0131 \u00e7atlatanlar, cing\u00f6zl\u00fcklerinden illallah ettiklerimiz de g\u00f6r\u00fcnt\u00fcye giriyor. Sonras\u0131nda ise Mihrican F\u0131rt\u0131nas\u0131, edebiyata, minyat\u00fcre, soyut resme, uygarl\u0131k ve insanl\u0131k tarihine, \u0130karos\u2019un d\u00fc\u015f\u00fc\u015f\u00fcne, Platon\u2019un ma\u011faras\u0131na dair de\u011finilerle son derece zengin bir i\u00e7erik sunuyor.Ba\u015f\u0131m\u0131 kald\u0131r\u0131p benimle hi\u00e7 ilgisi olmayan bir sahneye bakar gibi bak\u0131yorum olup bitene. Odam toplan\u0131yor, otuz sekiz y\u0131ll\u0131k y\u0131\u011f\u0131n ay\u0131klan\u0131yor. Ba\u011f bozumu. Ekim de de\u011fil ki!<\/p>\n","protected":false},"excerpt":{"rendered":"<p>Mihrican F\u0131rt\u0131nas\u0131 Nazan Bekiro\u011flu\u2019nun hayata, edebiyata ve sanata dair denemelerini bir araya getiriyor.Yazar\u0131n ki\u015fisel hayat\u0131ndan izlerin belki de ilk kez bu a\u00e7\u0131kl\u0131kla g\u00f6r\u00fclebilece\u011fi denemeler bunlar. Bir<span class=\"excerpt-hellip\"> [\u2026]<\/span><\/p>\n","protected":false},"featured_media":0,"template":"","meta":{"_monsterinsights_skip_tracking":false,"_monsterinsights_sitenote_active":false,"_monsterinsights_sitenote_note":"","_monsterinsights_sitenote_category":0},"product_brand":[],"product_cat":[12777,12291],"product_tag":[],"class_list":{"0":"post-766222","1":"product","2":"type-product","3":"status-publish","5":"product_cat-deneme","6":"product_cat-edebiyat","7":"pa_cilt-ciltsiz","8":"pa_tur-kitap","9":"pa_yayinevi-timas-yayinlari","10":"pa_yazar-nazan-bekiroglu","12":"first","13":"instock","14":"sale","15":"shipping-taxable","16":"purchasable","17":"product-type-simple"},"_links":{"self":[{"href":"https:\/\/roveyayinevi.com.tr\/index.php\/wp-json\/wp\/v2\/product\/766222","targetHints":{"allow":["GET"]}}],"collection":[{"href":"https:\/\/roveyayinevi.com.tr\/index.php\/wp-json\/wp\/v2\/product"}],"about":[{"href":"https:\/\/roveyayinevi.com.tr\/index.php\/wp-json\/wp\/v2\/types\/product"}],"wp:attachment":[{"href":"https:\/\/roveyayinevi.com.tr\/index.php\/wp-json\/wp\/v2\/media?parent=766222"}],"wp:term":[{"taxonomy":"product_brand","embeddable":true,"href":"https:\/\/roveyayinevi.com.tr\/index.php\/wp-json\/wp\/v2\/product_brand?post=766222"},{"taxonomy":"product_cat","embeddable":true,"href":"https:\/\/roveyayinevi.com.tr\/index.php\/wp-json\/wp\/v2\/product_cat?post=766222"},{"taxonomy":"product_tag","embeddable":true,"href":"https:\/\/roveyayinevi.com.tr\/index.php\/wp-json\/wp\/v2\/product_tag?post=766222"}],"curies":[{"name":"wp","href":"https:\/\/api.w.org\/{rel}","templated":true}]}}