{"id":766218,"date":"2025-08-28T12:05:55","date_gmt":"2025-08-28T09:05:55","guid":{"rendered":"https:\/\/roveyayinevi.com.tr\/index.php\/urun\/jul-sezar\/"},"modified":"2026-04-15T03:32:08","modified_gmt":"2026-04-15T00:32:08","slug":"jul-sezar","status":"publish","type":"product","link":"https:\/\/roveyayinevi.com.tr\/index.php\/urun\/jul-sezar\/","title":{"rendered":"J\u00fcl Sezar"},"content":{"rendered":"<p>Binan\u0131n i\u00e7ine ula\u015ft\u0131\u011f\u0131nda derin bir soluk ald\u0131 nihayet, \u201cU\u00e7urumun kenar\u0131nda k\u00f6k salm\u0131\u015f ve hayat\u0131n\u0131 koruyabilmek i\u00e7in geriye do\u011fru b\u00fcy\u00fcm\u00fc\u015f bir a\u011fa\u00e7 gibiyim ben,\u201d diye d\u00fc\u015f\u00fcnd\u00fc. \u201cT\u00fcm bu m\u00fccadele, ruhumu do\u011frultup hayata kar\u015f\u0131 bir derinlik ve g\u00fc\u00e7 kazanmas\u0131n\u0131 sa\u011flad\u0131. Etraf\u0131mdaki \u00e7ok az ki\u015fi b\u00f6yle bir hayat\u0131n i\u00e7inden zirveye y\u00fcr\u00fcd\u00fc! Benimle u\u011fra\u015fmaya ak\u0131llar\u0131 ve g\u00fc\u00e7leri yetmez bunlar\u0131n!\u201dSava\u015flar, zaferler, entrikalar, iktidar m\u00fccadeleleri\u2026 Okay Tiryakio\u011flu bu destans\u0131 roman\u0131nda, Roma \u0130mparatorlu\u011fu\u2019nun en b\u00fcy\u00fck liderlerinden biri olan J\u00fcl Sezar\u2019\u0131n aksiyon ve drama dolu hayat\u0131n\u0131 anlat\u0131yor. Sezar\u2019\u0131n gen\u00e7lik y\u0131llar\u0131ndan ba\u015flayarak askeri ve siyasi y\u00fckseli\u015fine, senato m\u00fccadelelerine ve nihayetinde trajik \u00f6l\u00fcm\u00fcne kadar olan s\u00fcreci aktar\u0131yor. G\u00fc\u00e7lendik\u00e7e daha da b\u00fcy\u00fcyen komplolara kar\u015f\u0131 b\u00fcy\u00fck imparatorun sadece askeri deh\u00e2s\u0131yla de\u011fil, stratejik zek\u00e2s\u0131 ve kararl\u0131l\u0131\u011f\u0131yla da rakiplerini alt edi\u015fini ortaya koyuyor. Bu roman, Roma \u0130mparatorlu\u011fu\u2019nun en g\u00f6rkemli d\u00f6nemlerinden birindeki askeri ve politik m\u00fccadeleleri sunarken Sezar\u2019\u0131n ki\u015fisel trajedisini de g\u00f6zler \u00f6n\u00fcne seriyor.Eserleri sekiz dile \u00e7evrilen, T\u00fcrkiye\u2019nin en \u00e7ok okunan tarih\u00ee romanlar\u0131n\u0131n yazar\u0131, &#8220;g\u00fcn\u00fcm\u00fcz\u00fcn Peyami Safa&#8221;s\u0131 olarak an\u0131lan Okay Tiryakio\u011flu\u2019nun kaleminden d\u00fcnya tarihinin en \u00fcnl\u00fc ve tart\u0131\u015fmal\u0131 liderlerinden birisi olan J\u00fcl Sezar\u2019\u0131n nefes kesen hik\u00e2yesi\u2026<\/p>\n","protected":false},"excerpt":{"rendered":"<p>Binan\u0131n i\u00e7ine ula\u015ft\u0131\u011f\u0131nda derin bir soluk ald\u0131 nihayet, \u201cU\u00e7urumun kenar\u0131nda k\u00f6k salm\u0131\u015f ve hayat\u0131n\u0131 koruyabilmek i\u00e7in geriye do\u011fru b\u00fcy\u00fcm\u00fc\u015f bir a\u011fa\u00e7 gibiyim ben,\u201d diye d\u00fc\u015f\u00fcnd\u00fc. \u201cT\u00fcm<span class=\"excerpt-hellip\"> [\u2026]<\/span><\/p>\n","protected":false},"featured_media":0,"template":"","meta":{"_monsterinsights_skip_tracking":false,"_monsterinsights_sitenote_active":false,"_monsterinsights_sitenote_note":"","_monsterinsights_sitenote_category":0},"product_brand":[],"product_cat":[12291,12711],"product_tag":[],"class_list":{"0":"post-766218","1":"product","2":"type-product","3":"status-publish","5":"product_cat-edebiyat","6":"product_cat-roman-oyku","7":"pa_cilt-ciltsiz","8":"pa_tur-kitap","9":"pa_yayinevi-timas-yayinlari","10":"pa_yazar-okay-tiryakioglu","12":"first","13":"instock","14":"sale","15":"shipping-taxable","16":"purchasable","17":"product-type-simple"},"_links":{"self":[{"href":"https:\/\/roveyayinevi.com.tr\/index.php\/wp-json\/wp\/v2\/product\/766218","targetHints":{"allow":["GET"]}}],"collection":[{"href":"https:\/\/roveyayinevi.com.tr\/index.php\/wp-json\/wp\/v2\/product"}],"about":[{"href":"https:\/\/roveyayinevi.com.tr\/index.php\/wp-json\/wp\/v2\/types\/product"}],"wp:attachment":[{"href":"https:\/\/roveyayinevi.com.tr\/index.php\/wp-json\/wp\/v2\/media?parent=766218"}],"wp:term":[{"taxonomy":"product_brand","embeddable":true,"href":"https:\/\/roveyayinevi.com.tr\/index.php\/wp-json\/wp\/v2\/product_brand?post=766218"},{"taxonomy":"product_cat","embeddable":true,"href":"https:\/\/roveyayinevi.com.tr\/index.php\/wp-json\/wp\/v2\/product_cat?post=766218"},{"taxonomy":"product_tag","embeddable":true,"href":"https:\/\/roveyayinevi.com.tr\/index.php\/wp-json\/wp\/v2\/product_tag?post=766218"}],"curies":[{"name":"wp","href":"https:\/\/api.w.org\/{rel}","templated":true}]}}