{"id":766216,"date":"2025-08-28T12:05:50","date_gmt":"2025-08-28T09:05:50","guid":{"rendered":"https:\/\/roveyayinevi.com.tr\/index.php\/urun\/duvarlari-yikmak\/"},"modified":"2026-04-15T03:32:07","modified_gmt":"2026-04-15T00:32:07","slug":"duvarlari-yikmak","status":"publish","type":"product","link":"https:\/\/roveyayinevi.com.tr\/index.php\/urun\/duvarlari-yikmak\/","title":{"rendered":"Duvarlar\u0131 Y\u0131kmak"},"content":{"rendered":"<p>Kalpte, zihinde, y\u00fcksek y\u00fcksek duvarlar \u00f6rmek yerine, k\u00f6pr\u00fcler kurmak gerek dostlar. Ard\u0131m\u0131z engin bir denizdir, \u0131\u015f\u0131kt\u0131r. Gelin o duvarlar\u0131 y\u0131kal\u0131m ve \u0131\u015f\u0131k t\u00fcm ihti\u015fam\u0131yla girsin i\u00e7eri, ayd\u0131nlats\u0131n g\u00f6n\u00fcllerimizi. Haydi uyan\u0131n, uyand\u0131r\u0131n art\u0131k!T\u00fcketim \u00e7a\u011f\u0131 bizi birbirinden habersiz ya\u015fayan bencil bireyler h\u00e2line getirdi. \u0130nsanl\u0131k olarak ki\u015fisel geli\u015fimin \u00fczerine o kadar d\u00fc\u015ft\u00fck ki toplumsal ilerlemeyi \u0131skalad\u0131k. Toplumca iyi olmadan, toplum ba\u011flar\u0131n\u0131 sa\u011flamla\u015ft\u0131rmadan ula\u015f\u0131lan bireysel geli\u015fme hi\u00e7bir yarar sa\u011flamayacakt\u0131r.Bahad\u0131r Yeni\u015fehirlio\u011flu Duvarlar\u0131 Y\u0131kmak adl\u0131 yeni eserinde topluma, d\u00fcnyaya, hayata k\u0131sacas\u0131 insana dair \u00e7ok \u00f6nemli tespitlerde bulunuyor. Modern d\u00fcnya sisteminin t\u00fcm insanl\u0131\u011fa zorbal\u0131kla dayatt\u0131\u011f\u0131 \u015feyler kar\u015f\u0131s\u0131nda elimizde ne t\u00fcr bir silah var? G\u00fcn\u00fcm\u00fcz d\u00fcnyas\u0131nda a\u015f\u0131r\u0131 bireyselle\u015fmenin bir sonucu olarak i\u00e7ten i\u00e7e \u00e7\u00fcr\u00fcyen toplumun \u00e7aresi ne olabilir?Yeni\u015fehirlio\u011flu, samimi bir sohbetle okuyucuyu duvarlar\u0131 y\u0131kmaya davet ediyor: Bizi insanl\u0131ktan uzakla\u015ft\u0131ran her duvar y\u0131k\u0131lmaya mahk\u00fbmdur.<\/p>\n","protected":false},"excerpt":{"rendered":"<p>Kalpte, zihinde, y\u00fcksek y\u00fcksek duvarlar \u00f6rmek yerine, k\u00f6pr\u00fcler kurmak gerek dostlar. Ard\u0131m\u0131z engin bir denizdir, \u0131\u015f\u0131kt\u0131r. Gelin o duvarlar\u0131 y\u0131kal\u0131m ve \u0131\u015f\u0131k t\u00fcm ihti\u015fam\u0131yla girsin i\u00e7eri,<span class=\"excerpt-hellip\"> [\u2026]<\/span><\/p>\n","protected":false},"featured_media":0,"template":"","meta":{"_monsterinsights_skip_tracking":false,"_monsterinsights_sitenote_active":false,"_monsterinsights_sitenote_note":"","_monsterinsights_sitenote_category":0},"product_brand":[],"product_cat":[12777,12291],"product_tag":[],"class_list":{"0":"post-766216","1":"product","2":"type-product","3":"status-publish","5":"product_cat-deneme","6":"product_cat-edebiyat","7":"pa_cilt-ciltsiz","8":"pa_tur-kitap","9":"pa_yayinevi-timas-yayinlari","10":"pa_yazar-bahadir-yenisehirlioglu","12":"first","13":"instock","14":"sale","15":"shipping-taxable","16":"purchasable","17":"product-type-simple"},"_links":{"self":[{"href":"https:\/\/roveyayinevi.com.tr\/index.php\/wp-json\/wp\/v2\/product\/766216","targetHints":{"allow":["GET"]}}],"collection":[{"href":"https:\/\/roveyayinevi.com.tr\/index.php\/wp-json\/wp\/v2\/product"}],"about":[{"href":"https:\/\/roveyayinevi.com.tr\/index.php\/wp-json\/wp\/v2\/types\/product"}],"wp:attachment":[{"href":"https:\/\/roveyayinevi.com.tr\/index.php\/wp-json\/wp\/v2\/media?parent=766216"}],"wp:term":[{"taxonomy":"product_brand","embeddable":true,"href":"https:\/\/roveyayinevi.com.tr\/index.php\/wp-json\/wp\/v2\/product_brand?post=766216"},{"taxonomy":"product_cat","embeddable":true,"href":"https:\/\/roveyayinevi.com.tr\/index.php\/wp-json\/wp\/v2\/product_cat?post=766216"},{"taxonomy":"product_tag","embeddable":true,"href":"https:\/\/roveyayinevi.com.tr\/index.php\/wp-json\/wp\/v2\/product_tag?post=766216"}],"curies":[{"name":"wp","href":"https:\/\/api.w.org\/{rel}","templated":true}]}}