{"id":766214,"date":"2025-08-28T12:05:47","date_gmt":"2025-08-28T09:05:47","guid":{"rendered":"https:\/\/roveyayinevi.com.tr\/index.php\/urun\/kisa-kore-tarihi-2\/"},"modified":"2026-04-15T03:32:07","modified_gmt":"2026-04-15T00:32:07","slug":"kisa-kore-tarihi-2","status":"publish","type":"product","link":"https:\/\/roveyayinevi.com.tr\/index.php\/urun\/kisa-kore-tarihi-2\/","title":{"rendered":"K\u0131sa Kore Tarihi"},"content":{"rendered":"<p>SABAH SAK\u0130NL\u0130\u011e\u0130 \u00dcLKES\u0130\u2026   \u201cKore tarihi hakk\u0131nda bilgi edinmeniz gerekiyorsa Michael J. Seth&#8217;in K\u0131sa Kore Tarihi kitab\u0131n\u0131 okumal\u0131s\u0131n\u0131z. Kitap, Kore&#8217;nin efsanevi k\u00f6kenlerinden g\u00fcn\u00fcm\u00fcze kadar olan hik\u00e2yesini bilgilendirici, kolay anla\u015f\u0131l\u0131r ve zarif bir \u015fekilde aktar\u0131yor. Kore \u00fczerine yaz\u0131lm\u0131\u015f ba\u015fka hi\u00e7bir kitap hem bu kadar k\u0131sa ve \u00f6z hem de b\u00f6ylesine bilgi dolu ve geni\u015f yelpazeyi kapsam\u0131yor.\u201d \u2013 Gregg Andrew Brazinsky, Tarih ve Uluslararas\u0131 \u0130li\u015fkiler Profes\u00f6r\u00fc, George Washington \u00dcniversitesi *** Antik krall\u0131klar\u0131n, Konf\u00fc\u00e7y\u00fcs\u00e7\u00fc d\u00fc\u015f\u00fcncenin, k\u00fclt\u00fcrel zenginli\u011fin ve dayan\u0131kl\u0131 ruhlar\u0131n \u00fclkesi, Kore\u2026   Kore Yar\u0131madas\u0131, Uzak Do\u011fu \u00fclkeleri d\u0131\u015f\u0131nda pek kimsenin bilmedi\u011fi ve Bat\u0131n\u0131n 19. asr\u0131n son \u00e7eyre\u011finde haberdar oldu\u011fu bir co\u011frafyayd\u0131. \u00d6yle ki, kuzeyindeki s\u0131rada\u011flar\u0131 ve \u00fc\u00e7 taraf\u0131ndaki denizler Kore\u2019yi d\u00fcnyan\u0131n geri kalan\u0131ndan izole ediyordu. Fakat bu co\u011frafya, g\u00fcn\u00fcm\u00fczde ikiye b\u00f6l\u00fcnm\u00fc\u015f bir millet olarak d\u00fcnyaca tan\u0131n\u0131yor ve Uzak Do\u011fu denildi\u011finde akla gelen ilk \u00fclkelerin aras\u0131nda yer al\u0131yor. K\u0131sa Kore Tarihi\u2019nde Michael J. Seth, Korelilerin deyimiyle, \u201cbalinalar aras\u0131ndaki bir karides\u201d olan Kore\u2019nin b\u00fcy\u00fck devletlerle olan asker\u00ee ve k\u00fclt\u00fcrel etkile\u015fimlerini, ge\u00e7irdi\u011fi tarihsel s\u00fcre\u00e7leri, b\u00f6l\u00fcnme neticesinde kuzey ve g\u00fcneyin z\u0131tl\u0131klar\u0131n\u0131, siyas\u00ee manevralar\u0131n\u0131 ve s\u0131radan insanlar\u0131n ya\u015fant\u0131lar\u0131n\u0131 ak\u0131c\u0131 bir dille okura sunuyor. Totaliter bir hanedanca y\u00f6netilen, gece \u00fclkenin \u00e7o\u011funun karanl\u0131\u011fa g\u00f6m\u00fcld\u00fc\u011f\u00fc, halk\u0131n beslenme yetersizli\u011finden muzdarip oldu\u011fu fakir bir \u00fclke olan Kuzey Kore; son derece demokratik, y\u00fcksek teknolojisi ve canl\u0131 e\u011flence sekt\u00f6r\u00fcne sahip, ki\u015fi ba\u015f\u0131 d\u00fc\u015fen milli geliri y\u00fcksek zengin bir \u00fclke olan G\u00fcney Kore. K\u0131sa Kore Tarihi, bu z\u0131tl\u0131klar co\u011frafyas\u0131n\u0131 tan\u0131mak ve anlamak isteyen herkes i\u00e7in nefes kesici bir giri\u015f kitab\u0131.  <\/p>\n","protected":false},"excerpt":{"rendered":"<p>SABAH SAK\u0130NL\u0130\u011e\u0130 \u00dcLKES\u0130\u2026 \u201cKore tarihi hakk\u0131nda bilgi edinmeniz gerekiyorsa Michael J. Seth&#8217;in K\u0131sa Kore Tarihi kitab\u0131n\u0131 okumal\u0131s\u0131n\u0131z. Kitap, Kore&#8217;nin efsanevi k\u00f6kenlerinden g\u00fcn\u00fcm\u00fcze kadar olan hik\u00e2yesini bilgilendirici,<span class=\"excerpt-hellip\"> [\u2026]<\/span><\/p>\n","protected":false},"featured_media":0,"template":"","meta":{"_monsterinsights_skip_tracking":false,"_monsterinsights_sitenote_active":false,"_monsterinsights_sitenote_note":"","_monsterinsights_sitenote_category":0},"product_brand":[],"product_cat":[12304],"product_tag":[],"class_list":{"0":"post-766214","1":"product","2":"type-product","3":"status-publish","5":"product_cat-tarih","6":"pa_cilt-ciltsiz","7":"pa_tur-kitap","8":"pa_yayinevi-kronik-kitap","9":"pa_yazar-michael-j-seth","11":"first","12":"instock","13":"sale","14":"shipping-taxable","15":"purchasable","16":"product-type-simple"},"_links":{"self":[{"href":"https:\/\/roveyayinevi.com.tr\/index.php\/wp-json\/wp\/v2\/product\/766214","targetHints":{"allow":["GET"]}}],"collection":[{"href":"https:\/\/roveyayinevi.com.tr\/index.php\/wp-json\/wp\/v2\/product"}],"about":[{"href":"https:\/\/roveyayinevi.com.tr\/index.php\/wp-json\/wp\/v2\/types\/product"}],"wp:attachment":[{"href":"https:\/\/roveyayinevi.com.tr\/index.php\/wp-json\/wp\/v2\/media?parent=766214"}],"wp:term":[{"taxonomy":"product_brand","embeddable":true,"href":"https:\/\/roveyayinevi.com.tr\/index.php\/wp-json\/wp\/v2\/product_brand?post=766214"},{"taxonomy":"product_cat","embeddable":true,"href":"https:\/\/roveyayinevi.com.tr\/index.php\/wp-json\/wp\/v2\/product_cat?post=766214"},{"taxonomy":"product_tag","embeddable":true,"href":"https:\/\/roveyayinevi.com.tr\/index.php\/wp-json\/wp\/v2\/product_tag?post=766214"}],"curies":[{"name":"wp","href":"https:\/\/api.w.org\/{rel}","templated":true}]}}