{"id":766210,"date":"2025-08-28T12:05:41","date_gmt":"2025-08-28T09:05:41","guid":{"rendered":"https:\/\/roveyayinevi.com.tr\/index.php\/urun\/bir-varmis-1-yokmus\/"},"modified":"2026-04-15T03:32:07","modified_gmt":"2026-04-15T00:32:07","slug":"bir-varmis-1-yokmus","status":"publish","type":"product","link":"https:\/\/roveyayinevi.com.tr\/index.php\/urun\/bir-varmis-1-yokmus\/","title":{"rendered":"Bir Varm\u0131\u015f 1 Yokmu\u015f"},"content":{"rendered":"<p>Moby Dick\u2019in sofistike geometrik i\u015flemlerle bezeli oldu\u011funu biliyor muydunuz? James Joyce\u2019un bilin\u00e7ak\u0131\u015f\u0131 tekni\u011fiyle kaleme ald\u0131\u011f\u0131 romanlar\u0131n\u0131n kas\u0131tl\u0131 olarak matematiksel referanslarla dolu oldu\u011funu? Calvino\u2019nun \u201cg\u00f6r\u00fcnmez kentler\u201dindeki matematiksel s\u0131ralamadan haberdar m\u0131yd\u0131n\u0131z?Genellikle matematik ve edebiyat\u0131 z\u0131t kutuplar olarak g\u00f6r\u00fcr\u00fcz. Peki ya esas\u0131nda aralar\u0131nda kuvvetli bir ba\u011f varsa? Profes\u00f6r Sarah Hart Bir Varm\u0131\u015f 1 Yokmu\u015f\u2019ta sonelerden peri masallar\u0131na ve deneysel Frans\u0131z edebiyat\u0131na kadar, matematik ve edebiyat\u0131n hem hayatlar\u0131m\u0131z\u0131 hem de evreni anlamland\u0131rmaya y\u00f6nelik aray\u0131\u015fta birbirini tamamlayan par\u00e7alar oldu\u011funu g\u00f6zler \u00f6n\u00fcne seriyor. \u201cSarah Hart, \u00e7etrefil bilimsel fikirleri zekice k\u00fclt\u00fcrel referanslarla a\u00e7\u0131klayabilme gibi istisnai bir yetene\u011fe sahip olma konusunda Richard Dawkins ile ayn\u0131 seviyede&#8230;\u201d \u2013The Guardian\u201cOlduk\u00e7a geni\u015f kapsaml\u0131 bu kitap, okur i\u00e7in tam anlam\u0131yla bir kazan\u00e7.\u201d \u2013Jordan Ellenberg, Nas\u0131l Hata Yapmazs\u0131n\u0131z: Matematiksel D\u00fc\u015f\u00fcnmenin G\u00fcc\u00fc\u2019n\u00fcn yazar\u0131\u201cProfes\u00f6r Hart bu konular\u0131 bir matematik\u00e7inin titizli\u011fi, bir yazar\u0131n zek\u00e2s\u0131 ve hayal g\u00fcc\u00fcyle ele al\u0131yor.\u201d \u2013The Economist<\/p>\n","protected":false},"excerpt":{"rendered":"<p>Moby Dick\u2019in sofistike geometrik i\u015flemlerle bezeli oldu\u011funu biliyor muydunuz? James Joyce\u2019un bilin\u00e7ak\u0131\u015f\u0131 tekni\u011fiyle kaleme ald\u0131\u011f\u0131 romanlar\u0131n\u0131n kas\u0131tl\u0131 olarak matematiksel referanslarla dolu oldu\u011funu? Calvino\u2019nun \u201cg\u00f6r\u00fcnmez kentler\u201dindeki matematiksel<span class=\"excerpt-hellip\"> [\u2026]<\/span><\/p>\n","protected":false},"featured_media":0,"template":"","meta":{"_monsterinsights_skip_tracking":false,"_monsterinsights_sitenote_active":false,"_monsterinsights_sitenote_note":"","_monsterinsights_sitenote_category":0},"product_brand":[],"product_cat":[13005,37328],"product_tag":[],"class_list":{"0":"post-766210","1":"product","2":"type-product","3":"status-publish","5":"product_cat-bilim-muhendislik","6":"product_cat-diger-bilim-muhendislik","7":"pa_cilt-ciltsiz","8":"pa_tur-kitap","9":"pa_yayinevi-timas-yayinlari","10":"pa_yazar-sarah-hart","12":"first","13":"instock","14":"sale","15":"shipping-taxable","16":"purchasable","17":"product-type-simple"},"_links":{"self":[{"href":"https:\/\/roveyayinevi.com.tr\/index.php\/wp-json\/wp\/v2\/product\/766210","targetHints":{"allow":["GET"]}}],"collection":[{"href":"https:\/\/roveyayinevi.com.tr\/index.php\/wp-json\/wp\/v2\/product"}],"about":[{"href":"https:\/\/roveyayinevi.com.tr\/index.php\/wp-json\/wp\/v2\/types\/product"}],"wp:attachment":[{"href":"https:\/\/roveyayinevi.com.tr\/index.php\/wp-json\/wp\/v2\/media?parent=766210"}],"wp:term":[{"taxonomy":"product_brand","embeddable":true,"href":"https:\/\/roveyayinevi.com.tr\/index.php\/wp-json\/wp\/v2\/product_brand?post=766210"},{"taxonomy":"product_cat","embeddable":true,"href":"https:\/\/roveyayinevi.com.tr\/index.php\/wp-json\/wp\/v2\/product_cat?post=766210"},{"taxonomy":"product_tag","embeddable":true,"href":"https:\/\/roveyayinevi.com.tr\/index.php\/wp-json\/wp\/v2\/product_tag?post=766210"}],"curies":[{"name":"wp","href":"https:\/\/api.w.org\/{rel}","templated":true}]}}