{"id":766209,"date":"2025-08-28T12:05:39","date_gmt":"2025-08-28T09:05:39","guid":{"rendered":"https:\/\/roveyayinevi.com.tr\/index.php\/urun\/hariciye-konseri\/"},"modified":"2026-04-15T03:32:07","modified_gmt":"2026-04-15T00:32:07","slug":"hariciye-konseri","status":"publish","type":"product","link":"https:\/\/roveyayinevi.com.tr\/index.php\/urun\/hariciye-konseri\/","title":{"rendered":"Hariciye Konseri"},"content":{"rendered":"<p>28 Kas\u0131m 1998 g\u00fcn\u00fc 23:00 sular\u0131nda Budape\u015fte&#8217;de s\u0131k\u0131lan tek bir kur\u015fundan Aral\u0131k 2023&#8217;teki BM D\u0131\u015fi\u015fleri Bakanlar\u0131 Zirvesi&#8217;ne uzanan bir hik\u00e2ye\u2026 Polisiye ve istihbarat t\u00fcr\u00fcne yeni bir soluk getiren bu eseri her okuyu\u015funuzda sat\u0131r aralar\u0131ndaki k\u00fc\u00e7\u00fck ve kapal\u0131 bulmacalar\u0131 ke\u015ffedeceksiniz&#8230; *** Ta\u015fansu T\u00fcrker, bu romanda sizi az bilinen diplomasi koridorlar\u0131nda gezdiriyor. Kan\u00e7\u0131laryadan rezidansa, New York T\u00fcrk Evi&#8217;ndeki bir konserden Macaristan Ba\u015fbakan\u0131&#8217;n\u0131n NATO delegasyonu kabul\u00fcne, rock bardan \u00fcniversite amfisine, otel lobilerinden sinagoga&#8230; Her kademeden diplomasi mensuplar\u0131 yan\u0131nda akademisyenlerin, gazetecilerin ve en \u00e7ok da sanat\u00e7\u0131lar\u0131n d\u00fcnyas\u0131na girece\u011finiz bu eserde; &#8217;90&#8217;lar\u0131n siyasi ikliminin bug\u00fcn i\u00e7inde ya\u015fad\u0131\u011f\u0131m\u0131z kayg\u0131 \u00e7a\u011f\u0131n\u0131 hangi kafiyelerle kurdu\u011funu; T\u00fcrk Hariciyesi&#8217;nin Balkanlar, Kafkasya ve Ortado\u011fu \u00fc\u00e7geni ve \u00f6tesindeki varl\u0131\u011f\u0131 ile beraber ve entelekt\u00fcel bir \u015f\u00f6len e\u015fli\u011finde izleyeceksiniz. Bu roman i\u00e7in kurulmu\u015f diplomatik konser programlar\u0131ndan bir rock grubuna, yine bu roman i\u00e7in yap\u0131lm\u0131\u015f bestelerden hi\u00e7 sunulmam\u0131\u015f etimoloji tebli\u011flerine&#8230; Devletlerin ve d\u0131\u015f politikalar\u0131n\u0131n ayr\u0131 karakterler olarak varl\u0131\u011f\u0131 ise sizi uluslararas\u0131 siyasetin derinliklerine ta\u015f\u0131yacak. Bir ba\u015fbakan konu\u015fma metninden D\u0131\u015fi\u015fleri Bakanl\u0131\u011f\u0131 \u0130stihbarat ve Ara\u015ft\u0131rma Dairesi&#8217;nin \u00e7ok gizli belgesine, Merkez&#8217;e yaz\u0131lan bir kapal\u0131 kriptodan, toplant\u0131 tutanaklar\u0131na&#8230; *** Uluslararas\u0131 siyasetin ve diplomasinin kap\u0131lar\u0131n\u0131 g\u00f6zlerinizin \u00f6n\u00fcnde aralayan Hariciye Konseri, kusursuz kurgusu ve sakinlik veren ak\u0131\u015f\u0131yla elinizden b\u0131rakamayaca\u011f\u0131n\u0131z bir roman.<\/p>\n","protected":false},"excerpt":{"rendered":"<p>28 Kas\u0131m 1998 g\u00fcn\u00fc 23:00 sular\u0131nda Budape\u015fte&#8217;de s\u0131k\u0131lan tek bir kur\u015fundan Aral\u0131k 2023&#8217;teki BM D\u0131\u015fi\u015fleri Bakanlar\u0131 Zirvesi&#8217;ne uzanan bir hik\u00e2ye\u2026 Polisiye ve istihbarat t\u00fcr\u00fcne yeni bir<span class=\"excerpt-hellip\"> [\u2026]<\/span><\/p>\n","protected":false},"featured_media":0,"template":"","meta":{"_monsterinsights_skip_tracking":false,"_monsterinsights_sitenote_active":false,"_monsterinsights_sitenote_note":"","_monsterinsights_sitenote_category":0},"product_brand":[],"product_cat":[12291,12711],"product_tag":[],"class_list":{"0":"post-766209","1":"product","2":"type-product","3":"status-publish","5":"product_cat-edebiyat","6":"product_cat-roman-oyku","7":"pa_cilt-ciltsiz","8":"pa_tur-kitap","9":"pa_yayinevi-kronik-kitap","10":"pa_yazar-tasansu-turker","12":"first","13":"instock","14":"sale","15":"shipping-taxable","16":"purchasable","17":"product-type-simple"},"_links":{"self":[{"href":"https:\/\/roveyayinevi.com.tr\/index.php\/wp-json\/wp\/v2\/product\/766209","targetHints":{"allow":["GET"]}}],"collection":[{"href":"https:\/\/roveyayinevi.com.tr\/index.php\/wp-json\/wp\/v2\/product"}],"about":[{"href":"https:\/\/roveyayinevi.com.tr\/index.php\/wp-json\/wp\/v2\/types\/product"}],"wp:attachment":[{"href":"https:\/\/roveyayinevi.com.tr\/index.php\/wp-json\/wp\/v2\/media?parent=766209"}],"wp:term":[{"taxonomy":"product_brand","embeddable":true,"href":"https:\/\/roveyayinevi.com.tr\/index.php\/wp-json\/wp\/v2\/product_brand?post=766209"},{"taxonomy":"product_cat","embeddable":true,"href":"https:\/\/roveyayinevi.com.tr\/index.php\/wp-json\/wp\/v2\/product_cat?post=766209"},{"taxonomy":"product_tag","embeddable":true,"href":"https:\/\/roveyayinevi.com.tr\/index.php\/wp-json\/wp\/v2\/product_tag?post=766209"}],"curies":[{"name":"wp","href":"https:\/\/api.w.org\/{rel}","templated":true}]}}