{"id":766208,"date":"2025-08-28T12:05:38","date_gmt":"2025-08-28T09:05:38","guid":{"rendered":"https:\/\/roveyayinevi.com.tr\/index.php\/urun\/cadilik-ve-buyu-tarihi\/"},"modified":"2026-04-15T03:32:07","modified_gmt":"2026-04-15T00:32:07","slug":"cadilik-ve-buyu-tarihi","status":"publish","type":"product","link":"https:\/\/roveyayinevi.com.tr\/index.php\/urun\/cadilik-ve-buyu-tarihi\/","title":{"rendered":"Cad\u0131l\u0131k ve B\u00fcy\u00fc Tarihi"},"content":{"rendered":"<p>CADILIK VE B\u00dcY\u00dcN\u00dcN TAR\u0130H\u0130NE B\u00dcT\u00dcNC\u00dcL VE \u0130LG\u0130 \u00c7EK\u0130C\u0130 B\u0130R BAKI\u015e   Y\u00fczy\u0131llard\u0131r s\u00fcregelen cad\u0131l\u0131k ve b\u00fcy\u00fcc\u00fcl\u00fck gelene\u011fi, topluluklar\u0131 korkutmu\u015f, merak uyand\u0131rm\u0131\u015f ve hatta etkisi alt\u0131na alm\u0131\u015ft\u0131r. Bu kitap, insanl\u0131k tarihinin karanl\u0131k sayfalar\u0131na yolculuk yaparak b\u00fcy\u00fcc\u00fcl\u00fc\u011f\u00fcn k\u00f6kenlerine, Orta \u00c7a\u011f\u2019\u0131n cad\u0131 avlar\u0131na, ok\u00fclt rit\u00fcellere ve simyac\u0131lar\u0131n aray\u0131\u015flar\u0131na \u0131\u015f\u0131k tutuyor. Antik M\u0131s\u0131r\u2019dan Avrupa k\u0131rsal\u0131na, cad\u0131 mahkemelerinden modern cad\u0131 k\u00fclt\u00fcr\u00fcne kadar, b\u00fcy\u00fcc\u00fclerin ve cad\u0131lar\u0131n d\u00fcnyas\u0131na tan\u0131kl\u0131k etmek isteyenleri bekleyen bu \u00e7al\u0131\u015fma, tarih\u00ee ger\u00e7ekler ve halk efsaneleriyle harmanlanm\u0131\u015f bir k\u0131lavuz sunuyor. Owen Davies tarihteki ilk b\u00fcy\u00fc ve cad\u0131l\u0131k uygulamalar\u0131ndan itibaren insanl\u0131k tarihiyle beraber geli\u015fen, \u00e7o\u011funlukla a\u00e7\u0131klanamayan bu metafizik olgunun tarihini b\u00fct\u00fcn derinli\u011fiyle anlat\u0131yor. Cad\u0131l\u0131k ve B\u00fcy\u00fc Tarihi: S\u00fcmerlerden Harry Potter\u2019a cad\u0131lar\u0131n \u015eeytan\u2019\u0131n hizmetk\u00e2r\u0131 olup olmad\u0131klar\u0131, \u00f6l\u00fclerle nas\u0131l konu\u015ftuklar\u0131, b\u00fcy\u00fcler i\u00e7in ne t\u00fcr kitaplar yaz\u0131ld\u0131\u011f\u0131, b\u00fcy\u00fc pratikleri, toplum ve siyasi yap\u0131 taraf\u0131ndan b\u00fcy\u00fcyle u\u011fra\u015fanlara nas\u0131l tepkiler verildi\u011fi konular\u0131nda okurlar\u0131na doyurucu bilgiler veriyor. Oxford University Press\u2019in yay\u0131nlad\u0131\u011f\u0131 ve ilk kez T\u00fcrk\u00e7eye \u00e7evrilen elinizdeki kitap, tarihin tozlu raflar\u0131nda sakl\u0131 kalm\u0131\u015f hik\u00e2yeleri, gizemli rit\u00fcelleri, cad\u0131 avlar\u0131n\u0131n kanl\u0131 ge\u00e7mi\u015fini, b\u00fcy\u00fc ve cad\u0131lar\u0131n modern d\u00fcnyadaki ak\u0131betine ve g\u00fcn\u00fcm\u00fczde beyaz perdede temsil \u015fekillerine kadar \u00e7ok geni\u015f bir perspektifle okurunu adeta b\u00fcy\u00fcl\u00fcyor. E\u011fer cad\u0131l\u0131\u011f\u0131n ve b\u00fcy\u00fclerin ard\u0131ndaki s\u0131rlar\u0131 ke\u015ffetmeye haz\u0131rsan\u0131z, Cad\u0131l\u0131k ve B\u00fcy\u00fc Tarihi sizi cad\u0131 kazan\u0131n\u0131n ba\u015f\u0131na davet ediyor. <\/p>\n","protected":false},"excerpt":{"rendered":"<p>CADILIK VE B\u00dcY\u00dcN\u00dcN TAR\u0130H\u0130NE B\u00dcT\u00dcNC\u00dcL VE \u0130LG\u0130 \u00c7EK\u0130C\u0130 B\u0130R BAKI\u015e Y\u00fczy\u0131llard\u0131r s\u00fcregelen cad\u0131l\u0131k ve b\u00fcy\u00fcc\u00fcl\u00fck gelene\u011fi, topluluklar\u0131 korkutmu\u015f, merak uyand\u0131rm\u0131\u015f ve hatta etkisi alt\u0131na alm\u0131\u015ft\u0131r. Bu<span class=\"excerpt-hellip\"> [\u2026]<\/span><\/p>\n","protected":false},"featured_media":0,"template":"","meta":{"_monsterinsights_skip_tracking":false,"_monsterinsights_sitenote_active":false,"_monsterinsights_sitenote_note":"","_monsterinsights_sitenote_category":0},"product_brand":[],"product_cat":[12305,12304],"product_tag":[],"class_list":{"0":"post-766208","1":"product","2":"type-product","3":"status-publish","5":"product_cat-dunya-tarihi","6":"product_cat-tarih","7":"pa_cilt-ciltsiz","8":"pa_tur-kitap","9":"pa_yayinevi-kronik-kitap","10":"pa_yazar-owen-davies","12":"first","13":"instock","14":"sale","15":"shipping-taxable","16":"purchasable","17":"product-type-simple"},"_links":{"self":[{"href":"https:\/\/roveyayinevi.com.tr\/index.php\/wp-json\/wp\/v2\/product\/766208","targetHints":{"allow":["GET"]}}],"collection":[{"href":"https:\/\/roveyayinevi.com.tr\/index.php\/wp-json\/wp\/v2\/product"}],"about":[{"href":"https:\/\/roveyayinevi.com.tr\/index.php\/wp-json\/wp\/v2\/types\/product"}],"wp:attachment":[{"href":"https:\/\/roveyayinevi.com.tr\/index.php\/wp-json\/wp\/v2\/media?parent=766208"}],"wp:term":[{"taxonomy":"product_brand","embeddable":true,"href":"https:\/\/roveyayinevi.com.tr\/index.php\/wp-json\/wp\/v2\/product_brand?post=766208"},{"taxonomy":"product_cat","embeddable":true,"href":"https:\/\/roveyayinevi.com.tr\/index.php\/wp-json\/wp\/v2\/product_cat?post=766208"},{"taxonomy":"product_tag","embeddable":true,"href":"https:\/\/roveyayinevi.com.tr\/index.php\/wp-json\/wp\/v2\/product_tag?post=766208"}],"curies":[{"name":"wp","href":"https:\/\/api.w.org\/{rel}","templated":true}]}}