{"id":766207,"date":"2025-08-28T12:05:36","date_gmt":"2025-08-28T09:05:36","guid":{"rendered":"https:\/\/roveyayinevi.com.tr\/index.php\/urun\/balinanin-olumu\/"},"modified":"2026-04-15T03:32:07","modified_gmt":"2026-04-15T00:32:07","slug":"balinanin-olumu","status":"publish","type":"product","link":"https:\/\/roveyayinevi.com.tr\/index.php\/urun\/balinanin-olumu\/","title":{"rendered":"Balinan\u0131n \u00d6l\u00fcm\u00fc"},"content":{"rendered":"<p>1938 y\u0131l\u0131nda, uzak bir Galler adas\u0131n\u0131n k\u0131y\u0131lar\u0131na \u00f6l\u00fc bir balina vurur. T\u00fcm hayat\u0131n\u0131 adada ge\u00e7irmi\u015f Manod i\u00e7in bu, hem bir k\u0131yamet alameti hem de adan\u0131n k\u0131y\u0131lar\u0131n\u0131n \u00f6tesinde neler olabilece\u011finin bir sembol\u00fc gibidir. Babas\u0131 ve k\u0131z karde\u015fiyle ya\u015fayan gen\u00e7 Manod, ailesinin nesiller boyunca yuva bildi\u011fi, g\u00fczel ama bir o kadar da h\u0131r\u00e7\u0131n adan\u0131n \u00f6tesindeki hayat\u0131 ke\u015ffetme arzusundan kurtulamaz.K\u0131y\u0131ya vuran balinan\u0131n ard\u0131ndan ada k\u00fclt\u00fcr\u00fcn\u00fc incelemek \u00fczere gelen iki \u0130ngiliz etnograf, ona hem kendi adas\u0131n\u0131n uza\u011f\u0131ndaki hayata bir bak\u0131\u015f hem de bir ka\u00e7\u0131\u015f ihtimali sunar. Manod, toplulu\u011funun yanl\u0131\u015f anla\u015f\u0131ld\u0131\u011f\u0131na dair \u015f\u00fcphelerine ra\u011fmen, bamba\u015fka duygularla hesapla\u015fmak zorunda kalacakt\u0131r. Balinan\u0131n \u00d6l\u00fcm\u00fc, keskin bir zek\u00e2yla yo\u011frulmu\u015f \u0131\u015f\u0131l \u0131\u015f\u0131l anlat\u0131m\u0131yla \u00fczerlerine kapanan d\u0131\u015f d\u00fcnyayla y\u00fczle\u015fmek zorunda kalan insanlar\u0131n hik\u00e2yesi&#8230; O\u2019Connor, u\u00e7urumun kenar\u0131ndaki bir toplulu\u011fun ve bir kad\u0131n\u0131n incelikli portresini ustal\u0131kla g\u00f6zler \u00f6n\u00fcne seriyor.\u201cBalinan\u0131n \u00d6l\u00fcm\u00fc, a\u015fk ve kay\u0131p, tan\u0131d\u0131k ve yabanc\u0131, g\u00fcven ve ihanet, kara ve deniz, ya\u015fam ve \u00f6l\u00fcm gibi pek \u00e7ok kutup aras\u0131nda gidip gelen, \u015fa\u015f\u0131rt\u0131c\u0131 derecede kendinden emin bir ilk roman. O\u2019Connor, Manod\u2019da ba\u015ftan \u00e7\u0131kar\u0131c\u0131 ve aldat\u0131c\u0131 bir anlat\u0131c\u0131 yaratm\u0131\u015f: D\u00fcnyay\u0131 onun g\u00f6z\u00fcnden g\u00f6rmeyi \u00e7ok sevdim ve roman\u0131n bitmesini istemedim.\u201d -Maggie O\u2019Farrell, Evlilik Portresi ve Hamnet kitaplar\u0131n\u0131n New York Times \u00e7oksatan yazar\u0131\u201cBalinan\u0131n \u00d6l\u00fcm\u00fc, sakin, ayd\u0131nl\u0131k bir kusursuzlukla yaz\u0131lm\u0131\u015f, her duygusu \u00f6zenle i\u015flenmi\u015f, ada hayat\u0131n\u0131n dram\u0131n\u0131 delici bir do\u011frulukla g\u00f6zler \u00f6n\u00fcne seren g\u00fc\u00e7l\u00fc bir roman.\u201d -Colm Toibin, New York Times \u00e7oksatan yazar\u0131\u201cBalinan\u0131n \u00d6l\u00fcm\u00fc\u2019n\u00fcn sessiz ritmi, tutunulan ve sal\u0131verilen kayb\u0131n derin bir melodisini i\u00e7eriyor. B\u00fcy\u00fck bir de\u011fi\u015fim hakk\u0131nda zarif ve \u00e7etin bir hik\u00e2ye.\u201d -Anne Enright, Booker \u00d6d\u00fcll\u00fc yazar\u0131\u201cB\u00fcy\u00fck bir de\u011fi\u015fimin e\u015fi\u011findeki d\u00fcnyada ge\u00e7en enfes, \u00e7a\u011fr\u0131\u015f\u0131mlarla dolu bir ergenli\u011fe giri\u015f hik\u00e2yesi.\u201d -The Observer, 2024 Y\u0131l\u0131n\u0131n En \u0130yileri\u201cO\u2019Connor her \u015feyin e\u015fi\u011finde bir ruh hali yarat\u0131yor: yeti\u015fkinlik, bir toplulu\u011fun sonu ve roman\u0131n ge\u00e7ti\u011fi zaman g\u00f6z \u00f6n\u00fcne al\u0131nd\u0131\u011f\u0131nda sava\u015f. Bu ayn\u0131 zamanda \u00e7at\u0131\u015fan ideolojilerin birbirlerine kar\u015f\u0131 k\u00f6p\u00fcr\u00fcp kaynad\u0131\u011f\u0131 bir d\u00f6nem ve O\u2019Connor t\u00fcm bunlar\u0131 ve daha fazlas\u0131n\u0131 en ince ayr\u0131nt\u0131lar\u0131yla resmediyor.\u201d -Crack Magazine\u201cAk\u0131ldan \u00e7\u0131kmayacak, tela\u015fs\u0131z, s\u0131ra d\u0131\u015f\u0131 bir ilk roman&#8230; O\u2019Connor k\u0131rsal olan\u0131, izole olan\u0131 feti\u015fle\u015ftirme e\u011filimimizi ve bir inceleme nesnesi haline gelmenin ne anlama geldi\u011fini berrak bir bak\u0131\u015fla sorguluyor.\u201d -Joanna Quinn, The Whalebone Theater\u2019\u0131n New York Times \u00e7oksatan yazar\u0131\u201cApa\u00e7\u0131k ve zarif&#8230; O\u2019Connor\u2019\u0131n m\u00fckemmel ilk roman\u0131 &#8230; bir karakterin kendine \u00f6zg\u00fc varolu\u015funu sahicilikle par\u0131ldatan, titizlikle g\u00f6zlemlenmi\u015f bir yaz\u0131m \u00f6rne\u011fi.\u201d-Maggie Shipstead, New York Times Book Review<\/p>\n","protected":false},"excerpt":{"rendered":"<p>1938 y\u0131l\u0131nda, uzak bir Galler adas\u0131n\u0131n k\u0131y\u0131lar\u0131na \u00f6l\u00fc bir balina vurur. T\u00fcm hayat\u0131n\u0131 adada ge\u00e7irmi\u015f Manod i\u00e7in bu, hem bir k\u0131yamet alameti hem de adan\u0131n k\u0131y\u0131lar\u0131n\u0131n<span class=\"excerpt-hellip\"> [\u2026]<\/span><\/p>\n","protected":false},"featured_media":0,"template":"","meta":{"_monsterinsights_skip_tracking":false,"_monsterinsights_sitenote_active":false,"_monsterinsights_sitenote_note":"","_monsterinsights_sitenote_category":0},"product_brand":[],"product_cat":[12291,12711],"product_tag":[],"class_list":{"0":"post-766207","1":"product","2":"type-product","3":"status-publish","5":"product_cat-edebiyat","6":"product_cat-roman-oyku","7":"pa_cilt-ciltsiz","8":"pa_tur-kitap","9":"pa_yayinevi-timas-yayinlari","10":"pa_yazar-elizabeth-oconnor","12":"first","13":"instock","14":"sale","15":"shipping-taxable","16":"purchasable","17":"product-type-simple"},"_links":{"self":[{"href":"https:\/\/roveyayinevi.com.tr\/index.php\/wp-json\/wp\/v2\/product\/766207","targetHints":{"allow":["GET"]}}],"collection":[{"href":"https:\/\/roveyayinevi.com.tr\/index.php\/wp-json\/wp\/v2\/product"}],"about":[{"href":"https:\/\/roveyayinevi.com.tr\/index.php\/wp-json\/wp\/v2\/types\/product"}],"wp:attachment":[{"href":"https:\/\/roveyayinevi.com.tr\/index.php\/wp-json\/wp\/v2\/media?parent=766207"}],"wp:term":[{"taxonomy":"product_brand","embeddable":true,"href":"https:\/\/roveyayinevi.com.tr\/index.php\/wp-json\/wp\/v2\/product_brand?post=766207"},{"taxonomy":"product_cat","embeddable":true,"href":"https:\/\/roveyayinevi.com.tr\/index.php\/wp-json\/wp\/v2\/product_cat?post=766207"},{"taxonomy":"product_tag","embeddable":true,"href":"https:\/\/roveyayinevi.com.tr\/index.php\/wp-json\/wp\/v2\/product_tag?post=766207"}],"curies":[{"name":"wp","href":"https:\/\/api.w.org\/{rel}","templated":true}]}}