{"id":766206,"date":"2025-08-28T12:05:34","date_gmt":"2025-08-28T09:05:34","guid":{"rendered":"https:\/\/roveyayinevi.com.tr\/index.php\/urun\/gladyatorler-2\/"},"modified":"2026-04-15T03:32:07","modified_gmt":"2026-04-15T00:32:07","slug":"gladyatorler-2","status":"publish","type":"product","link":"https:\/\/roveyayinevi.com.tr\/index.php\/urun\/gladyatorler-2\/","title":{"rendered":"Gladyat\u00f6rler"},"content":{"rendered":"<p>ARENADA SOLUK KESEN M\u00dcCADELELER, KAN, KUM, ACI DOLU G\u00d6ZYA\u015eLARI VE GAL\u0130B\u0130YET NARALARI\u2026   \u201c\u0130mparatorlar Yataklar\u0131nda \u00d6lmez kitab\u0131n\u0131n yazar\u0131 Meijer, okuyucular\u0131n\u0131n gladyat\u00f6rler hakk\u0131nda ne bilmek istediklerini \u00e7ok iyi anlayarak bu takdire \u015fayan k\u0131sa \u00e7al\u0131\u015fmas\u0131nda onlar\u0131n her sorusunu yan\u0131tl\u0131yor. Gladyat\u00f6rlerin kim olduklar\u0131n\u0131; nas\u0131l e\u011fitildiklerini, beslendiklerini ve \u00f6deme ald\u0131klar\u0131n\u0131; hangi silahlar\u0131 kulland\u0131klar\u0131n\u0131 ve arenadaki d\u00f6v\u00fc\u015flerin hangi kurallara tabi olduklar\u0131n\u0131 a\u00e7\u0131kl\u0131yor.\u201d \u2013 The New York Times   2000 y\u0131l \u00f6nce Kolezyum&#8217;da tela\u015fl\u0131 bir g\u00fcn\u2026 \u0130mparator ba\u015fk\u00f6\u015fede maiyetiyle oturuyor. Tezah\u00fcrat yapan 50.000 seyirci\u2026 Kulaklar\u0131 sa\u011f\u0131r eden bir tezah\u00fcrat dalgas\u0131\u2026 Ortadaki kum zeminde \u00f6lesiye bir d\u00f6v\u00fc\u015fe tutu\u015fmu\u015f iki gladyat\u00f6r\u2026 Bu iki d\u00f6v\u00fc\u015f\u00e7\u00fcden biri ma\u011flup olacak, b\u00fcy\u00fck ihtimalle \u00f6lecek. Gladyat\u00f6rlerin tutu\u015ftu\u011fu bu kavgan\u0131n sebebi belli: G\u00fczel ve heyecanl\u0131 bir m\u00fccadeleyle seyircileri memnun etmek ve mensup olduklar\u0131 okula \u015fan, kendilerine \u015f\u00f6hret kazand\u0131rmak. Gladyat\u00f6r oyunlar\u0131 Roma devletinin en \u00f6nemli sosyal ve k\u00fclt\u00fcrel kurumlar\u0131ndand\u0131. Bununla birlikte zinde, \u00e7evik, kasl\u0131 ve ma\u00e7o gladyat\u00f6rler \u00f6l\u00fcm\u00fcne sava\u015f\u0131rken g\u00f6sterdikleri yetenek ve cesaret nedeniyle birer kahraman olarak alg\u0131lansalar da toplumdaki stat\u00fcleri nedeniyle hor g\u00f6r\u00fcl\u00fcyorlard\u0131. Bu oyunlar\u0131n ortaya \u00e7\u0131kmas\u0131ndan sona erene kadar ge\u00e7en alt\u0131 as\u0131r boyunca on binlerce ki\u015fi Roma ve kolonilerinin kana boyanm\u0131\u015f arenalar\u0131nda \u015fiddet naralar\u0131 atan b\u00fcy\u00fclenmi\u015f kalabal\u0131klar onlar\u0131 izlerken hayatlar\u0131n\u0131 kaybettiler. \u00c7o\u011fu zaman bir mezarlar\u0131 bile olmad\u0131. Eski \u00c7a\u011f Profes\u00f6r\u00fc Fik Meijer gladyat\u00f6rlerin k\u00f6kenlerini, g\u00fcnl\u00fck ya\u015famlar\u0131n\u0131, e\u011fitimlerini ve hayranlar\u0131n\u0131n kan ve g\u00f6steri tutkusuna kar\u015f\u0131 hayatta kalma arzular\u0131n\u0131 anlatarak, onlar\u0131n ger\u00e7ek hik\u00e2yelerini \u00e7a\u011fda\u015f kan\u0131tlar\u0131 kullanarak ustal\u0131kla bir araya getiriyor ve tarihin bu ilk kurumsal e\u011flence y\u0131ld\u0131zlar\u0131n\u0131n itibarlar\u0131n\u0131 iade ediyor. Gladyat\u00f6rler: Tarihin En \u00d6l\u00fcmc\u00fcl Sporu, binlerce belgeyi, kal\u0131nt\u0131y\u0131, g\u00f6rg\u00fc tan\u0131klar\u0131n\u0131n ifadesini bir araya getirerek Antik Roma\u2019daki gladyat\u00f6rlere yeniden hayat veriyor. Fik Meijer\u2019in bu kitab\u0131 her tarihseverin okumas\u0131 gereken bir eser. <\/p>\n","protected":false},"excerpt":{"rendered":"<p>ARENADA SOLUK KESEN M\u00dcCADELELER, KAN, KUM, ACI DOLU G\u00d6ZYA\u015eLARI VE GAL\u0130B\u0130YET NARALARI\u2026 \u201c\u0130mparatorlar Yataklar\u0131nda \u00d6lmez kitab\u0131n\u0131n yazar\u0131 Meijer, okuyucular\u0131n\u0131n gladyat\u00f6rler hakk\u0131nda ne bilmek istediklerini \u00e7ok iyi<span class=\"excerpt-hellip\"> [\u2026]<\/span><\/p>\n","protected":false},"featured_media":0,"template":"","meta":{"_monsterinsights_skip_tracking":false,"_monsterinsights_sitenote_active":false,"_monsterinsights_sitenote_note":"","_monsterinsights_sitenote_category":0},"product_brand":[],"product_cat":[12304],"product_tag":[],"class_list":{"0":"post-766206","1":"product","2":"type-product","3":"status-publish","5":"product_cat-tarih","6":"pa_cilt-ciltsiz","7":"pa_tur-kitap","8":"pa_yayinevi-kronik-kitap","9":"pa_yazar-fik-meijer","11":"first","12":"instock","13":"sale","14":"shipping-taxable","15":"purchasable","16":"product-type-simple"},"_links":{"self":[{"href":"https:\/\/roveyayinevi.com.tr\/index.php\/wp-json\/wp\/v2\/product\/766206","targetHints":{"allow":["GET"]}}],"collection":[{"href":"https:\/\/roveyayinevi.com.tr\/index.php\/wp-json\/wp\/v2\/product"}],"about":[{"href":"https:\/\/roveyayinevi.com.tr\/index.php\/wp-json\/wp\/v2\/types\/product"}],"wp:attachment":[{"href":"https:\/\/roveyayinevi.com.tr\/index.php\/wp-json\/wp\/v2\/media?parent=766206"}],"wp:term":[{"taxonomy":"product_brand","embeddable":true,"href":"https:\/\/roveyayinevi.com.tr\/index.php\/wp-json\/wp\/v2\/product_brand?post=766206"},{"taxonomy":"product_cat","embeddable":true,"href":"https:\/\/roveyayinevi.com.tr\/index.php\/wp-json\/wp\/v2\/product_cat?post=766206"},{"taxonomy":"product_tag","embeddable":true,"href":"https:\/\/roveyayinevi.com.tr\/index.php\/wp-json\/wp\/v2\/product_tag?post=766206"}],"curies":[{"name":"wp","href":"https:\/\/api.w.org\/{rel}","templated":true}]}}