{"id":766205,"date":"2025-08-28T12:05:33","date_gmt":"2025-08-28T09:05:33","guid":{"rendered":"https:\/\/roveyayinevi.com.tr\/index.php\/urun\/kutlu-hayatin-izinde\/"},"modified":"2026-04-15T03:32:07","modified_gmt":"2026-04-15T00:32:07","slug":"kutlu-hayatin-izinde","status":"publish","type":"product","link":"https:\/\/roveyayinevi.com.tr\/index.php\/urun\/kutlu-hayatin-izinde\/","title":{"rendered":"Kutlu Hayat\u0131n \u0130zinde"},"content":{"rendered":"<p>Ant olsun ki Allah\u2019\u0131n el\u00e7isinde sizin i\u00e7in, Allah\u2019a ve ahiret g\u00fcn\u00fcne kavu\u015fmay\u0131 umanlar ve Allah\u2019\u0131 \u00e7ok ananlar i\u00e7in g\u00fczel bir \u00f6rnek vard\u0131r (Ahzab 33\/21).\u0130slam\u2019da Hz. Peygamber\u2019in (sav) \u00f6nemi sadece ilah\u00ee mesaj\u0131 insanl\u0131\u011fa ula\u015ft\u0131rmas\u0131nda de\u011fil, bu mesajda sunulan ideal insan (insan-\u0131 k\u00e2mil) modelinin nas\u0131l ger\u00e7ekle\u015ftirilece\u011fini ya\u015fay\u0131\u015f\u0131yla bizzat g\u00f6stermesindedir.Prof. Dr. Ahmet \u00d6zel\u2019in bu \u00e7al\u0131\u015fmas\u0131, Peygamber Efendimizin hayat\u0131n\u0131 b\u00fct\u00fcnc\u00fcl bir bak\u0131\u015fla ele al\u0131p onu hem insan hem peygamber olarak inceliyor. Hz. Peygamber\u2019in hayat\u0131n\u0131 anlat\u0131rken sadece olaylar\u0131 aktaran, hik\u00e2yeci bir anlat\u0131mdan uzak duruyor. Bunun yan\u0131 s\u0131ra, ifrat ve tefrit \u00e7izgisinde kalan di\u011fer eserlerden farkl\u0131 bir yer se\u00e7erek dengeli bir \u00fcslup benimsiyor.Kitap boyunca, Res\u00fblullah\u2019\u0131n ashab\u0131n\u0131 nas\u0131l e\u011fitti\u011fi, \u00e7eyrek  y\u00fczy\u0131l gibi k\u0131sa bir s\u00fcrede d\u00fcnyaya h\u00e2kim olacak bir yap\u0131y\u0131 nas\u0131l kurdu\u011fu detayl\u0131 bir \u015fekilde i\u015fleniyor. Ayr\u0131ca, gazve ve seriyyeler ele al\u0131n\u0131rken sadece bunlar\u0131n nerede ve nas\u0131l meydana geldi\u011fi anlat\u0131lm\u0131yor, geni\u015f bir bak\u0131\u015f a\u00e7\u0131s\u0131yla sebep ve sonu\u00e7lar\u0131 \u00fczerinde duruluyor. Eserde, namaz, abdest, ezan, k\u0131ble, \u0130sr\u00e2 ve Mii&#8217;rac, Allah Res\u00fbl\u00fc\u2019n\u00fcn evlilikleri, sava\u015f ve cihat, ganimet, k\u00f6lelik-cariyelik gibi \u00e7e\u015fitli kavram ve konular ele al\u0131narak g\u00fcndemdeki bir\u00e7ok soruya cevap aran\u0131yor. Yazar, Bat\u0131l\u0131 paradigmalar\u0131n etkisinde kalmadan ve gelene\u011fi tamamen tekrar etmeden mutedil bir dille iddialara yan\u0131t veriyor ve siyer literat\u00fcr\u00fcnde kendine \u00f6zg\u00fc bir yer ediniyor. 28 klasik kayna\u011f\u0131n 100\u2019den fazla cildinin detayl\u0131 bir \u015fekilde incelendi\u011fi, T\u00fcrk\u00e7e, \u0130ngilizce, Frans\u0131zca ve Arap\u00e7a \u00e7a\u011fda\u015f eserlerden de yararlanan bu \u00e7al\u0131\u015fma, T\u00fcrkiye\u2019de uzun zamand\u0131r eksikli\u011fi hissedilen klasik ve modern kaynaklara dayal\u0131 \u00f6zg\u00fcn bir siyer ortaya koyuyor.<\/p>\n","protected":false},"excerpt":{"rendered":"<p>Ant olsun ki Allah\u2019\u0131n el\u00e7isinde sizin i\u00e7in, Allah\u2019a ve ahiret g\u00fcn\u00fcne kavu\u015fmay\u0131 umanlar ve Allah\u2019\u0131 \u00e7ok ananlar i\u00e7in g\u00fczel bir \u00f6rnek vard\u0131r (Ahzab 33\/21).\u0130slam\u2019da Hz. Peygamber\u2019in<span class=\"excerpt-hellip\"> [\u2026]<\/span><\/p>\n","protected":false},"featured_media":0,"template":"","meta":{"_monsterinsights_skip_tracking":false,"_monsterinsights_sitenote_active":false,"_monsterinsights_sitenote_note":"","_monsterinsights_sitenote_category":0},"product_brand":[],"product_cat":[13036,12718,12719],"product_tag":[],"class_list":{"0":"post-766205","1":"product","2":"type-product","3":"status-publish","5":"product_cat-arastirma-inceleme-islam","6":"product_cat-din","7":"product_cat-islam","8":"pa_cilt-ciltsiz","9":"pa_tur-kitap","10":"pa_yayinevi-timas-yayinlari","11":"pa_yazar-ahmet-ozel","13":"first","14":"instock","15":"sale","16":"shipping-taxable","17":"purchasable","18":"product-type-simple"},"_links":{"self":[{"href":"https:\/\/roveyayinevi.com.tr\/index.php\/wp-json\/wp\/v2\/product\/766205","targetHints":{"allow":["GET"]}}],"collection":[{"href":"https:\/\/roveyayinevi.com.tr\/index.php\/wp-json\/wp\/v2\/product"}],"about":[{"href":"https:\/\/roveyayinevi.com.tr\/index.php\/wp-json\/wp\/v2\/types\/product"}],"wp:attachment":[{"href":"https:\/\/roveyayinevi.com.tr\/index.php\/wp-json\/wp\/v2\/media?parent=766205"}],"wp:term":[{"taxonomy":"product_brand","embeddable":true,"href":"https:\/\/roveyayinevi.com.tr\/index.php\/wp-json\/wp\/v2\/product_brand?post=766205"},{"taxonomy":"product_cat","embeddable":true,"href":"https:\/\/roveyayinevi.com.tr\/index.php\/wp-json\/wp\/v2\/product_cat?post=766205"},{"taxonomy":"product_tag","embeddable":true,"href":"https:\/\/roveyayinevi.com.tr\/index.php\/wp-json\/wp\/v2\/product_tag?post=766205"}],"curies":[{"name":"wp","href":"https:\/\/api.w.org\/{rel}","templated":true}]}}