{"id":766204,"date":"2025-08-28T12:05:31","date_gmt":"2025-08-28T09:05:31","guid":{"rendered":"https:\/\/roveyayinevi.com.tr\/index.php\/urun\/dogu-ve-bati-ciltli\/"},"modified":"2026-04-15T03:32:07","modified_gmt":"2026-04-15T00:32:07","slug":"dogu-ve-bati-ciltli","status":"publish","type":"product","link":"https:\/\/roveyayinevi.com.tr\/index.php\/urun\/dogu-ve-bati-ciltli\/","title":{"rendered":"Do\u011fu ve Bat\u0131 (Ciltli)"},"content":{"rendered":"<p>Mezopotamya: Yunan Sanat\u0131n\u0131n Kayna\u011f\u0131 \u201cYunanl\u0131lar Yak\u0131n Do\u011fu\u2019dan \u00e7ok \u015fey \u00f6\u011frendiler ama k\u0131sa s\u00fcrede insanl\u0131\u011f\u0131n entelekt\u00fcel liderli\u011fini de ele ge\u00e7irmeyi ba\u015fard\u0131lar. Ard\u0131ndan Bat\u0131 medeniyetinin be\u015fi\u011fi h\u00e2line gelen tamamen yeni bir d\u00fcnya yaratt\u0131lar.\u201d  \u00b7         Yunan sanat\u0131 nas\u0131l ortaya \u00e7\u0131kt\u0131? \u00b7         Mezopotamya medeniyetlerinin Yunan sanat\u0131 \u00fczerindeki etkileri nelerdi? \u00b7         Yunan heykellerindeki Yak\u0131n Do\u011fu etkileri nelerdi? \u00b7         Fenike alfabesi ve Yak\u0131n Do\u011fu mitolojisi Yunan k\u00fclt\u00fcr\u00fcn\u00fc nas\u0131l d\u00f6n\u00fc\u015ft\u00fcrd\u00fc? T\u00fcrkiye\u2019de arkeoloji denince akla gelen ilk isimlerden Ord. Prof. Dr. Ekrem Akurgal, Do\u011fu ve Bat\u0131 kitab\u0131nda Antik Yunan\u2019\u0131n sanat ve k\u00fclt\u00fcr miras\u0131n\u0131n k\u00f6kenlerini ararken, Akdeniz ile Yak\u0131n Do\u011fu\u2019nun zengin ve karma\u015f\u0131k ili\u015fkilerini de ele al\u0131yor. Neo-Asur\u2019dan Babil\u2019e, Aramilerden Neo-Hitit\u2019e, Fenike ve Suriye\u2019ye kadar Yunan sanat\u0131n\u0131n nas\u0131l \u015fekillendi\u011fini ve di\u011fer medeniyetlerle olan etkile\u015fimlerini ustal\u0131kla anlat\u0131yor. Akurgal, sanat tarihinden arkeolojiye kadar geni\u015f bir yelpazede Yak\u0131n Do\u011fu\u2019nun ba\u015fl\u0131ca sanat merkezlerini, \u00f6nemli sanat eserlerini inceliyor. Bu kitapta Mezopotamya sanat\u0131n\u0131n ge\u00e7irdi\u011fi \u00fcslup evrelerini ve bu evrelerin Yunan sanat\u0131 \u00fczerindeki etkilerini okuyacaks\u0131n\u0131z. Akdeniz ve Yak\u0131n Do\u011fu\u2019nun zengin ve karma\u015f\u0131k ili\u015fkilerini derinlemesine inceleyen Akurgal, medeniyetler aras\u0131 ili\u015fkileri anlamak ve Bat\u0131 medeniyetinin temellerine dair derinlemesine bir anlay\u0131\u015f kazanmak isteyenler i\u00e7in e\u015fsiz bir rehber ortaya koyuyor. \u00c7ok say\u0131da g\u00f6rseliyle; sanat tarihi merakl\u0131lar\u0131, arkeologlar ve k\u00fclt\u00fcrel mirasa ilgi duyan herkes i\u00e7in bir hazine de\u011ferinde olan ve yay\u0131nland\u0131\u011f\u0131 zaman b\u00fcy\u00fck ses getiren Do\u011fu ve Bat\u0131; \u0130ngilizceye, \u0130talyancaya ve Frans\u0131zcaya \u00e7evrilmi\u015fti. \u015eimdi ise ilk kez T\u00fcrk\u00e7e olarak okuyucusuyla bulu\u015fuyor!<\/p>\n","protected":false},"excerpt":{"rendered":"<p>Mezopotamya: Yunan Sanat\u0131n\u0131n Kayna\u011f\u0131 \u201cYunanl\u0131lar Yak\u0131n Do\u011fu\u2019dan \u00e7ok \u015fey \u00f6\u011frendiler ama k\u0131sa s\u00fcrede insanl\u0131\u011f\u0131n entelekt\u00fcel liderli\u011fini de ele ge\u00e7irmeyi ba\u015fard\u0131lar. Ard\u0131ndan Bat\u0131 medeniyetinin be\u015fi\u011fi h\u00e2line gelen<span class=\"excerpt-hellip\"> [\u2026]<\/span><\/p>\n","protected":false},"featured_media":0,"template":"","meta":{"_monsterinsights_skip_tracking":false,"_monsterinsights_sitenote_active":false,"_monsterinsights_sitenote_note":"","_monsterinsights_sitenote_category":0},"product_brand":[],"product_cat":[12304],"product_tag":[],"class_list":{"0":"post-766204","1":"product","2":"type-product","3":"status-publish","5":"product_cat-tarih","6":"pa_cilt-ciltli","7":"pa_tur-kitap","8":"pa_yayinevi-kronik-kitap","9":"pa_yazar-ekrem-akurgal","11":"first","12":"instock","13":"sale","14":"shipping-taxable","15":"purchasable","16":"product-type-simple"},"_links":{"self":[{"href":"https:\/\/roveyayinevi.com.tr\/index.php\/wp-json\/wp\/v2\/product\/766204","targetHints":{"allow":["GET"]}}],"collection":[{"href":"https:\/\/roveyayinevi.com.tr\/index.php\/wp-json\/wp\/v2\/product"}],"about":[{"href":"https:\/\/roveyayinevi.com.tr\/index.php\/wp-json\/wp\/v2\/types\/product"}],"wp:attachment":[{"href":"https:\/\/roveyayinevi.com.tr\/index.php\/wp-json\/wp\/v2\/media?parent=766204"}],"wp:term":[{"taxonomy":"product_brand","embeddable":true,"href":"https:\/\/roveyayinevi.com.tr\/index.php\/wp-json\/wp\/v2\/product_brand?post=766204"},{"taxonomy":"product_cat","embeddable":true,"href":"https:\/\/roveyayinevi.com.tr\/index.php\/wp-json\/wp\/v2\/product_cat?post=766204"},{"taxonomy":"product_tag","embeddable":true,"href":"https:\/\/roveyayinevi.com.tr\/index.php\/wp-json\/wp\/v2\/product_tag?post=766204"}],"curies":[{"name":"wp","href":"https:\/\/api.w.org\/{rel}","templated":true}]}}