{"id":766202,"date":"2025-08-28T12:05:29","date_gmt":"2025-08-28T09:05:29","guid":{"rendered":"https:\/\/roveyayinevi.com.tr\/index.php\/urun\/gercekcilik-modern-sanat-akimlari\/"},"modified":"2026-03-12T03:29:22","modified_gmt":"2026-03-12T00:29:22","slug":"gercekcilik-modern-sanat-akimlari","status":"publish","type":"product","link":"https:\/\/roveyayinevi.com.tr\/index.php\/urun\/gercekcilik-modern-sanat-akimlari\/","title":{"rendered":"Ger\u00e7ek\u00e7ilik &#8211; Modern Sanat Ak\u0131mlar\u0131"},"content":{"rendered":"<p>Yirminci y\u00fczy\u0131l\u0131n Ger\u00e7ek\u00e7i sanat\u0131, ortak bir \u00fcslup kayg\u0131s\u0131 veya manifestolarla de\u011fil, \u00e7e\u015fitlili\u011fiyle dikkat \u00e7eker. Bu \u00e7e\u015fitlili\u011fin i\u00e7erisindeki ortak nokta, modern d\u00fcnyaya ve geriye kalan her \u015feye oldu\u011fu gibi ba\u011fl\u0131 kalmakt\u0131r. James Malpas, Ger\u00e7ek\u00e7ilik kitab\u0131nda, bu zengin sanat \u00fcslubunu on dokuzuncu y\u00fczy\u0131l Fransa\u2019s\u0131ndan, Gustave Courbet\u2019nin \u00e7al\u0131\u015fmalar\u0131ndan ba\u015flay\u0131p Georg Grosz&#8217;un Weimar Almanya&#8217;s\u0131ndaki kentsel ya\u015fam\u0131 g\u00f6zlemledi\u011fi \u00e7al\u0131\u015fmalar\u0131na, Amerika&#8217;da Edward Hopper ve Grant Wood&#8217;un resimlerine ve Stalin\u2019in Sovyetler Birli\u011fi\u2019ndeki \u201ctoplumsal ger\u00e7ek\u00e7ili\u011fe\u201d dek uzanacak \u015fekilde ele al\u0131yor. Ger\u00e7ek\u00e7i bak\u0131\u015f a\u00e7\u0131s\u0131n\u0131, iki sava\u015f aras\u0131ndaki Frans\u0131z ve \u0130talyan sanat\u0131yla, Meksikal\u0131 duvar ressam\u0131 Diego Rivera&#8217;n\u0131n politik resimleriyle, aralar\u0131nda Stanley Spencer, Lucian Freud ve David Hockney&#8217;nin de bulundu\u011fu \u0130ngiliz Ger\u00e7ek\u00e7ileriyle, Richard Hamilton ve Andy Warhol gibi Pop Art sanat\u00e7\u0131lar\u0131yla birlikte kapsaml\u0131 olarak ele al\u0131yor.   Bu seri, son iki y\u00fczy\u0131la damgas\u0131n\u0131 vurmu\u015f sanat ak\u0131mlar\u0131n\u0131 okuyucuyla bulu\u015fturuyor. Modern sanat\u0131n, hem farkl\u0131 d\u00f6nemleriyle hem de bir b\u00fct\u00fcn olarak t\u00fcm geli\u015fim \u00e7izgisi \u00fczerinde g\u00f6r\u00fclebilece\u011fi ayd\u0131nlat\u0131c\u0131 bir bak\u0131\u015f a\u00e7\u0131s\u0131 sunuyor.   Serinin Di\u011fer Kitaplar\u0131 Ard-\u0130zlenimcilik  &#8211; Arte Povera  &#8211; D\u0131\u015favurumculuk \u2013 F\u00fct\u00fcrizm \u2013 Ger\u00e7ek\u00fcst\u00fcc\u00fcl\u00fck &#8211; Kavramsal Sanat \u2013 K\u00fcbizm \u2013 Minimalizm \u2013 Modernizm &#8211; Pop Art \u2013 Postmodernizm &#8211; Soyut Sanat &#8211; Soyut-D\u0131\u015favurumculuk <\/p>\n","protected":false},"excerpt":{"rendered":"<p>Yirminci y\u00fczy\u0131l\u0131n Ger\u00e7ek\u00e7i sanat\u0131, ortak bir \u00fcslup kayg\u0131s\u0131 veya manifestolarla de\u011fil, \u00e7e\u015fitlili\u011fiyle dikkat \u00e7eker. Bu \u00e7e\u015fitlili\u011fin i\u00e7erisindeki ortak nokta, modern d\u00fcnyaya ve geriye kalan her \u015feye<span class=\"excerpt-hellip\"> [\u2026]<\/span><\/p>\n","protected":false},"featured_media":0,"template":"","meta":{"_monsterinsights_skip_tracking":false,"_monsterinsights_sitenote_active":false,"_monsterinsights_sitenote_note":"","_monsterinsights_sitenote_category":0},"product_brand":[],"product_cat":[13548,12408],"product_tag":[],"class_list":{"0":"post-766202","1":"product","2":"type-product","3":"status-publish","5":"product_cat-kuram","6":"product_cat-sanat","7":"pa_cilt-ciltsiz","8":"pa_tur-kitap","9":"pa_yayinevi-hayalperest-yayinlari","10":"pa_yazar-james-malpas","12":"first","13":"instock","14":"sale","15":"shipping-taxable","16":"purchasable","17":"product-type-simple"},"_links":{"self":[{"href":"https:\/\/roveyayinevi.com.tr\/index.php\/wp-json\/wp\/v2\/product\/766202","targetHints":{"allow":["GET"]}}],"collection":[{"href":"https:\/\/roveyayinevi.com.tr\/index.php\/wp-json\/wp\/v2\/product"}],"about":[{"href":"https:\/\/roveyayinevi.com.tr\/index.php\/wp-json\/wp\/v2\/types\/product"}],"wp:attachment":[{"href":"https:\/\/roveyayinevi.com.tr\/index.php\/wp-json\/wp\/v2\/media?parent=766202"}],"wp:term":[{"taxonomy":"product_brand","embeddable":true,"href":"https:\/\/roveyayinevi.com.tr\/index.php\/wp-json\/wp\/v2\/product_brand?post=766202"},{"taxonomy":"product_cat","embeddable":true,"href":"https:\/\/roveyayinevi.com.tr\/index.php\/wp-json\/wp\/v2\/product_cat?post=766202"},{"taxonomy":"product_tag","embeddable":true,"href":"https:\/\/roveyayinevi.com.tr\/index.php\/wp-json\/wp\/v2\/product_tag?post=766202"}],"curies":[{"name":"wp","href":"https:\/\/api.w.org\/{rel}","templated":true}]}}