{"id":766200,"date":"2025-08-28T12:05:26","date_gmt":"2025-08-28T09:05:26","guid":{"rendered":"https:\/\/roveyayinevi.com.tr\/index.php\/urun\/gercekustuculuk-modern-sanat-akimlari\/"},"modified":"2026-03-12T03:29:22","modified_gmt":"2026-03-12T00:29:22","slug":"gercekustuculuk-modern-sanat-akimlari","status":"publish","type":"product","link":"https:\/\/roveyayinevi.com.tr\/index.php\/urun\/gercekustuculuk-modern-sanat-akimlari\/","title":{"rendered":"Ger\u00e7ek\u00fcst\u00fcc\u00fcl\u00fck &#8211; Modern Sanat Ak\u0131mlar\u0131"},"content":{"rendered":"<p>Yirminci y\u00fczy\u0131l\u0131n belki de en ilgin\u00e7 ve en etkileyici sanat ak\u0131mlar\u0131ndan birisi olan Ger\u00e7ek\u00fcst\u00fcc\u00fcl\u00fck, sanatta, edebiyatta, sinemada ve m\u00fczikte \u201cger\u00e7e\u011fin\u201d s\u0131n\u0131rlar\u0131n\u0131 zorlayan, bilin\u00e7alt\u0131na y\u00f6nelen bir harekettir. K\u00fcrat\u00f6r ve yazar Fiona Bradley bu kitapta, 1920\u2019li y\u0131llar\u0131n Paris\u2019inde bir grup entelekt\u00fcelin ba\u015flatt\u0131\u011f\u0131 bu kolektif maceray\u0131 ba\u015ftan sona ele al\u0131yor. Aralar\u0131nda Andr\u00e9 Breton, Salvador Dal\u00ed, Ren\u00e9 Magritte, Max Ernst gibi isimlerin bulundu\u011fu Ger\u00e7ek\u00fcst\u00fcc\u00fc grubun tan\u0131\u015fma hik\u00e2yelerini, kendilerinden \u00f6nceki Dada ak\u0131m\u0131 ile ili\u015fkilerini ve \u00f6zellikle Sigmund Freud\u2019un \u00e7al\u0131\u015fmalar\u0131n\u0131n ak\u0131m\u0131n \u015fekillenmesinde nas\u0131l b\u00fcy\u00fck bir rol sahibi oldu\u011funu vurguluyor. Okuyucuya, d\u00fcnyan\u0131n d\u00f6rt bir yan\u0131nda etkili olan Ger\u00e7ek\u00fcst\u00fcc\u00fcl\u00fc\u011f\u00fcn k\u00fclt\u00fcrel miras\u0131n\u0131n kapsaml\u0131 bir kayd\u0131n\u0131 sunuyor.   Bu seri, son iki y\u00fczy\u0131la damgas\u0131n\u0131 vurmu\u015f sanat ak\u0131mlar\u0131n\u0131 okuyucuyla bulu\u015fturuyor. Modern sanat\u0131n, hem farkl\u0131 d\u00f6nemleriyle hem de bir b\u00fct\u00fcn olarak t\u00fcm geli\u015fim \u00e7izgisi \u00fczerinde g\u00f6r\u00fclebilece\u011fi ayd\u0131nlat\u0131c\u0131 bir bak\u0131\u015f a\u00e7\u0131s\u0131 sunuyor.   Serinin Di\u011fer Kitaplar\u0131 Ard-\u0130zlenimcilik  &#8211; Arte Povera  &#8211; D\u0131\u015favurumculuk \u2013 F\u00fct\u00fcrizm \u2013 Pop Art &#8211; Kavramsal Sanat \u2013 K\u00fcbizm \u2013 Minimalizm \u2013 Modernizm &#8211; Ger\u00e7ek\u00e7ilik \u2013 Postmodernizm &#8211; Soyut Sanat &#8211; Soyut-D\u0131\u015favurumculuk<\/p>\n","protected":false},"excerpt":{"rendered":"<p>Yirminci y\u00fczy\u0131l\u0131n belki de en ilgin\u00e7 ve en etkileyici sanat ak\u0131mlar\u0131ndan birisi olan Ger\u00e7ek\u00fcst\u00fcc\u00fcl\u00fck, sanatta, edebiyatta, sinemada ve m\u00fczikte \u201cger\u00e7e\u011fin\u201d s\u0131n\u0131rlar\u0131n\u0131 zorlayan, bilin\u00e7alt\u0131na y\u00f6nelen bir harekettir.<span class=\"excerpt-hellip\"> [\u2026]<\/span><\/p>\n","protected":false},"featured_media":0,"template":"","meta":{"_monsterinsights_skip_tracking":false,"_monsterinsights_sitenote_active":false,"_monsterinsights_sitenote_note":"","_monsterinsights_sitenote_category":0},"product_brand":[],"product_cat":[13548,12408],"product_tag":[],"class_list":{"0":"post-766200","1":"product","2":"type-product","3":"status-publish","5":"product_cat-kuram","6":"product_cat-sanat","7":"pa_cilt-ciltsiz","8":"pa_tur-kitap","9":"pa_yayinevi-hayalperest-yayinlari","10":"pa_yazar-fiona-bradley","12":"first","13":"instock","14":"sale","15":"shipping-taxable","16":"purchasable","17":"product-type-simple"},"_links":{"self":[{"href":"https:\/\/roveyayinevi.com.tr\/index.php\/wp-json\/wp\/v2\/product\/766200","targetHints":{"allow":["GET"]}}],"collection":[{"href":"https:\/\/roveyayinevi.com.tr\/index.php\/wp-json\/wp\/v2\/product"}],"about":[{"href":"https:\/\/roveyayinevi.com.tr\/index.php\/wp-json\/wp\/v2\/types\/product"}],"wp:attachment":[{"href":"https:\/\/roveyayinevi.com.tr\/index.php\/wp-json\/wp\/v2\/media?parent=766200"}],"wp:term":[{"taxonomy":"product_brand","embeddable":true,"href":"https:\/\/roveyayinevi.com.tr\/index.php\/wp-json\/wp\/v2\/product_brand?post=766200"},{"taxonomy":"product_cat","embeddable":true,"href":"https:\/\/roveyayinevi.com.tr\/index.php\/wp-json\/wp\/v2\/product_cat?post=766200"},{"taxonomy":"product_tag","embeddable":true,"href":"https:\/\/roveyayinevi.com.tr\/index.php\/wp-json\/wp\/v2\/product_tag?post=766200"}],"curies":[{"name":"wp","href":"https:\/\/api.w.org\/{rel}","templated":true}]}}