{"id":766199,"date":"2025-08-28T12:05:24","date_gmt":"2025-08-28T09:05:24","guid":{"rendered":"https:\/\/roveyayinevi.com.tr\/index.php\/urun\/isim-sehir-film-roman\/"},"modified":"2026-04-08T03:28:28","modified_gmt":"2026-04-08T00:28:28","slug":"isim-sehir-film-roman","status":"publish","type":"product","link":"https:\/\/roveyayinevi.com.tr\/index.php\/urun\/isim-sehir-film-roman\/","title":{"rendered":"\u0130sim \u015eehir Film Roman"},"content":{"rendered":"<p>\u201cBir gu\u0308n ona Avanos\u2019taki c\u0327ocuklug\u0306umdan, ilk genc\u0327lig\u0306imden bahsederken domatesi nas\u0131l yedig\u0306imi tarif etmis\u0327tim. Avanos\u2019taki evimizin bahc\u0327esinde bir havuzumuz vard\u0131. Bahc\u0327eden kopar\u0131r\u0131m domatesi, bol suyla y\u0131kad\u0131ktan sonra keserim. Havuzun kenar\u0131nda bir yerde, eskiden kalm\u0131s\u0327, kurumus\u0327, kat\u0131las\u0327m\u0131s\u0327 tuz olur. Salatal\u0131kta domateste su\u0308rekli kullan\u0131lm\u0131s\u0327t\u0131r o tuz. \u2018B\u0131c\u0327ag\u0306\u0131 o\u0308nce tuza su\u0308rterim, sonra domatese su\u0308rterim, domatesi o\u0308yle yerim,\u2019 diye bir s\u0327ey anlatt\u0131m ona. \u2018Ulan anan seni c\u0327ok sevmis\u0327!\u2019 dedi bana. \u2018Nas\u0131l yani abi, domatesten buraya nas\u0131l geldik?\u2019 dedim. \u2018Og\u0306lum,\u2019 dedi; \u2018sen doymus\u0327sun zaten; anan seni c\u0327ok sevmis\u0327, ancak anas\u0131n\u0131n c\u0327ok sevdig\u0306i bir adam bo\u0308yle anlat\u0131r domatesi.\u2019\u201d\u00beErcan Kesal   Ger\u00e7ek evimiz neresidir? Hik\u00e2yemizi en iyi kim anlat\u0131r? Ge\u00e7mi\u015f bizim i\u00e7in bir pi\u015fmanl\u0131klar \u00fclkesi midir, yoksa yeniden ba\u015flamak i\u00e7in bir imk\u00e2n m\u0131d\u0131r? Zamanla hesab\u0131m\u0131z ne zaman ba\u015flar, nerede biter? \u00c7ocuklu\u011fumuzdaki g\u00f6ky\u00fcz\u00fc biz b\u00fcy\u00fcy\u00fcnce nereye gider? Bir insan di\u011ferine ne zaman ger\u00e7ekten bir \u015fey s\u00f6yler? Bir yazarla okuru aras\u0131nda kurulan k\u00f6pr\u00fcden kimler\/neler gelir ge\u00e7er? Yenal Bilgici sordu, Ercan Kesal t\u00fcm i\u00e7tenli\u011fi ve durulu\u011fuyla cevaplad\u0131; \u0130sim \u015eehir Film Roman\u2019da anahtar kelimelerin pe\u015finden yollara d\u00fc\u015f\u00fcld\u00fc. Hayat\u0131m\u0131z\u0131 de\u011fi\u015ftiren isimlerin, hep \u00f6zledi\u011fimiz \u015fehirlerin, hi\u00e7 unutamad\u0131\u011f\u0131m\u0131z filmlerin ve illaki film gibi romanlar\u0131n pe\u015fine&#8230; Sat\u0131rlar aras\u0131nda uzaklara dald\u0131ran nostaljiden, kiminin bo\u011faz\u0131nda bir yumru kiminde \u00f6zlem olan gurbetten, bizi de\u011fi\u015ftiren yolculuklardan, ge\u00e7ip giden zamandan, kurulduk\u00e7a \u00e7o\u011falan sofralardan ve \u00e7ocuklu\u011fumuzda \u0131s\u0131rd\u0131\u011f\u0131m\u0131z o domatesten tatlar var.  \u0130sim \u015eehir Film Roman; varl\u0131\u011f\u0131n\u0131 bildi\u011fimiz ama yolda bir yerde bir \u015fekilde unuttu\u011fumuz, hasret duydu\u011fumuz insanl\u0131k h\u00e2llerine dair derinlikli bir sohbet\u2026<\/p>\n","protected":false},"excerpt":{"rendered":"<p>\u201cBir gu\u0308n ona Avanos\u2019taki c\u0327ocuklug\u0306umdan, ilk genc\u0327lig\u0306imden bahsederken domatesi nas\u0131l yedig\u0306imi tarif etmis\u0327tim. Avanos\u2019taki evimizin bahc\u0327esinde bir havuzumuz vard\u0131. Bahc\u0327eden kopar\u0131r\u0131m domatesi, bol suyla y\u0131kad\u0131ktan sonra<span class=\"excerpt-hellip\"> [\u2026]<\/span><\/p>\n","protected":false},"featured_media":0,"template":"","meta":{"_monsterinsights_skip_tracking":false,"_monsterinsights_sitenote_active":false,"_monsterinsights_sitenote_note":"","_monsterinsights_sitenote_category":0},"product_brand":[],"product_cat":[12364,12376],"product_tag":[],"class_list":{"0":"post-766199","1":"product","2":"type-product","3":"status-publish","5":"product_cat-genel-konular","6":"product_cat-kisisel-gelisim","7":"pa_cilt-ciltsiz","8":"pa_tur-kitap","9":"pa_yayinevi-kronik-kitap","10":"pa_yazar-ercan-kesal","12":"first","13":"instock","14":"sale","15":"shipping-taxable","16":"purchasable","17":"product-type-simple"},"_links":{"self":[{"href":"https:\/\/roveyayinevi.com.tr\/index.php\/wp-json\/wp\/v2\/product\/766199","targetHints":{"allow":["GET"]}}],"collection":[{"href":"https:\/\/roveyayinevi.com.tr\/index.php\/wp-json\/wp\/v2\/product"}],"about":[{"href":"https:\/\/roveyayinevi.com.tr\/index.php\/wp-json\/wp\/v2\/types\/product"}],"wp:attachment":[{"href":"https:\/\/roveyayinevi.com.tr\/index.php\/wp-json\/wp\/v2\/media?parent=766199"}],"wp:term":[{"taxonomy":"product_brand","embeddable":true,"href":"https:\/\/roveyayinevi.com.tr\/index.php\/wp-json\/wp\/v2\/product_brand?post=766199"},{"taxonomy":"product_cat","embeddable":true,"href":"https:\/\/roveyayinevi.com.tr\/index.php\/wp-json\/wp\/v2\/product_cat?post=766199"},{"taxonomy":"product_tag","embeddable":true,"href":"https:\/\/roveyayinevi.com.tr\/index.php\/wp-json\/wp\/v2\/product_tag?post=766199"}],"curies":[{"name":"wp","href":"https:\/\/api.w.org\/{rel}","templated":true}]}}