{"id":766196,"date":"2025-08-28T12:05:20","date_gmt":"2025-08-28T09:05:20","guid":{"rendered":"https:\/\/roveyayinevi.com.tr\/index.php\/urun\/futurizm-modern-sanat-akimlari\/"},"modified":"2026-03-12T03:29:22","modified_gmt":"2026-03-12T00:29:22","slug":"futurizm-modern-sanat-akimlari","status":"publish","type":"product","link":"https:\/\/roveyayinevi.com.tr\/index.php\/urun\/futurizm-modern-sanat-akimlari\/","title":{"rendered":"F\u00fct\u00fcrizm &#8211; Modern Sanat Ak\u0131mlar\u0131"},"content":{"rendered":"<p>F\u00fct\u00fcrizm, sanattan siyasete, m\u00fczikten tiyatroya, edebiyattan sinemaya dek etkili olmu\u015f bir sanat ak\u0131m\u0131 ve toplumsal harekettir. Bu kitapta Richard Humphreys, 1909 y\u0131l\u0131nda Filippo Tommaso Marinetti\u2019nin parlak bir fikri olarak ortaya \u00e7\u0131kan F\u00fct\u00fcrizmin detayl\u0131 bir analizini sunuyor. F\u00fct\u00fcristlerin \u015fehirlerden, teknolojiden, h\u0131zdan ve etraflar\u0131ndaki \u015fiddet ortam\u0131ndan nas\u0131l etkilendiklerini, Bergson ve Nietzsche gibi d\u00fc\u015f\u00fcn\u00fcrlerin fikirlerinden nas\u0131l ilham al\u0131p bunlar\u0131 nas\u0131l prati\u011fe d\u00f6kt\u00fcklerini irdeliyor. Bunu yaparken de Giacomo Balla, Umberto Boccioni, Carlo Carr\u00e0, Wyndham Lewis ve Kazimir Malevi\u00e7 gibi pek \u00e7ok sanat\u00e7\u0131ya de\u011finiyor. Ak\u0131m\u0131n yeralt\u0131 siyaseti ve bohem k\u00fclt\u00fcrdeki k\u00f6kenlerinden ba\u015flayarak geli\u015fim s\u00fcrecine, iki d\u00fcnya sava\u015f\u0131 aras\u0131ndaki d\u00f6neme ve \u00f6zellikle Mussolini rejimiyle olan co\u015fkulu ama nihayetinde \u00f6l\u00fcmc\u00fcl ili\u015fkisine dek F\u00fct\u00fcrizmin izini s\u00fcr\u00fcyor.   Bu seri, son iki y\u00fczy\u0131la damgas\u0131n\u0131 vurmu\u015f sanat ak\u0131mlar\u0131n\u0131 okuyucuyla bulu\u015fturuyor. Modern sanat\u0131n, hem farkl\u0131 d\u00f6nemleriyle hem de bir b\u00fct\u00fcn olarak t\u00fcm geli\u015fim \u00e7izgisi \u00fczerinde g\u00f6r\u00fclebilece\u011fi ayd\u0131nlat\u0131c\u0131 bir bak\u0131\u015f a\u00e7\u0131s\u0131 sunuyor.   Serinin Di\u011fer Kitaplar\u0131 Ard-\u0130zlenimcilik  &#8211; Arte Povera  &#8211; D\u0131\u015favurumculuk \u2013 Ger\u00e7ek\u00fcst\u00fcc\u00fcl\u00fck \u2013 Pop Art &#8211; Kavramsal Sanat \u2013 K\u00fcbizm \u2013 Minimalizm \u2013 Modernizm &#8211; Ger\u00e7ek\u00e7ilik \u2013 Postmodernizm &#8211; Soyut Sanat &#8211; Soyut-D\u0131\u015favurumculuk <\/p>\n","protected":false},"excerpt":{"rendered":"<p>F\u00fct\u00fcrizm, sanattan siyasete, m\u00fczikten tiyatroya, edebiyattan sinemaya dek etkili olmu\u015f bir sanat ak\u0131m\u0131 ve toplumsal harekettir. Bu kitapta Richard Humphreys, 1909 y\u0131l\u0131nda Filippo Tommaso Marinetti\u2019nin parlak<span class=\"excerpt-hellip\"> [\u2026]<\/span><\/p>\n","protected":false},"featured_media":0,"template":"","meta":{"_monsterinsights_skip_tracking":false,"_monsterinsights_sitenote_active":false,"_monsterinsights_sitenote_note":"","_monsterinsights_sitenote_category":0},"product_brand":[],"product_cat":[13548,12408],"product_tag":[],"class_list":{"0":"post-766196","1":"product","2":"type-product","3":"status-publish","5":"product_cat-kuram","6":"product_cat-sanat","7":"pa_cilt-ciltsiz","8":"pa_tur-kitap","9":"pa_yayinevi-hayalperest-yayinlari","10":"pa_yazar-richard-humphresy","12":"first","13":"instock","14":"sale","15":"shipping-taxable","16":"purchasable","17":"product-type-simple"},"_links":{"self":[{"href":"https:\/\/roveyayinevi.com.tr\/index.php\/wp-json\/wp\/v2\/product\/766196","targetHints":{"allow":["GET"]}}],"collection":[{"href":"https:\/\/roveyayinevi.com.tr\/index.php\/wp-json\/wp\/v2\/product"}],"about":[{"href":"https:\/\/roveyayinevi.com.tr\/index.php\/wp-json\/wp\/v2\/types\/product"}],"wp:attachment":[{"href":"https:\/\/roveyayinevi.com.tr\/index.php\/wp-json\/wp\/v2\/media?parent=766196"}],"wp:term":[{"taxonomy":"product_brand","embeddable":true,"href":"https:\/\/roveyayinevi.com.tr\/index.php\/wp-json\/wp\/v2\/product_brand?post=766196"},{"taxonomy":"product_cat","embeddable":true,"href":"https:\/\/roveyayinevi.com.tr\/index.php\/wp-json\/wp\/v2\/product_cat?post=766196"},{"taxonomy":"product_tag","embeddable":true,"href":"https:\/\/roveyayinevi.com.tr\/index.php\/wp-json\/wp\/v2\/product_tag?post=766196"}],"curies":[{"name":"wp","href":"https:\/\/api.w.org\/{rel}","templated":true}]}}