{"id":766192,"date":"2025-08-28T12:05:12","date_gmt":"2025-08-28T09:05:12","guid":{"rendered":"https:\/\/roveyayinevi.com.tr\/index.php\/urun\/mit-ve-anlam\/"},"modified":"2026-04-15T03:32:07","modified_gmt":"2026-04-15T00:32:07","slug":"mit-ve-anlam","status":"publish","type":"product","link":"https:\/\/roveyayinevi.com.tr\/index.php\/urun\/mit-ve-anlam\/","title":{"rendered":"Mit ve Anlam"},"content":{"rendered":"<p>F\u0131rsat\u0131n\u0131z olsayd\u0131 Joseph Campbell\u2019a ne sorard\u0131n\u0131z? Kar\u015f\u0131la\u015ft\u0131rmal\u0131 mitoloji, Joseph Campbell 1949\u2019da Kahraman\u0131n Sonsuz Yolculu\u011fu\u2019nu yay\u0131mlayana kadar bilinmeyen akademik bir konuydu. Campbell, \u00e7\u0131\u011f\u0131r a\u00e7an bu \u00e7al\u0131\u015fmas\u0131yla, k\u00fclt\u00fcrden ba\u011f\u0131ms\u0131z olarak t\u00fcm mitlerin, temel bir b\u00fct\u00fcnl\u00fc\u011fe sahip oldu\u011funu kesin bir \u015fekilde ortaya koydu. Okuyucular Campbell\u2019\u0131n mesaj\u0131na co\u015fkuyla kar\u015f\u0131l\u0131k verdi ve sonraki nesil psikologlar, sanat\u00e7\u0131lar ve yazarlar onun \u00e7al\u0131\u015fmalar\u0131ndan ilham ald\u0131. Mit ve Anlam: \u201cMitolojiye ve Hayata Dair\u201d Campbell\u2019\u0131n \u00e7ekicili\u011finin, mizah\u0131n\u0131n ve konuya h\u00e2kimiyetinin \u00f6ne \u00e7\u0131kmas\u0131n\u0131 sa\u011flayan bir \u00e7al\u0131\u015fma. Temalara g\u00f6re b\u00f6l\u00fcmlere ayr\u0131lm\u0131\u015f olan kitaptaki diyaloglar, a\u015fa\u011f\u0131dakiler de dahil olmak \u00fczere \u00e7ok \u00e7e\u015fitli sorular\u0131 ele al\u0131yor: \u00b7         Mitler nereden gelir? \u00b7         Campbell, Kahraman\u0131n Sonsuz Yolculu\u011fu\u2019nun zamans\u0131z modelini nas\u0131l ke\u015ffetti? \u00b7         Siyasi olarak par\u00e7alanm\u0131\u015f, \u00e7ok k\u00fclt\u00fcrl\u00fc toplumumuz ya\u015famak i\u00e7in, bir dizi ortak mit bulabilir mi? \u00b7         Campbell\u2019\u0131n ya\u015fam \u00f6yk\u00fcs\u00fc akademik \u00e7al\u0131\u015fmalar\u0131n\u0131 nas\u0131l etkiledi? Campbell, kitap boyunca insan deneyimlerinin evrensel y\u00f6nlerini vurguluyor; zaman ve mesafeyle birbirinden ayr\u0131lm\u0131\u015f k\u00fclt\u00fcrler aras\u0131nda \u00e7arp\u0131c\u0131 paralellikler buluyor. Bu eserde okuyucu \u201cinsan do\u011fas\u0131 anlay\u0131\u015f\u0131m\u0131zda devrim yaratan bir d\u00fc\u015f\u00fcn\u00fcr\u201d\u00fc tan\u0131yacak.<\/p>\n","protected":false},"excerpt":{"rendered":"<p>F\u0131rsat\u0131n\u0131z olsayd\u0131 Joseph Campbell\u2019a ne sorard\u0131n\u0131z? Kar\u015f\u0131la\u015ft\u0131rmal\u0131 mitoloji, Joseph Campbell 1949\u2019da Kahraman\u0131n Sonsuz Yolculu\u011fu\u2019nu yay\u0131mlayana kadar bilinmeyen akademik bir konuydu. Campbell, \u00e7\u0131\u011f\u0131r a\u00e7an bu \u00e7al\u0131\u015fmas\u0131yla, k\u00fclt\u00fcrden<span class=\"excerpt-hellip\"> [\u2026]<\/span><\/p>\n","protected":false},"featured_media":0,"template":"","meta":{"_monsterinsights_skip_tracking":false,"_monsterinsights_sitenote_active":false,"_monsterinsights_sitenote_note":"","_monsterinsights_sitenote_category":0},"product_brand":[],"product_cat":[12718,12858],"product_tag":[],"class_list":{"0":"post-766192","1":"product","2":"type-product","3":"status-publish","5":"product_cat-din","6":"product_cat-mitolojiler","7":"pa_cilt-ciltsiz","8":"pa_tur-kitap","9":"pa_yayinevi-islik-yayinlari","10":"pa_yazar-joseph-campbell","12":"first","13":"instock","14":"sale","15":"shipping-taxable","16":"purchasable","17":"product-type-simple"},"_links":{"self":[{"href":"https:\/\/roveyayinevi.com.tr\/index.php\/wp-json\/wp\/v2\/product\/766192","targetHints":{"allow":["GET"]}}],"collection":[{"href":"https:\/\/roveyayinevi.com.tr\/index.php\/wp-json\/wp\/v2\/product"}],"about":[{"href":"https:\/\/roveyayinevi.com.tr\/index.php\/wp-json\/wp\/v2\/types\/product"}],"wp:attachment":[{"href":"https:\/\/roveyayinevi.com.tr\/index.php\/wp-json\/wp\/v2\/media?parent=766192"}],"wp:term":[{"taxonomy":"product_brand","embeddable":true,"href":"https:\/\/roveyayinevi.com.tr\/index.php\/wp-json\/wp\/v2\/product_brand?post=766192"},{"taxonomy":"product_cat","embeddable":true,"href":"https:\/\/roveyayinevi.com.tr\/index.php\/wp-json\/wp\/v2\/product_cat?post=766192"},{"taxonomy":"product_tag","embeddable":true,"href":"https:\/\/roveyayinevi.com.tr\/index.php\/wp-json\/wp\/v2\/product_tag?post=766192"}],"curies":[{"name":"wp","href":"https:\/\/api.w.org\/{rel}","templated":true}]}}