{"id":766187,"date":"2025-08-28T12:04:59","date_gmt":"2025-08-28T09:04:59","guid":{"rendered":"https:\/\/roveyayinevi.com.tr\/index.php\/urun\/mukemmel-arabalar-miyiz-15-soru-serisi\/"},"modified":"2026-04-15T03:32:07","modified_gmt":"2026-04-15T00:32:07","slug":"mukemmel-arabalar-miyiz-15-soru-serisi","status":"publish","type":"product","link":"https:\/\/roveyayinevi.com.tr\/index.php\/urun\/mukemmel-arabalar-miyiz-15-soru-serisi\/","title":{"rendered":"M\u00fckemmel Arabalar M\u0131y\u0131z? 15 Soru Serisi"},"content":{"rendered":"<p>15 soru, 15 cevap, 15 KitapYeni nesil \u00e7ocuklara y\u00f6nelik muhte\u015fem bir ansiklopedi serisi En \u00f6nemli konular\u0131 ve sorunlar\u0131 a\u00e7\u0131k, basit ve e\u011flenceli bir dille anlatan bu serimiz sayesinde \u00e7ocuklar, \u00e7evrelerindeki d\u00fcnyaya ili\u015fkin fark\u0131ndal\u0131k kazanacak ve ekonomiden tarihe, teknolojiden iklime kadar \u00e7e\u015fitli konularda uzmanla\u015facaklar.13 ya\u015f ve \u00fczeri i\u00e7in uygun olan bu kitab\u0131m\u0131z sayesinde \u00e7ocuklar, neredeyse fark\u0131nda olmadan kendilerine sunulan temalar\u0131n her birinin uzmanlar\u0131 haline gelecekler. V\u00fccudumuz hakk\u0131nda her \u015fey. Sadece genlerimde olan\u0131 m\u0131 yapabilirim? Oldu\u011fum gibi iyi miyim? Neden hastalan\u0131r\u0131m? Midemde ne var? Yemek yemek neden ho\u015fumuza gider? Bu ve bunun gibi sorulara \u00e7ocuklar\u0131n anlayabilece\u011fi dilden cevap veren 15 soru serisinin bu cildi ile \u00e7ocuklar temel kavramlar\u0131 a\u00e7\u0131k ve anla\u015f\u0131l\u0131r kelimeler, somut \u00f6rnekler, birbirinden g\u00fczel \u00e7izimler, karikat\u00fcrler ve bolca ironi ile \u00f6\u011frenecekler!Kitapta ayn\u0131 zamanda \u00e7ocuklar\u0131n ilgisini \u00e7ekecek ekstra sorular, cevaplar, bilgiler ve d\u00fc\u015f\u00fcnme antrenmanlar\u0131 da bulman\u0131z m\u00fcmk\u00fcn! <\/p>\n","protected":false},"excerpt":{"rendered":"<p>15 soru, 15 cevap, 15 KitapYeni nesil \u00e7ocuklara y\u00f6nelik muhte\u015fem bir ansiklopedi serisi En \u00f6nemli konular\u0131 ve sorunlar\u0131 a\u00e7\u0131k, basit ve e\u011flenceli bir dille anlatan bu<span class=\"excerpt-hellip\"> [\u2026]<\/span><\/p>\n","protected":false},"featured_media":0,"template":"","meta":{"_monsterinsights_skip_tracking":false,"_monsterinsights_sitenote_active":false,"_monsterinsights_sitenote_note":"","_monsterinsights_sitenote_category":0},"product_brand":[],"product_cat":[12274,15842],"product_tag":[],"class_list":{"0":"post-766187","1":"product","2":"type-product","3":"status-publish","5":"product_cat-cocuk-ve-genclik-kitaplari","6":"product_cat-egitici-kitaplar","7":"pa_cilt-ciltsiz","8":"pa_tur-kitap","9":"pa_yayinevi-odtu-gelistirme-vakfi-yayincilik","10":"pa_yazar-pierdomenico-baccalario-federico-taddia","12":"first","13":"instock","14":"sale","15":"shipping-taxable","16":"purchasable","17":"product-type-simple"},"_links":{"self":[{"href":"https:\/\/roveyayinevi.com.tr\/index.php\/wp-json\/wp\/v2\/product\/766187","targetHints":{"allow":["GET"]}}],"collection":[{"href":"https:\/\/roveyayinevi.com.tr\/index.php\/wp-json\/wp\/v2\/product"}],"about":[{"href":"https:\/\/roveyayinevi.com.tr\/index.php\/wp-json\/wp\/v2\/types\/product"}],"wp:attachment":[{"href":"https:\/\/roveyayinevi.com.tr\/index.php\/wp-json\/wp\/v2\/media?parent=766187"}],"wp:term":[{"taxonomy":"product_brand","embeddable":true,"href":"https:\/\/roveyayinevi.com.tr\/index.php\/wp-json\/wp\/v2\/product_brand?post=766187"},{"taxonomy":"product_cat","embeddable":true,"href":"https:\/\/roveyayinevi.com.tr\/index.php\/wp-json\/wp\/v2\/product_cat?post=766187"},{"taxonomy":"product_tag","embeddable":true,"href":"https:\/\/roveyayinevi.com.tr\/index.php\/wp-json\/wp\/v2\/product_tag?post=766187"}],"curies":[{"name":"wp","href":"https:\/\/api.w.org\/{rel}","templated":true}]}}