{"id":766186,"date":"2025-08-28T12:04:56","date_gmt":"2025-08-28T09:04:56","guid":{"rendered":"https:\/\/roveyayinevi.com.tr\/index.php\/urun\/hayalet-oykuleri-ve-diger-dogaustu-anlatilar\/"},"modified":"2026-04-15T03:32:07","modified_gmt":"2026-04-15T00:32:07","slug":"hayalet-oykuleri-ve-diger-dogaustu-anlatilar","status":"publish","type":"product","link":"https:\/\/roveyayinevi.com.tr\/index.php\/urun\/hayalet-oykuleri-ve-diger-dogaustu-anlatilar\/","title":{"rendered":"Hayalet \u00d6yk\u00fcleri ve Di\u011fer Do\u011fa\u00fcst\u00fc Anlat\u0131lar"},"content":{"rendered":"<p>Vernon Lee, \u0130ngiliz yazar Violet Paget\u2019\u0131n mahlas\u0131d\u0131r. Kendisi ayn\u0131 zamanda bir gezi yazar\u0131, romanc\u0131, m\u00fczisyen ve ele\u015ftirmendir. Eserlerinde genelde do\u011fa\u00fcst\u00fc olaylara ve hayaletlere yer verir, \u00f6yk\u00fclerinin karakterleri ve konular\u0131 al\u0131\u015f\u0131lm\u0131\u015f\u0131n d\u0131\u015f\u0131ndad\u0131r. \u0130lk olarak 1890\u2019da yay\u0131mlanan Hayalet \u00d6yk\u00fcleri ve Di\u011fer Do\u011fa\u00fcst\u00fc Anlat\u0131lar\u2019da d\u00f6rt \u00f6yk\u00fc yer almaktad\u0131r: \u201cAmour Dure\u201d \u0130talya\u2019da k\u00f6t\u00fc \u015f\u00f6hretli ve cazibeli bir kad\u0131n\u0131n hayat\u0131n\u0131 ara\u015ft\u0131ran Polonyal\u0131 bir tarih\u00e7iyi, \u201cDionea\u201d bir gemi kazas\u0131ndan sonra k\u0131y\u0131da bulunan gizemli bir k\u0131z\u0131, \u201cOkehurstl\u00fc Oke\u201d soylu bir ailenin evinde kalan ve evin han\u0131m\u0131n\u0131n garip hallerine \u015fahit olan bir ressam\u0131, \u201cU\u011fursuz Ses\u201d ise d\u00f6nemin bir \u015fark\u0131c\u0131s\u0131n\u0131n sesinin g\u00fczelli\u011fiyle insanlar\u0131 \u00f6ld\u00fcrmesini anlat\u0131r. On dokuzuncu y\u00fczy\u0131l\u0131n hayalet \u00f6yk\u00fclerinin unutulmu\u015f ustas\u0131n\u0131n bu en \u00fcnl\u00fc eserini korku hik\u00e2yesi severler zevkle okuyacak. <\/p>\n","protected":false},"excerpt":{"rendered":"<p>Vernon Lee, \u0130ngiliz yazar Violet Paget\u2019\u0131n mahlas\u0131d\u0131r. Kendisi ayn\u0131 zamanda bir gezi yazar\u0131, romanc\u0131, m\u00fczisyen ve ele\u015ftirmendir. Eserlerinde genelde do\u011fa\u00fcst\u00fc olaylara ve hayaletlere yer verir, \u00f6yk\u00fclerinin<span class=\"excerpt-hellip\"> [\u2026]<\/span><\/p>\n","protected":false},"featured_media":0,"template":"","meta":{"_monsterinsights_skip_tracking":false,"_monsterinsights_sitenote_active":false,"_monsterinsights_sitenote_note":"","_monsterinsights_sitenote_category":0},"product_brand":[],"product_cat":[12291,12711],"product_tag":[],"class_list":{"0":"post-766186","1":"product","2":"type-product","3":"status-publish","5":"product_cat-edebiyat","6":"product_cat-roman-oyku","7":"pa_cilt-ciltsiz","8":"pa_tur-kitap","9":"pa_yayinevi-inkilap-kitabevi","10":"pa_yazar-vernon-lee","12":"first","13":"instock","14":"sale","15":"shipping-taxable","16":"purchasable","17":"product-type-simple"},"_links":{"self":[{"href":"https:\/\/roveyayinevi.com.tr\/index.php\/wp-json\/wp\/v2\/product\/766186","targetHints":{"allow":["GET"]}}],"collection":[{"href":"https:\/\/roveyayinevi.com.tr\/index.php\/wp-json\/wp\/v2\/product"}],"about":[{"href":"https:\/\/roveyayinevi.com.tr\/index.php\/wp-json\/wp\/v2\/types\/product"}],"wp:attachment":[{"href":"https:\/\/roveyayinevi.com.tr\/index.php\/wp-json\/wp\/v2\/media?parent=766186"}],"wp:term":[{"taxonomy":"product_brand","embeddable":true,"href":"https:\/\/roveyayinevi.com.tr\/index.php\/wp-json\/wp\/v2\/product_brand?post=766186"},{"taxonomy":"product_cat","embeddable":true,"href":"https:\/\/roveyayinevi.com.tr\/index.php\/wp-json\/wp\/v2\/product_cat?post=766186"},{"taxonomy":"product_tag","embeddable":true,"href":"https:\/\/roveyayinevi.com.tr\/index.php\/wp-json\/wp\/v2\/product_tag?post=766186"}],"curies":[{"name":"wp","href":"https:\/\/api.w.org\/{rel}","templated":true}]}}