{"id":766185,"date":"2025-08-28T12:04:53","date_gmt":"2025-08-28T09:04:53","guid":{"rendered":"https:\/\/roveyayinevi.com.tr\/index.php\/urun\/lozan-2\/"},"modified":"2026-04-15T03:32:07","modified_gmt":"2026-04-15T00:32:07","slug":"lozan-2","status":"publish","type":"product","link":"https:\/\/roveyayinevi.com.tr\/index.php\/urun\/lozan-2\/","title":{"rendered":"Lozan"},"content":{"rendered":"<p>T\u00fcrkiye\u2019nin Zaferi, Emperyalizmin Yenilgisi   Sevr\u2019den Lozan\u2019a, 1920 A\u011fustos\u2019undan 1923 Temmuz\u2019una kadar yakla\u015f\u0131k \u00fc\u00e7 y\u0131l i\u00e7inde T\u00fcrkiye\u2019nin ve T\u00fcrklerin k\u00f6t\u00fc kaderi tamamen de\u011fi\u015fti. Bu, modern insanl\u0131k tarihindeki en etkileyici, en \u015fa\u015f\u0131rt\u0131c\u0131 ve en ilham verici de\u011fi\u015fimlerden biridir. Lozan Bar\u0131\u015f Antla\u015fmas\u0131 bu b\u00fcy\u00fck de\u011fi\u015fimin uluslararas\u0131 tescilidir. Lozan, Anadolu\u2019nun ortas\u0131na s\u0131k\u0131\u015ft\u0131r\u0131l\u0131p yok edilmek istenen T\u00fcrklerin, kazand\u0131klar\u0131 b\u00fcy\u00fck bir ba\u011f\u0131ms\u0131zl\u0131k sava\u015f\u0131n\u0131n ard\u0131ndan, t\u00fcm d\u00fcnyan\u0131n g\u00f6zleri \u00f6n\u00fcnde ger\u00e7ekle\u015ftirdi\u011fi bir diplomasi sava\u015f\u0131n\u0131n zafer an\u0131t\u0131d\u0131r. Lozan Bar\u0131\u015f Antla\u015fmas\u0131 ile T\u00fcrkiye, uluslararas\u0131 sistemin \u201c\u00f6tekisi\u201d de\u011fil, \u201ce\u015fit\u201d ve \u201cegemen\u201d bir par\u00e7as\u0131 olarak kabul g\u00f6rd\u00fc. Lozan Bar\u0131\u015f Antla\u015fmas\u0131 kurumlar\u0131yla, de\u011ferleriyle tam ba\u011f\u0131ms\u0131z, \u00fcniter, laik, \u00e7a\u011fda\u015f T\u00fcrkiye Cumhuriyeti\u2019ne zemin haz\u0131rlad\u0131. Lozan, T\u00fcrklerin y\u00fcz y\u0131l\u0131 a\u015fk\u0131n bir zamand\u0131r devam eden yenilgiler, bozgunlar, katliamlar ve \u00f6l\u00fcmlerden kaynaklanan b\u00fcy\u00fck travmas\u0131n\u0131 bitirdi. Lozan Bar\u0131\u015f Antla\u015fmas\u0131, emperyalist Bat\u0131\u2019n\u0131n k\u00fcresel d\u00fczeyde ilk b\u00fcy\u00fck diplomatik yenilgisidir. Lozan\u2019da kapit\u00fclasyonlar\u0131n kald\u0131r\u0131lmas\u0131yla T\u00fcrkiye\u2019nin tam ba\u011f\u0131ms\u0131z olmas\u0131, emperyalizmin y\u0131k\u0131lmaz san\u0131lan y\u00fcksek surlar\u0131nda b\u00fcy\u00fck ve onar\u0131lmaz bir gedik a\u00e7t\u0131. T\u00fcrkiye Cumhuriyeti, Lozan Bar\u0131\u015f Antla\u015fmas\u0131\u2019yla kurulan ve Atat\u00fcrk\u2019\u00fcn \u201cYurtta bar\u0131\u015f d\u00fcnyada bar\u0131\u015f\u201d politikas\u0131yla kurumsalla\u015ft\u0131rd\u0131\u011f\u0131 \u201cLozan Bar\u0131\u015f D\u00fczeni\u201d sayesinde -\u015fimdilik- y\u00fcz y\u0131l\u0131 a\u015fk\u0131n bir zamand\u0131r \u00e7evresindeki t\u00fcm y\u0131k\u0131c\u0131 sava\u015flardan uzak kalmay\u0131 ba\u015farabildi. \u201cLozan hezimettir!\u201d tezi ise T\u00fcrk ulusuna ve T\u00fcrkiye Cumhuriyeti\u2019ne y\u00f6nelik psikopolitik bir sald\u0131r\u0131d\u0131r. Bu kitap, 1950\u2019lerden beri s\u00fcren bu sald\u0131r\u0131ya kar\u015f\u0131 bilimsel bir kar\u015f\u0131 \u00e7\u0131k\u0131\u015ft\u0131r.   \u201cSevr, \u00f6l\u00fcm halinde hasta olan bir ulusun \u2018defin ruhsat\u0131\u2019 gibi yaz\u0131lm\u0131\u015f olabilir. Fakat Lozan, yaln\u0131z bu ruhsat\u0131 iptal eden de\u011fil, ayn\u0131 zamanda \u2018hasta\u2019 olmad\u0131\u011f\u0131n\u0131 eylemleriyle g\u00f6steren bir ulusun sa\u011fl\u0131k belgesi olmu\u015ftur.\u201d (Arnold J. Toynbee, Kenneth P. Kirkwood, \u201cT\u00fcrkiye; Bir Devletin Yeniden Do\u011fu\u015fu\u201d)   \u201cLozan\u2019da onursuz bir bar\u0131\u015f imzalad\u0131k. Bu, \u0130ngiltere\u2019nin \u015fimdiye dek imzalam\u0131\u015f oldu\u011fu antla\u015fmalar\u0131n en u\u011fursuzu, en mutsuzu ve en k\u00f6t\u00fcs\u00fcd\u00fcr.\u201d (Sir Andrew Ryan) <\/p>\n","protected":false},"excerpt":{"rendered":"<p>T\u00fcrkiye\u2019nin Zaferi, Emperyalizmin Yenilgisi Sevr\u2019den Lozan\u2019a, 1920 A\u011fustos\u2019undan 1923 Temmuz\u2019una kadar yakla\u015f\u0131k \u00fc\u00e7 y\u0131l i\u00e7inde T\u00fcrkiye\u2019nin ve T\u00fcrklerin k\u00f6t\u00fc kaderi tamamen de\u011fi\u015fti. Bu, modern insanl\u0131k tarihindeki<span class=\"excerpt-hellip\"> [\u2026]<\/span><\/p>\n","protected":false},"featured_media":0,"template":"","meta":{"_monsterinsights_skip_tracking":false,"_monsterinsights_sitenote_active":false,"_monsterinsights_sitenote_note":"","_monsterinsights_sitenote_category":0},"product_brand":[],"product_cat":[12304,13650],"product_tag":[],"class_list":{"0":"post-766185","1":"product","2":"type-product","3":"status-publish","5":"product_cat-tarih","6":"product_cat-turk-tarihi-arastirmalari","7":"pa_cilt-ciltsiz","8":"pa_tur-kitap","9":"pa_yayinevi-inkilap-kitabevi","10":"pa_yazar-sinan-meydan","12":"first","13":"instock","14":"sale","15":"shipping-taxable","16":"purchasable","17":"product-type-simple"},"_links":{"self":[{"href":"https:\/\/roveyayinevi.com.tr\/index.php\/wp-json\/wp\/v2\/product\/766185","targetHints":{"allow":["GET"]}}],"collection":[{"href":"https:\/\/roveyayinevi.com.tr\/index.php\/wp-json\/wp\/v2\/product"}],"about":[{"href":"https:\/\/roveyayinevi.com.tr\/index.php\/wp-json\/wp\/v2\/types\/product"}],"wp:attachment":[{"href":"https:\/\/roveyayinevi.com.tr\/index.php\/wp-json\/wp\/v2\/media?parent=766185"}],"wp:term":[{"taxonomy":"product_brand","embeddable":true,"href":"https:\/\/roveyayinevi.com.tr\/index.php\/wp-json\/wp\/v2\/product_brand?post=766185"},{"taxonomy":"product_cat","embeddable":true,"href":"https:\/\/roveyayinevi.com.tr\/index.php\/wp-json\/wp\/v2\/product_cat?post=766185"},{"taxonomy":"product_tag","embeddable":true,"href":"https:\/\/roveyayinevi.com.tr\/index.php\/wp-json\/wp\/v2\/product_tag?post=766185"}],"curies":[{"name":"wp","href":"https:\/\/api.w.org\/{rel}","templated":true}]}}