{"id":766178,"date":"2025-08-28T12:04:38","date_gmt":"2025-08-28T09:04:38","guid":{"rendered":"https:\/\/roveyayinevi.com.tr\/index.php\/urun\/sirca-kosk-19\/"},"modified":"2026-04-15T03:32:06","modified_gmt":"2026-04-15T00:32:06","slug":"sirca-kosk-19","status":"publish","type":"product","link":"https:\/\/roveyayinevi.com.tr\/index.php\/urun\/sirca-kosk-19\/","title":{"rendered":"S\u0131r\u00e7a K\u00f6\u015fk"},"content":{"rendered":"<p>Harrington ailesi, Londra\u2019daki evleri yan\u0131nca iki \u00e7ocuk ve dad\u0131lar\u0131yla birlikte masals\u0131 bir ormandaki g\u00f6zlerden \u0131rak Foxcote Malik\u00e2nesi\u2019ne ta\u015f\u0131n\u0131r. \u015eehirden ayr\u0131l\u0131p \u0131ss\u0131z bir ormanda, eski bir evde ya\u015famak kolay olmayacakt\u0131r ama mutsuz macera ba\u015flam\u0131\u015ft\u0131r art\u0131k\u2026 Ailenin s\u0131ra d\u0131\u015f\u0131 \u00fcyesi, on \u00fc\u00e7 ya\u015f\u0131ndaki Hera orman\u0131 ke\u015ffetmeye \u00e7\u0131kt\u0131\u011f\u0131 g\u00fcnlerin birinde arazilerinde terk edilmi\u015f bir bebek bulur. Ge\u00e7mi\u015fi yas ve trajediyle lekeli Harrington ailesinin \u00fcyeleri, bebe\u011fi evlerine almaya ve yetkililerden saklayarak kendi bebekleri gibi b\u00fcy\u00fctmeye karar verirler. Umutsuzluklar\u0131 k\u0131sa s\u00fcrede sevince d\u00f6n\u00fc\u015f\u00fcr ancak iki ki\u015finin bildi\u011fi s\u0131r, art\u0131k s\u0131r olmaktan \u00e7\u0131km\u0131\u015ft\u0131r.<\/p>\n","protected":false},"excerpt":{"rendered":"<p>Harrington ailesi, Londra\u2019daki evleri yan\u0131nca iki \u00e7ocuk ve dad\u0131lar\u0131yla birlikte masals\u0131 bir ormandaki g\u00f6zlerden \u0131rak Foxcote Malik\u00e2nesi\u2019ne ta\u015f\u0131n\u0131r. \u015eehirden ayr\u0131l\u0131p \u0131ss\u0131z bir ormanda, eski bir evde<span class=\"excerpt-hellip\"> [\u2026]<\/span><\/p>\n","protected":false},"featured_media":0,"template":"","meta":{"_monsterinsights_skip_tracking":false,"_monsterinsights_sitenote_active":false,"_monsterinsights_sitenote_note":"","_monsterinsights_sitenote_category":0},"product_brand":[],"product_cat":[12291,17033],"product_tag":[],"class_list":{"0":"post-766178","1":"product","2":"type-product","3":"status-publish","5":"product_cat-edebiyat","6":"product_cat-korku-gerilim","7":"pa_cilt-ciltsiz","8":"pa_tur-kitap","9":"pa_yayinevi-altin-kitaplar","10":"pa_yazar-eve-chase","12":"first","13":"instock","14":"sale","15":"shipping-taxable","16":"purchasable","17":"product-type-simple"},"_links":{"self":[{"href":"https:\/\/roveyayinevi.com.tr\/index.php\/wp-json\/wp\/v2\/product\/766178","targetHints":{"allow":["GET"]}}],"collection":[{"href":"https:\/\/roveyayinevi.com.tr\/index.php\/wp-json\/wp\/v2\/product"}],"about":[{"href":"https:\/\/roveyayinevi.com.tr\/index.php\/wp-json\/wp\/v2\/types\/product"}],"wp:attachment":[{"href":"https:\/\/roveyayinevi.com.tr\/index.php\/wp-json\/wp\/v2\/media?parent=766178"}],"wp:term":[{"taxonomy":"product_brand","embeddable":true,"href":"https:\/\/roveyayinevi.com.tr\/index.php\/wp-json\/wp\/v2\/product_brand?post=766178"},{"taxonomy":"product_cat","embeddable":true,"href":"https:\/\/roveyayinevi.com.tr\/index.php\/wp-json\/wp\/v2\/product_cat?post=766178"},{"taxonomy":"product_tag","embeddable":true,"href":"https:\/\/roveyayinevi.com.tr\/index.php\/wp-json\/wp\/v2\/product_tag?post=766178"}],"curies":[{"name":"wp","href":"https:\/\/api.w.org\/{rel}","templated":true}]}}