{"id":766173,"date":"2025-08-28T12:04:29","date_gmt":"2025-08-28T09:04:29","guid":{"rendered":"https:\/\/roveyayinevi.com.tr\/index.php\/urun\/kim-hakiki-komunist\/"},"modified":"2026-04-15T03:32:06","modified_gmt":"2026-04-15T00:32:06","slug":"kim-hakiki-komunist","status":"publish","type":"product","link":"https:\/\/roveyayinevi.com.tr\/index.php\/urun\/kim-hakiki-komunist\/","title":{"rendered":"Kim Hakiki Kom\u00fcnist?"},"content":{"rendered":"<p>\u201cHem 1908 Devrimi\u2019ne kat\u0131lan\/destekleyen, hem de 1917 Ekim Devrimi sonras\u0131nda Bol\u015fevik olan veya Bol\u015feviklerle i\u015fbirli\u011fi yapan bu adam ve kad\u0131nlar kimdi? (\u2026) Tek ba\u015f\u0131na bir adam olarak dilini bile bilmedi\u011fi bir \u00fclke olan Rusya\u2019da Mustafa Suphi nas\u0131l var oldu ve kimlerle \u00e7al\u0131\u015ft\u0131? Kimlerle siyaset yapt\u0131? Her ta\u015f\u0131n alt\u0131ndan neden Celal Korkmazof \u00e7\u0131k\u0131yordu? \u0130ttihat\u00e7\u0131larla kom\u00fcnistler neden ve nas\u0131l ayn\u0131 partide bir araya geldiler? T\u00fcrkiyeli kom\u00fcnistler aras\u0131nda neden fraksiyonlar olu\u015ftu?\u201d Kim Hakiki Kom\u00fcnist?\u2019te Emel Akal bu sorular\u0131n cevaplar\u0131n\u0131 ar\u0131yor. Bol\u015fevik Devrimi\u2019nin b\u00fct\u00fcn d\u00fcnyayla beraber Anadolu\u2019yu da sarst\u0131\u011f\u0131 ve g\u00f6zleri kama\u015ft\u0131rd\u0131\u011f\u0131 o zamanda, kim \u201chakiki kom\u00fcnist\u201d idi, kim kom\u00fcnist rol\u00fc yap\u0131yordu? \u201cHakiki kom\u00fcnistler\u201dden \u0130ttihat\u00e7\u0131 zabitlere, \u201cmuallim, m\u00fcderris, muharrir ve m\u00fcnevverler\u201dden kom\u00fcnist subaylara, \u201c\u0130stanbul\u2019dan gelen yolda\u015flar\u201da T\u00fcrkiye Kom\u00fcnist Partisi\u2019nin (TKP) 1918-1920 aras\u0131ndaki kurulu\u015f s\u00fcrecinin canl\u0131 portreleri \u00e7iziliyor kitapta. Elbette, odakta, Mustafa Suphi\u2019nin portresi\u2026 Ve polemikler: Kim Hakiki Kom\u00fcnist?, TKP\u2019nin kurulu\u015f hik\u00e2yesine ili\u015fkin tart\u0131\u015fmalara da yorumlar getiriyor. Emel Akal\u2019\u0131n TKP\u2019nin olu\u015fumuyla ve Milli M\u00fccadele d\u00f6neminde T\u00fcrkiye solu i\u00e7indeki \u00e7alkalanmalarla ilgili \u00e7al\u0131\u015fmalar\u0131na eklenen bu yeni halka, ayn\u0131 zamanda insan ve hayat hik\u00e2yeleri zenginli\u011fi sunuyor okura. <\/p>\n","protected":false},"excerpt":{"rendered":"<p>\u201cHem 1908 Devrimi\u2019ne kat\u0131lan\/destekleyen, hem de 1917 Ekim Devrimi sonras\u0131nda Bol\u015fevik olan veya Bol\u015feviklerle i\u015fbirli\u011fi yapan bu adam ve kad\u0131nlar kimdi? (\u2026) Tek ba\u015f\u0131na bir adam<span class=\"excerpt-hellip\"> [\u2026]<\/span><\/p>\n","protected":false},"featured_media":0,"template":"","meta":{"_monsterinsights_skip_tracking":false,"_monsterinsights_sitenote_active":false,"_monsterinsights_sitenote_note":"","_monsterinsights_sitenote_category":0},"product_brand":[],"product_cat":[13590,12337],"product_tag":[],"class_list":{"0":"post-766173","1":"product","2":"type-product","3":"status-publish","5":"product_cat-arastirma-inceleme-politika-siyaset","6":"product_cat-politika-siyaset","7":"pa_cilt-ciltsiz","8":"pa_tur-kitap","9":"pa_yayinevi-iletisim-yayinlari","10":"pa_yazar-emel-akal","12":"first","13":"instock","14":"sale","15":"shipping-taxable","16":"purchasable","17":"product-type-simple"},"_links":{"self":[{"href":"https:\/\/roveyayinevi.com.tr\/index.php\/wp-json\/wp\/v2\/product\/766173","targetHints":{"allow":["GET"]}}],"collection":[{"href":"https:\/\/roveyayinevi.com.tr\/index.php\/wp-json\/wp\/v2\/product"}],"about":[{"href":"https:\/\/roveyayinevi.com.tr\/index.php\/wp-json\/wp\/v2\/types\/product"}],"wp:attachment":[{"href":"https:\/\/roveyayinevi.com.tr\/index.php\/wp-json\/wp\/v2\/media?parent=766173"}],"wp:term":[{"taxonomy":"product_brand","embeddable":true,"href":"https:\/\/roveyayinevi.com.tr\/index.php\/wp-json\/wp\/v2\/product_brand?post=766173"},{"taxonomy":"product_cat","embeddable":true,"href":"https:\/\/roveyayinevi.com.tr\/index.php\/wp-json\/wp\/v2\/product_cat?post=766173"},{"taxonomy":"product_tag","embeddable":true,"href":"https:\/\/roveyayinevi.com.tr\/index.php\/wp-json\/wp\/v2\/product_tag?post=766173"}],"curies":[{"name":"wp","href":"https:\/\/api.w.org\/{rel}","templated":true}]}}