{"id":766172,"date":"2025-08-28T12:04:27","date_gmt":"2025-08-28T09:04:27","guid":{"rendered":"https:\/\/roveyayinevi.com.tr\/index.php\/urun\/suc-butun-percemlerimdeydi\/"},"modified":"2026-04-15T03:32:06","modified_gmt":"2026-04-15T00:32:06","slug":"suc-butun-percemlerimdeydi","status":"publish","type":"product","link":"https:\/\/roveyayinevi.com.tr\/index.php\/urun\/suc-butun-percemlerimdeydi\/","title":{"rendered":"Su\u00e7 B\u00fct\u00fcn Per\u00e7emlerimdeydi"},"content":{"rendered":"<p>\u201c\u00c7al\u0131\u015fmam\u0131n tutanaklarla ve yap\u0131tlar\u0131n analizleriyle i\u00e7 i\u00e7e bir yap\u0131 sergilemesi, Sevgi Sosyal\u2019\u0131n olaylar\u0131 ya\u015fama s\u0131ras\u0131na riayet edilmesi ile ilgilidir. Bir eserden s\u00f6z ederken bir yarg\u0131lamaya ya da tutana\u011fa ge\u00e7ilmesi ya da tam tersinin olmas\u0131, yazar\u0131n k\u0131sa hayat\u0131na s\u0131\u011fd\u0131rd\u0131\u011f\u0131 yarg\u0131lamalar\u0131n uzunlu\u011fundand\u0131r. Bu tutanaklar i\u00e7inde bir u\u00e7tan bir uca savrulurken, evet yazmazsa olmazd\u0131. Onu \u00f6zg\u00fcr k\u0131lan bu muhte\u015fem yazma g\u00fcc\u00fc bize, bug\u00fcn elinizde tuttu\u011funuz onun ger\u00e7ek hayattaki yarg\u0131lama, edebiyat\/sanat sarmal\u0131n\u0131 verdi.\u201d Deniz Keziban \u00c7ak\u0131c\u0131, Sevgi Soysal\u2019a ait yap\u0131tlar\u0131 politik bir \u00e7er\u00e7evede analiz ederken ayn\u0131 zamanda 12 Mart 1971 asker\u00ee darbe d\u00f6nemi S\u0131k\u0131y\u00f6netim Komutanl\u0131\u011f\u0131 mahkeme tutanaklar\u0131yla birlikte, ar\u015fiv de\u011feri olan bir\u00e7ok belge, mektup ve el yazmas\u0131n\u0131 g\u00fcn \u0131\u015f\u0131\u011f\u0131na \u00e7\u0131kar\u0131yor. Bunun yan\u0131 s\u0131ra, geni\u015f bir Sevgi Soysal biyografisi ve bibliyografyas\u0131na yer veriyor\u2026 Soysal\u2019\u0131n \u201ck\u0131vr\u0131lan per\u00e7emlerine as\u0131lan tutkular\u0131na\u201d T\u00fcrkiye Cumhuriyeti\u2019nin kurulu\u015fundan 12 Mart d\u00f6nemine uzanan genel bir bak\u0131\u015f sunarken, yazar\u0131n durdu\u011fu noktay\u0131 ve o yaz\u0131nsal noktaya nas\u0131l geldi\u011fini belirginle\u015ftiriyor. T\u00fcm bunlar\u0131, yazar\u0131n yarg\u0131lanma s\u00fcreci ile e\u015f zamanl\u0131 bi\u00e7imde onun ya\u015fama ve yazma s\u0131ras\u0131n\u0131 bozmayacak bir anlat\u0131 kurarak ortaya koyuyor. \u201cSu\u00e7 B\u00fct\u00fcn Per\u00e7emlerimdeydi\u201d, Sevgi Soysal\u2019\u0131n 12 Mart san\u0131kl\u0131\u011f\u0131n\u0131n arka plan\u0131nda ya\u015fananlara, ya\u015fam\u0131na, yap\u0131tlar\u0131na ilk kez ayr\u0131nt\u0131l\u0131 \u015fekilde yay\u0131mlanacak belgeler e\u015fli\u011finde \u0131\u015f\u0131k tutan kapsaml\u0131 bir \u00e7al\u0131\u015fma. <\/p>\n","protected":false},"excerpt":{"rendered":"<p>\u201c\u00c7al\u0131\u015fmam\u0131n tutanaklarla ve yap\u0131tlar\u0131n analizleriyle i\u00e7 i\u00e7e bir yap\u0131 sergilemesi, Sevgi Sosyal\u2019\u0131n olaylar\u0131 ya\u015fama s\u0131ras\u0131na riayet edilmesi ile ilgilidir. Bir eserden s\u00f6z ederken bir yarg\u0131lamaya ya<span class=\"excerpt-hellip\"> [\u2026]<\/span><\/p>\n","protected":false},"featured_media":0,"template":"","meta":{"_monsterinsights_skip_tracking":false,"_monsterinsights_sitenote_active":false,"_monsterinsights_sitenote_note":"","_monsterinsights_sitenote_category":0},"product_brand":[],"product_cat":[13072,12291],"product_tag":[],"class_list":{"0":"post-766172","1":"product","2":"type-product","3":"status-publish","5":"product_cat-arastirma-inceleme-referans","6":"product_cat-edebiyat","7":"pa_cilt-ciltsiz","8":"pa_tur-kitap","9":"pa_yayinevi-iletisim-yayinlari","10":"pa_yazar-deniz-keziban-cakici","12":"first","13":"instock","14":"sale","15":"shipping-taxable","16":"purchasable","17":"product-type-simple"},"_links":{"self":[{"href":"https:\/\/roveyayinevi.com.tr\/index.php\/wp-json\/wp\/v2\/product\/766172","targetHints":{"allow":["GET"]}}],"collection":[{"href":"https:\/\/roveyayinevi.com.tr\/index.php\/wp-json\/wp\/v2\/product"}],"about":[{"href":"https:\/\/roveyayinevi.com.tr\/index.php\/wp-json\/wp\/v2\/types\/product"}],"wp:attachment":[{"href":"https:\/\/roveyayinevi.com.tr\/index.php\/wp-json\/wp\/v2\/media?parent=766172"}],"wp:term":[{"taxonomy":"product_brand","embeddable":true,"href":"https:\/\/roveyayinevi.com.tr\/index.php\/wp-json\/wp\/v2\/product_brand?post=766172"},{"taxonomy":"product_cat","embeddable":true,"href":"https:\/\/roveyayinevi.com.tr\/index.php\/wp-json\/wp\/v2\/product_cat?post=766172"},{"taxonomy":"product_tag","embeddable":true,"href":"https:\/\/roveyayinevi.com.tr\/index.php\/wp-json\/wp\/v2\/product_tag?post=766172"}],"curies":[{"name":"wp","href":"https:\/\/api.w.org\/{rel}","templated":true}]}}