{"id":766169,"date":"2025-08-28T12:04:20","date_gmt":"2025-08-28T09:04:20","guid":{"rendered":"https:\/\/roveyayinevi.com.tr\/index.php\/urun\/milli-mecmua-sayi-40-eylul-ekim-2024\/"},"modified":"2026-04-15T03:32:06","modified_gmt":"2026-04-15T00:32:06","slug":"milli-mecmua-sayi-40-eylul-ekim-2024","status":"publish","type":"product","link":"https:\/\/roveyayinevi.com.tr\/index.php\/urun\/milli-mecmua-sayi-40-eylul-ekim-2024\/","title":{"rendered":"Milli Mecmua Say\u0131 40 \/ Eyl\u00fcl &#8211; Ekim 2024"},"content":{"rendered":"<p>YAVUZ SULTAN SEL\u0130M\u2019\u0130N TAHTA \u00c7IKI\u015e HAD\u0130SES\u0130 &#8211; SEVDA OCAKTANSEL\u0130M-N\u00c2MELER: YAVUZ SULTAN SEL\u0130M\u2019\u0130N EDEB\u00ce SALTANAT KAVGASI &#8211; DO\u011eUKAN BOZKURTYAVUZ SULTAN SEL\u0130M D\u00d6NEM\u0130 H\u0130LAFET TELAKK\u0130S\u0130 &#8211; FAT\u0130H YILMAZATE\u015e VE DEM\u0130R YAVUZ SULTAN SEL\u0130M<\/p>\n","protected":false},"excerpt":{"rendered":"<p>YAVUZ SULTAN SEL\u0130M\u2019\u0130N TAHTA \u00c7IKI\u015e HAD\u0130SES\u0130 &#8211; SEVDA OCAKTANSEL\u0130M-N\u00c2MELER: YAVUZ SULTAN SEL\u0130M\u2019\u0130N EDEB\u00ce SALTANAT KAVGASI &#8211; DO\u011eUKAN BOZKURTYAVUZ SULTAN SEL\u0130M D\u00d6NEM\u0130 H\u0130LAFET TELAKK\u0130S\u0130 &#8211; FAT\u0130H YILMAZATE\u015e<span class=\"excerpt-hellip\"> [\u2026]<\/span><\/p>\n","protected":false},"featured_media":0,"template":"","meta":{"_monsterinsights_skip_tracking":false,"_monsterinsights_sitenote_active":false,"_monsterinsights_sitenote_note":"","_monsterinsights_sitenote_category":0},"product_brand":[],"product_cat":[13527],"product_tag":[],"class_list":{"0":"post-766169","1":"product","2":"type-product","3":"status-publish","5":"product_cat-sureli-yayinlar","6":"pa_cilt-ciltsiz","7":"pa_tur-dergi","8":"pa_yayinevi-otuken-nesriyat","9":"pa_yazar-kolektif","11":"first","12":"instock","13":"sale","14":"shipping-taxable","15":"purchasable","16":"product-type-simple"},"_links":{"self":[{"href":"https:\/\/roveyayinevi.com.tr\/index.php\/wp-json\/wp\/v2\/product\/766169","targetHints":{"allow":["GET"]}}],"collection":[{"href":"https:\/\/roveyayinevi.com.tr\/index.php\/wp-json\/wp\/v2\/product"}],"about":[{"href":"https:\/\/roveyayinevi.com.tr\/index.php\/wp-json\/wp\/v2\/types\/product"}],"wp:attachment":[{"href":"https:\/\/roveyayinevi.com.tr\/index.php\/wp-json\/wp\/v2\/media?parent=766169"}],"wp:term":[{"taxonomy":"product_brand","embeddable":true,"href":"https:\/\/roveyayinevi.com.tr\/index.php\/wp-json\/wp\/v2\/product_brand?post=766169"},{"taxonomy":"product_cat","embeddable":true,"href":"https:\/\/roveyayinevi.com.tr\/index.php\/wp-json\/wp\/v2\/product_cat?post=766169"},{"taxonomy":"product_tag","embeddable":true,"href":"https:\/\/roveyayinevi.com.tr\/index.php\/wp-json\/wp\/v2\/product_tag?post=766169"}],"curies":[{"name":"wp","href":"https:\/\/api.w.org\/{rel}","templated":true}]}}