{"id":766166,"date":"2025-08-28T12:04:16","date_gmt":"2025-08-28T09:04:16","guid":{"rendered":"https:\/\/roveyayinevi.com.tr\/index.php\/urun\/genom-2\/"},"modified":"2026-04-15T03:32:06","modified_gmt":"2026-04-15T00:32:06","slug":"genom-2","status":"publish","type":"product","link":"https:\/\/roveyayinevi.com.tr\/index.php\/urun\/genom-2\/","title":{"rendered":"Genom"},"content":{"rendered":"<p>Bilim, \u00e7evre ve iktisat alan\u0131nda ortaya koydu\u011fu pop\u00fcler \u00e7al\u0131\u015fmalarla bilinen Matt Ridley, bu kitapta da yine ilgi \u00e7ekici bir i\u015fe soyunup kromozom \u00e7iftlerinden se\u00e7ti\u011fi genlerin hik\u00e2yelerini anlatmaya koyuluyor. Hik\u00e2yeler burada insanl\u0131k tarihinin ba\u015flad\u0131\u011f\u0131 o ilk an ile gelecek aras\u0131nda gidip gelinerek ve bilimsel, felsefi ve ahlaki sorunlar dikkate al\u0131narak sunuluyor okura. Y\u00fczy\u0131l\u0131n en \u00f6nemli bilimsel hadiselerinden olan bir ke\u015ffin, kromozom \u00e7iftlerinin haritas\u0131n\u0131n \u00e7\u0131kar\u0131lmas\u0131n\u0131n sonu\u00e7lar\u0131na hasredilmi\u015f olan bu \u00e7al\u0131\u015fma okuru ola\u011fan\u00fcst\u00fc bir manzarayla ba\u015f ba\u015fa b\u0131rak\u0131yor.\u201c\u0130nsan genomuna dair b\u00fcy\u00fcleyici bir yolculuk. Genom biyoteknolojik y\u00fczy\u0131la g\u00f6z atmak isteyenler i\u00e7in kusursuz bir ba\u015flang\u0131\u00e7 noktas\u0131 vaat ediyor.\u201dWall Street Journal\u201cMuhte\u015fem bir eser: net, n\u00fcktedan ve g\u00fcncel. Yeni bilgiyi lanet olarak de\u011fil, nimet olarak g\u00f6ren bir zihin.London Times\u201cZiyadesiyle b\u00fcy\u00fcleyici bu kitap teknolojiye ilgi duymayan okuru bile bilgilendirip e\u011flendirecektir.Philadelphia Inquirer<\/p>\n","protected":false},"excerpt":{"rendered":"<p>Bilim, \u00e7evre ve iktisat alan\u0131nda ortaya koydu\u011fu pop\u00fcler \u00e7al\u0131\u015fmalarla bilinen Matt Ridley, bu kitapta da yine ilgi \u00e7ekici bir i\u015fe soyunup kromozom \u00e7iftlerinden se\u00e7ti\u011fi genlerin hik\u00e2yelerini<span class=\"excerpt-hellip\"> [\u2026]<\/span><\/p>\n","protected":false},"featured_media":0,"template":"","meta":{"_monsterinsights_skip_tracking":false,"_monsterinsights_sitenote_active":false,"_monsterinsights_sitenote_note":"","_monsterinsights_sitenote_category":0},"product_brand":[],"product_cat":[13005],"product_tag":[],"class_list":{"0":"post-766166","1":"product","2":"type-product","3":"status-publish","5":"product_cat-bilim-muhendislik","6":"pa_cilt-ciltsiz","7":"pa_tur-kitap","8":"pa_yayinevi-alfa-yayinlari","9":"pa_yazar-matt-ridley","11":"first","12":"instock","13":"sale","14":"shipping-taxable","15":"purchasable","16":"product-type-simple"},"_links":{"self":[{"href":"https:\/\/roveyayinevi.com.tr\/index.php\/wp-json\/wp\/v2\/product\/766166","targetHints":{"allow":["GET"]}}],"collection":[{"href":"https:\/\/roveyayinevi.com.tr\/index.php\/wp-json\/wp\/v2\/product"}],"about":[{"href":"https:\/\/roveyayinevi.com.tr\/index.php\/wp-json\/wp\/v2\/types\/product"}],"wp:attachment":[{"href":"https:\/\/roveyayinevi.com.tr\/index.php\/wp-json\/wp\/v2\/media?parent=766166"}],"wp:term":[{"taxonomy":"product_brand","embeddable":true,"href":"https:\/\/roveyayinevi.com.tr\/index.php\/wp-json\/wp\/v2\/product_brand?post=766166"},{"taxonomy":"product_cat","embeddable":true,"href":"https:\/\/roveyayinevi.com.tr\/index.php\/wp-json\/wp\/v2\/product_cat?post=766166"},{"taxonomy":"product_tag","embeddable":true,"href":"https:\/\/roveyayinevi.com.tr\/index.php\/wp-json\/wp\/v2\/product_tag?post=766166"}],"curies":[{"name":"wp","href":"https:\/\/api.w.org\/{rel}","templated":true}]}}