{"id":766165,"date":"2025-08-28T12:04:14","date_gmt":"2025-08-28T09:04:14","guid":{"rendered":"https:\/\/roveyayinevi.com.tr\/index.php\/urun\/masalin-bicimbilimi\/"},"modified":"2026-04-15T03:32:06","modified_gmt":"2026-04-15T00:32:06","slug":"masalin-bicimbilimi","status":"publish","type":"product","link":"https:\/\/roveyayinevi.com.tr\/index.php\/urun\/masalin-bicimbilimi\/","title":{"rendered":"Masal\u0131n Bi\u00e7imbilimi"},"content":{"rendered":"<p>Masal\u0131n Bi\u00e7imbilimi adl\u0131 d\u00fcnyaca \u00fcnl\u00fc bu yap\u0131t\u0131yla Vladimir Propp (1895-1970), ola\u011fan\u00fcst\u00fc masallar\u0131n kaynakland\u0131\u011f\u0131 temel yap\u0131y\u0131 ortaya \u00e7\u0131kard\u0131 ve masal incelemeleri i\u00e7in bir \u00e7\u00f6z\u00fcmleme modeli olu\u015fturdu. Elinizdeki kitap ayr\u0131ca yine Propp\u2019un \u201cOla\u011fan\u00fcst\u00fc Masallar\u0131n D\u00f6n\u00fc\u015f\u00fcmleri\u201d adl\u0131 yaz\u0131s\u0131n\u0131 da i\u00e7ermektedir. Eklenen di\u011fer yaz\u0131 ise E. M. Meletinski\u2019nin (1918-2005) \u201cMasal\u0131n Yap\u0131sal ve Tipolojik \u0130ncelemesi\u201ddir. Meletinski hem Propp\u2019un masal \u00e7\u00f6z\u00fcmleme y\u00f6ntemi a\u00e7\u0131s\u0131ndan katk\u0131s\u0131n\u0131 ve etkisini yorumluyor hem de d\u00fcnyan\u0131n \u00e7e\u015fitli \u00fclkelerinde s\u00fcrd\u00fcr\u00fclen masal, mit ara\u015ft\u0131rmalar\u0131 alan\u0131ndaki \u00e7al\u0131\u015fmalar\u0131 de\u011ferlendiriyor. Masal\u0131n Bi\u00e7imbilimi gerek masal \u00fcst\u00fcne ara\u015ft\u0131rma yapmak isteyenlere gerekse her t\u00fcrl\u00fc anlat\u0131y\u0131 \u00e7\u00f6z\u00fcmleyici bir yakla\u015f\u0131mla ele almak isteyenlere sesleniyor.<\/p>\n","protected":false},"excerpt":{"rendered":"<p>Masal\u0131n Bi\u00e7imbilimi adl\u0131 d\u00fcnyaca \u00fcnl\u00fc bu yap\u0131t\u0131yla Vladimir Propp (1895-1970), ola\u011fan\u00fcst\u00fc masallar\u0131n kaynakland\u0131\u011f\u0131 temel yap\u0131y\u0131 ortaya \u00e7\u0131kard\u0131 ve masal incelemeleri i\u00e7in bir \u00e7\u00f6z\u00fcmleme modeli olu\u015fturdu. Elinizdeki<span class=\"excerpt-hellip\"> [\u2026]<\/span><\/p>\n","protected":false},"featured_media":0,"template":"","meta":{"_monsterinsights_skip_tracking":false,"_monsterinsights_sitenote_active":false,"_monsterinsights_sitenote_note":"","_monsterinsights_sitenote_category":0},"product_brand":[],"product_cat":[13072,12291],"product_tag":[],"class_list":{"0":"post-766165","1":"product","2":"type-product","3":"status-publish","5":"product_cat-arastirma-inceleme-referans","6":"product_cat-edebiyat","7":"pa_cilt-ciltsiz","8":"pa_tur-kitap","9":"pa_yayinevi-alfa-yayinlari","10":"pa_yazar-vladimir-propp","12":"first","13":"instock","14":"sale","15":"shipping-taxable","16":"purchasable","17":"product-type-simple"},"_links":{"self":[{"href":"https:\/\/roveyayinevi.com.tr\/index.php\/wp-json\/wp\/v2\/product\/766165","targetHints":{"allow":["GET"]}}],"collection":[{"href":"https:\/\/roveyayinevi.com.tr\/index.php\/wp-json\/wp\/v2\/product"}],"about":[{"href":"https:\/\/roveyayinevi.com.tr\/index.php\/wp-json\/wp\/v2\/types\/product"}],"wp:attachment":[{"href":"https:\/\/roveyayinevi.com.tr\/index.php\/wp-json\/wp\/v2\/media?parent=766165"}],"wp:term":[{"taxonomy":"product_brand","embeddable":true,"href":"https:\/\/roveyayinevi.com.tr\/index.php\/wp-json\/wp\/v2\/product_brand?post=766165"},{"taxonomy":"product_cat","embeddable":true,"href":"https:\/\/roveyayinevi.com.tr\/index.php\/wp-json\/wp\/v2\/product_cat?post=766165"},{"taxonomy":"product_tag","embeddable":true,"href":"https:\/\/roveyayinevi.com.tr\/index.php\/wp-json\/wp\/v2\/product_tag?post=766165"}],"curies":[{"name":"wp","href":"https:\/\/api.w.org\/{rel}","templated":true}]}}