{"id":766162,"date":"2025-08-28T12:04:08","date_gmt":"2025-08-28T09:04:08","guid":{"rendered":"https:\/\/roveyayinevi.com.tr\/index.php\/urun\/2025-yordam-ajanda\/"},"modified":"2026-04-15T03:32:06","modified_gmt":"2026-04-15T00:32:06","slug":"2025-yordam-ajanda","status":"publish","type":"product","link":"https:\/\/roveyayinevi.com.tr\/index.php\/urun\/2025-yordam-ajanda\/","title":{"rendered":"2025 Yordam Ajanda"},"content":{"rendered":"<p>21. y\u00fczy\u0131l\u0131n ilk \u00e7eyre\u011finin son y\u0131l\u0131na girerken, sosyalizm m\u00fccadelelerinin bu y\u00fczy\u0131lda ne t\u00fcr toplumsal dinamiklere yaslanabilece\u011fi ve bu dinamiklere neler katabilece\u011fi konular\u0131nda anlaml\u0131 bir teorik birikim olu\u015fturdu\u011fumuza inan\u0131yoruz. Elinizdeki ajandada, sosyalizm m\u00fccadeleleri a\u00e7\u0131s\u0131ndan da \u00f6nem ta\u015f\u0131yan baz\u0131 yak\u0131n tarihli olaylar\u0131 hat\u0131rlat\u0131rken, s\u00f6z konusu teorik birikimin k\u00fc\u00e7\u00fck bir k\u0131sm\u0131na g\u00f6ndermeler yap\u0131yoruz. <\/p>\n","protected":false},"excerpt":{"rendered":"<p>21. y\u00fczy\u0131l\u0131n ilk \u00e7eyre\u011finin son y\u0131l\u0131na girerken, sosyalizm m\u00fccadelelerinin bu y\u00fczy\u0131lda ne t\u00fcr toplumsal dinamiklere yaslanabilece\u011fi ve bu dinamiklere neler katabilece\u011fi konular\u0131nda anlaml\u0131 bir teorik birikim<span class=\"excerpt-hellip\"> [\u2026]<\/span><\/p>\n","protected":false},"featured_media":0,"template":"","meta":{"_monsterinsights_skip_tracking":false,"_monsterinsights_sitenote_active":false,"_monsterinsights_sitenote_note":"","_monsterinsights_sitenote_category":0},"product_brand":[],"product_cat":[12337],"product_tag":[],"class_list":{"0":"post-766162","1":"product","2":"type-product","3":"status-publish","5":"product_cat-politika-siyaset","6":"pa_cilt-ciltsiz","7":"pa_tur-kitap","8":"pa_yayinevi-yordam-kitap","9":"pa_yazar-kolektif","11":"first","12":"instock","13":"sale","14":"shipping-taxable","15":"purchasable","16":"product-type-simple"},"_links":{"self":[{"href":"https:\/\/roveyayinevi.com.tr\/index.php\/wp-json\/wp\/v2\/product\/766162","targetHints":{"allow":["GET"]}}],"collection":[{"href":"https:\/\/roveyayinevi.com.tr\/index.php\/wp-json\/wp\/v2\/product"}],"about":[{"href":"https:\/\/roveyayinevi.com.tr\/index.php\/wp-json\/wp\/v2\/types\/product"}],"wp:attachment":[{"href":"https:\/\/roveyayinevi.com.tr\/index.php\/wp-json\/wp\/v2\/media?parent=766162"}],"wp:term":[{"taxonomy":"product_brand","embeddable":true,"href":"https:\/\/roveyayinevi.com.tr\/index.php\/wp-json\/wp\/v2\/product_brand?post=766162"},{"taxonomy":"product_cat","embeddable":true,"href":"https:\/\/roveyayinevi.com.tr\/index.php\/wp-json\/wp\/v2\/product_cat?post=766162"},{"taxonomy":"product_tag","embeddable":true,"href":"https:\/\/roveyayinevi.com.tr\/index.php\/wp-json\/wp\/v2\/product_tag?post=766162"}],"curies":[{"name":"wp","href":"https:\/\/api.w.org\/{rel}","templated":true}]}}