{"id":766159,"date":"2025-08-28T12:04:03","date_gmt":"2025-08-28T09:04:03","guid":{"rendered":"https:\/\/roveyayinevi.com.tr\/index.php\/urun\/heyamolalar\/"},"modified":"2026-04-15T03:32:06","modified_gmt":"2026-04-15T00:32:06","slug":"heyamolalar","status":"publish","type":"product","link":"https:\/\/roveyayinevi.com.tr\/index.php\/urun\/heyamolalar\/","title":{"rendered":"Heyamolalar"},"content":{"rendered":"<p>Bir korsan\u0131 korsan yapan nedir? Korsan gemisi mi, papa\u011fan\u0131 m\u0131, bandanas\u0131 m\u0131?Yoksa heyamola diye \u015fark\u0131 s\u00f6ylerken kulland\u0131\u011f\u0131 kelimeler mi?\u0130ngiliz yazar Kes Gray, muhte\u015fem kelime oyunlar\u0131 yaparak \u201cHeyamolalar\u201d\u0131 klasik korsan hik\u00e2yelerinin d\u0131\u015f\u0131na \u00e7\u0131kar\u0131yor. Kelimeleri duyup bir t\u00fcrl\u00fc g\u00f6remeyenlere yol g\u00f6steriyor.Mark Chambers\u2019\u0131n resimledi\u011fi kitab\u0131 Berrak \u0130diman T\u00fcrk\u00e7eye \u00e7evirdi. Heyamolalar, 4 ya\u015f ve \u00fcst\u00fc korsan kitaplar\u0131n\u0131 seven herkese hitap ediyor.Korsanl\u0131k tarihinin en iyi saklanan s\u0131rr\u0131n\u0131 Korsan Jake ile ke\u015ffetmeyi isteyenler i\u00e7in\u2026<\/p>\n","protected":false},"excerpt":{"rendered":"<p>Bir korsan\u0131 korsan yapan nedir? Korsan gemisi mi, papa\u011fan\u0131 m\u0131, bandanas\u0131 m\u0131?Yoksa heyamola diye \u015fark\u0131 s\u00f6ylerken kulland\u0131\u011f\u0131 kelimeler mi?\u0130ngiliz yazar Kes Gray, muhte\u015fem kelime oyunlar\u0131 yaparak<span class=\"excerpt-hellip\"> [\u2026]<\/span><\/p>\n","protected":false},"featured_media":0,"template":"","meta":{"_monsterinsights_skip_tracking":false,"_monsterinsights_sitenote_active":false,"_monsterinsights_sitenote_note":"","_monsterinsights_sitenote_category":0},"product_brand":[],"product_cat":[12274,12518],"product_tag":[],"class_list":{"0":"post-766159","1":"product","2":"type-product","3":"status-publish","5":"product_cat-cocuk-ve-genclik-kitaplari","6":"product_cat-okul-oncesi-kitaplar","7":"pa_cilt-ciltsiz","8":"pa_tur-kitap","9":"pa_yayinevi-literatur-yayinevi","10":"pa_yazar-kes-gray","12":"first","13":"instock","14":"sale","15":"shipping-taxable","16":"purchasable","17":"product-type-simple"},"_links":{"self":[{"href":"https:\/\/roveyayinevi.com.tr\/index.php\/wp-json\/wp\/v2\/product\/766159","targetHints":{"allow":["GET"]}}],"collection":[{"href":"https:\/\/roveyayinevi.com.tr\/index.php\/wp-json\/wp\/v2\/product"}],"about":[{"href":"https:\/\/roveyayinevi.com.tr\/index.php\/wp-json\/wp\/v2\/types\/product"}],"wp:attachment":[{"href":"https:\/\/roveyayinevi.com.tr\/index.php\/wp-json\/wp\/v2\/media?parent=766159"}],"wp:term":[{"taxonomy":"product_brand","embeddable":true,"href":"https:\/\/roveyayinevi.com.tr\/index.php\/wp-json\/wp\/v2\/product_brand?post=766159"},{"taxonomy":"product_cat","embeddable":true,"href":"https:\/\/roveyayinevi.com.tr\/index.php\/wp-json\/wp\/v2\/product_cat?post=766159"},{"taxonomy":"product_tag","embeddable":true,"href":"https:\/\/roveyayinevi.com.tr\/index.php\/wp-json\/wp\/v2\/product_tag?post=766159"}],"curies":[{"name":"wp","href":"https:\/\/api.w.org\/{rel}","templated":true}]}}