{"id":766157,"date":"2025-08-28T12:03:59","date_gmt":"2025-08-28T09:03:59","guid":{"rendered":"https:\/\/roveyayinevi.com.tr\/index.php\/urun\/en-guzel-kotu-gunum\/"},"modified":"2026-04-15T03:32:06","modified_gmt":"2026-04-15T00:32:06","slug":"en-guzel-kotu-gunum","status":"publish","type":"product","link":"https:\/\/roveyayinevi.com.tr\/index.php\/urun\/en-guzel-kotu-gunum\/","title":{"rendered":"En G\u00fczel K\u00f6t\u00fc G\u00fcn\u00fcm"},"content":{"rendered":"<p>En huysuzlar\u0131n bile y\u00fcz\u00fcn\u00fc g\u00fcld\u00fcrecek bir hik\u00e2ye&#8230;Her \u015fey her zaman tozpembe olamaz, de\u011fil mi? Bazen de her \u015fey tozpembeyken insan\u0131n g\u00f6z\u00fcne \u00e7ok k\u00f6t\u00fc g\u00f6r\u00fcn\u00fcr. Baz\u0131 g\u00fcnler aksiliklerin ard\u0131 arkas\u0131 kesilmez. Her \u015fey ters gidiyormu\u015f gibi gelir. \u0130\u015fler g\u00f6z\u00fcn\u00fcn \u00fcst\u00fcnde ka\u015f\u0131n vara kadar gider. \u201cEn G\u00fczel K\u00f6t\u00fc G\u00fcn\u00fcm\u201dde kahraman\u0131m\u0131z da b\u00f6yle bir g\u00fcne uyan\u0131yor. Hi\u00e7bir \u015fey onu mutlu etmiyor. Ta ki kendiyle ayn\u0131 duygular\u0131 payla\u015fan bir arkada\u015fa denk gelene kadar.Marianna Coppo\u2019nun yaz\u0131p resimledi\u011fi, huysuzlar\u0131n bile keyfini hemen yerine getirecek kitap her ya\u015ftan okura hitap ediyor.<\/p>\n","protected":false},"excerpt":{"rendered":"<p>En huysuzlar\u0131n bile y\u00fcz\u00fcn\u00fc g\u00fcld\u00fcrecek bir hik\u00e2ye&#8230;Her \u015fey her zaman tozpembe olamaz, de\u011fil mi? Bazen de her \u015fey tozpembeyken insan\u0131n g\u00f6z\u00fcne \u00e7ok k\u00f6t\u00fc g\u00f6r\u00fcn\u00fcr. Baz\u0131 g\u00fcnler<span class=\"excerpt-hellip\"> [\u2026]<\/span><\/p>\n","protected":false},"featured_media":0,"template":"","meta":{"_monsterinsights_skip_tracking":false,"_monsterinsights_sitenote_active":false,"_monsterinsights_sitenote_note":"","_monsterinsights_sitenote_category":0},"product_brand":[],"product_cat":[12274,12284],"product_tag":[],"class_list":{"0":"post-766157","1":"product","2":"type-product","3":"status-publish","5":"product_cat-cocuk-ve-genclik-kitaplari","6":"product_cat-hikayeler","7":"pa_cilt-ciltsiz","8":"pa_tur-kitap","9":"pa_yayinevi-literatur-yayinevi","10":"pa_yazar-marianna-coppo","12":"first","13":"instock","14":"sale","15":"shipping-taxable","16":"purchasable","17":"product-type-simple"},"_links":{"self":[{"href":"https:\/\/roveyayinevi.com.tr\/index.php\/wp-json\/wp\/v2\/product\/766157","targetHints":{"allow":["GET"]}}],"collection":[{"href":"https:\/\/roveyayinevi.com.tr\/index.php\/wp-json\/wp\/v2\/product"}],"about":[{"href":"https:\/\/roveyayinevi.com.tr\/index.php\/wp-json\/wp\/v2\/types\/product"}],"wp:attachment":[{"href":"https:\/\/roveyayinevi.com.tr\/index.php\/wp-json\/wp\/v2\/media?parent=766157"}],"wp:term":[{"taxonomy":"product_brand","embeddable":true,"href":"https:\/\/roveyayinevi.com.tr\/index.php\/wp-json\/wp\/v2\/product_brand?post=766157"},{"taxonomy":"product_cat","embeddable":true,"href":"https:\/\/roveyayinevi.com.tr\/index.php\/wp-json\/wp\/v2\/product_cat?post=766157"},{"taxonomy":"product_tag","embeddable":true,"href":"https:\/\/roveyayinevi.com.tr\/index.php\/wp-json\/wp\/v2\/product_tag?post=766157"}],"curies":[{"name":"wp","href":"https:\/\/api.w.org\/{rel}","templated":true}]}}