{"id":766156,"date":"2025-08-28T12:03:57","date_gmt":"2025-08-28T09:03:57","guid":{"rendered":"https:\/\/roveyayinevi.com.tr\/index.php\/urun\/inci-kupeli-naz\/"},"modified":"2026-04-15T03:32:06","modified_gmt":"2026-04-15T00:32:06","slug":"inci-kupeli-naz","status":"publish","type":"product","link":"https:\/\/roveyayinevi.com.tr\/index.php\/urun\/inci-kupeli-naz\/","title":{"rendered":"\u0130nci K\u00fcpeli Naz"},"content":{"rendered":"<p>Naz o g\u00fcn s\u0131n\u0131fa, annesinin fularlar\u0131n\u0131 ba\u015f\u0131na dolam\u0131\u015f olarak ve kulaklar\u0131nda inci k\u00fcpelerle, \u00fcstelik pijamalar\u0131yla gelmi\u015fti. \u00c7emberde g\u00fcn\u00fcn konusu ise her y\u00f6n\u00fcyle Naz\u2019\u0131n bu haline uygundu. Bakal\u0131m s\u0131n\u0131fta o g\u00fcn neler olacakt\u0131? \u015eerife Irmak\u2019\u0131n ikinci kitab\u0131 olan \u0130nci K\u00fcpeli Naz, Bir Tablo Bir Hikaye serisinin ilk kitab\u0131 olarak okurlarla bulu\u015fuyor. Kitab\u0131 Mine Mutlu s\u0131cac\u0131k \u00e7izimleriyle resimledi, Semra G\u00fcltekin ise edit\u00f6rl\u00fc\u011f\u00fcn\u00fc \u00fcstlendi. <\/p>\n","protected":false},"excerpt":{"rendered":"<p>Naz o g\u00fcn s\u0131n\u0131fa, annesinin fularlar\u0131n\u0131 ba\u015f\u0131na dolam\u0131\u015f olarak ve kulaklar\u0131nda inci k\u00fcpelerle, \u00fcstelik pijamalar\u0131yla gelmi\u015fti. \u00c7emberde g\u00fcn\u00fcn konusu ise her y\u00f6n\u00fcyle Naz\u2019\u0131n bu haline uygundu.<span class=\"excerpt-hellip\"> [\u2026]<\/span><\/p>\n","protected":false},"featured_media":0,"template":"","meta":{"_monsterinsights_skip_tracking":false,"_monsterinsights_sitenote_active":false,"_monsterinsights_sitenote_note":"","_monsterinsights_sitenote_category":0},"product_brand":[],"product_cat":[15192,12274],"product_tag":[],"class_list":{"0":"post-766156","1":"product","2":"type-product","3":"status-publish","5":"product_cat-1-3-yas-kitaplari","6":"product_cat-cocuk-ve-genclik-kitaplari","7":"pa_cilt-ciltsiz","8":"pa_tur-kitap","9":"pa_yayinevi-potikare-yayincilik","10":"pa_yazar-serife-irmak","12":"first","13":"instock","14":"sale","15":"shipping-taxable","16":"purchasable","17":"product-type-simple"},"_links":{"self":[{"href":"https:\/\/roveyayinevi.com.tr\/index.php\/wp-json\/wp\/v2\/product\/766156","targetHints":{"allow":["GET"]}}],"collection":[{"href":"https:\/\/roveyayinevi.com.tr\/index.php\/wp-json\/wp\/v2\/product"}],"about":[{"href":"https:\/\/roveyayinevi.com.tr\/index.php\/wp-json\/wp\/v2\/types\/product"}],"wp:attachment":[{"href":"https:\/\/roveyayinevi.com.tr\/index.php\/wp-json\/wp\/v2\/media?parent=766156"}],"wp:term":[{"taxonomy":"product_brand","embeddable":true,"href":"https:\/\/roveyayinevi.com.tr\/index.php\/wp-json\/wp\/v2\/product_brand?post=766156"},{"taxonomy":"product_cat","embeddable":true,"href":"https:\/\/roveyayinevi.com.tr\/index.php\/wp-json\/wp\/v2\/product_cat?post=766156"},{"taxonomy":"product_tag","embeddable":true,"href":"https:\/\/roveyayinevi.com.tr\/index.php\/wp-json\/wp\/v2\/product_tag?post=766156"}],"curies":[{"name":"wp","href":"https:\/\/api.w.org\/{rel}","templated":true}]}}