{"id":766155,"date":"2025-08-28T12:03:55","date_gmt":"2025-08-28T09:03:55","guid":{"rendered":"https:\/\/roveyayinevi.com.tr\/index.php\/urun\/biri-ve-digeri\/"},"modified":"2026-04-03T03:23:24","modified_gmt":"2026-04-03T00:23:24","slug":"biri-ve-digeri","status":"publish","type":"product","link":"https:\/\/roveyayinevi.com.tr\/index.php\/urun\/biri-ve-digeri\/","title":{"rendered":"Biri ve Di\u011feri"},"content":{"rendered":"<p>Yan\u0131na oyuncak bebe\u011fi ve hayallerinden ba\u015fka hi\u00e7bir \u015fey alamayan bir k\u0131z \u00e7ocu\u011fu\u2026 G\u00fcvende olmak i\u00e7in ailesiyle uzun bir yolculu\u011fa \u00e7\u0131kar. Ya\u015fad\u0131\u011f\u0131 belirsizli\u011fe ra\u011fmen \u00fcmidini kaybetmez. Hayat\u0131, hayalleriyle s\u0131ms\u0131k\u0131 kucaklar. Tu\u011f\u00e7e Tatari, g\u00f6\u00e7 gibi zorlu bir temay\u0131 naif bir dille \u00e7ocuklara anlat\u0131yor. Aysun Alt\u0131nda\u011f\u2019\u0131n siyah ve k\u0131rm\u0131z\u0131n\u0131n a\u011f\u0131rl\u0131kta oldu\u011fu g\u00f6rselleriyse okumaya bamba\u015fka bir boyut kat\u0131yor. Kitap okul \u00f6ncesi d\u00f6nemle okul d\u00f6nemindeki t\u00fcm \u00e7ocuklara ve yeti\u015fkinlere hitap ediyor. <\/p>\n","protected":false},"excerpt":{"rendered":"<p>Yan\u0131na oyuncak bebe\u011fi ve hayallerinden ba\u015fka hi\u00e7bir \u015fey alamayan bir k\u0131z \u00e7ocu\u011fu\u2026 G\u00fcvende olmak i\u00e7in ailesiyle uzun bir yolculu\u011fa \u00e7\u0131kar. Ya\u015fad\u0131\u011f\u0131 belirsizli\u011fe ra\u011fmen \u00fcmidini kaybetmez. Hayat\u0131,<span class=\"excerpt-hellip\"> [\u2026]<\/span><\/p>\n","protected":false},"featured_media":0,"template":"","meta":{"_monsterinsights_skip_tracking":false,"_monsterinsights_sitenote_active":false,"_monsterinsights_sitenote_note":"","_monsterinsights_sitenote_category":0},"product_brand":[],"product_cat":[12274,12284],"product_tag":[],"class_list":{"0":"post-766155","1":"product","2":"type-product","3":"status-publish","5":"product_cat-cocuk-ve-genclik-kitaplari","6":"product_cat-hikayeler","7":"pa_cilt-ciltsiz","8":"pa_tur-kitap","9":"pa_yayinevi-literatur-yayinevi","10":"pa_yazar-tugce-tatari","12":"first","13":"instock","14":"sale","15":"shipping-taxable","16":"purchasable","17":"product-type-simple"},"_links":{"self":[{"href":"https:\/\/roveyayinevi.com.tr\/index.php\/wp-json\/wp\/v2\/product\/766155","targetHints":{"allow":["GET"]}}],"collection":[{"href":"https:\/\/roveyayinevi.com.tr\/index.php\/wp-json\/wp\/v2\/product"}],"about":[{"href":"https:\/\/roveyayinevi.com.tr\/index.php\/wp-json\/wp\/v2\/types\/product"}],"wp:attachment":[{"href":"https:\/\/roveyayinevi.com.tr\/index.php\/wp-json\/wp\/v2\/media?parent=766155"}],"wp:term":[{"taxonomy":"product_brand","embeddable":true,"href":"https:\/\/roveyayinevi.com.tr\/index.php\/wp-json\/wp\/v2\/product_brand?post=766155"},{"taxonomy":"product_cat","embeddable":true,"href":"https:\/\/roveyayinevi.com.tr\/index.php\/wp-json\/wp\/v2\/product_cat?post=766155"},{"taxonomy":"product_tag","embeddable":true,"href":"https:\/\/roveyayinevi.com.tr\/index.php\/wp-json\/wp\/v2\/product_tag?post=766155"}],"curies":[{"name":"wp","href":"https:\/\/api.w.org\/{rel}","templated":true}]}}