{"id":766153,"date":"2025-08-28T12:03:53","date_gmt":"2025-08-28T09:03:53","guid":{"rendered":"https:\/\/roveyayinevi.com.tr\/index.php\/urun\/100-yillik-turk-basini\/"},"modified":"2026-04-15T03:32:06","modified_gmt":"2026-04-15T00:32:06","slug":"100-yillik-turk-basini","status":"publish","type":"product","link":"https:\/\/roveyayinevi.com.tr\/index.php\/urun\/100-yillik-turk-basini\/","title":{"rendered":"100 Y\u0131ll\u0131k T\u00fcrk Bas\u0131n\u0131"},"content":{"rendered":"<p>Bas\u0131n alan\u0131nda ya\u015fanan h\u0131zl\u0131 geli\u015fim ve d\u00f6n\u00fc\u015f\u00fcm T\u00fcrk bas\u0131n tarihini de do\u011frudan etkilemi\u015ftir. Osmanl\u0131 Devleti d\u00f6neminde her ne kadar bas\u0131n faaliyetleri istenilen seviyede ilerlemese de bu d\u00f6nemde elde edilen kazan\u0131mlar, T\u00fcrkiye Cumhuriyeti\u2019nin kurulmas\u0131yla peki\u015ftirilebilmi\u015ftir. Elinizdeki kitap, 100 Y\u0131ll\u0131k T\u00fcrk bas\u0131n tarihini d\u00f6nemler h\u00e2linde incelemekte, konu b\u00fct\u00fcnl\u00fc\u011f\u00fcn\u00fc koruyan kronolojik bir bak\u0131\u015f a\u00e7\u0131s\u0131 ile okuyucuya bas\u0131nda ya\u015fanan d\u00f6n\u00fc\u015f\u00fcm ve geli\u015fmeleri aktarmaktad\u0131r. Bas\u0131n alan\u0131nda \u00e7al\u0131\u015fan akademisyenlerin \u00e7al\u0131\u015fmalar\u0131n\u0131 bir araya getirerek elinizdeki eseri tarihi bir kay\u0131t olarak yay\u0131mlamakla T\u00fcrk bas\u0131n\u0131n\u0131n de\u011ferlerini Anadolu Ajans\u0131 b\u00fcnyesinde gelecek nesillere aktarmay\u0131 ama\u00e7l\u0131yoruz. Cumhuriyeti yaln\u0131z \u201canmak\u201d de\u011fil \u201canlamak\u201d gerekti\u011fi fikrinden hareketle haz\u0131rlanan bu kitap, akademisyenlerden \u00fcniversite \u00f6\u011frencilerine, gazetecilerden ara\u015ft\u0131rmac\u0131lara kadar geni\u015f bir okur kitlesine hitap etmektedir. <\/p>\n","protected":false},"excerpt":{"rendered":"<p>Bas\u0131n alan\u0131nda ya\u015fanan h\u0131zl\u0131 geli\u015fim ve d\u00f6n\u00fc\u015f\u00fcm T\u00fcrk bas\u0131n tarihini de do\u011frudan etkilemi\u015ftir. Osmanl\u0131 Devleti d\u00f6neminde her ne kadar bas\u0131n faaliyetleri istenilen seviyede ilerlemese de bu<span class=\"excerpt-hellip\"> [\u2026]<\/span><\/p>\n","protected":false},"featured_media":0,"template":"","meta":{"_monsterinsights_skip_tracking":false,"_monsterinsights_sitenote_active":false,"_monsterinsights_sitenote_note":"","_monsterinsights_sitenote_category":0},"product_brand":[],"product_cat":[15983,13488],"product_tag":[],"class_list":{"0":"post-766153","1":"product","2":"type-product","3":"status-publish","5":"product_cat-iletisim-ve-medya","6":"product_cat-toplum-ve-insan","7":"pa_cilt-ciltsiz","8":"pa_tur-kitap","9":"pa_yayinevi-anadolu-ajansi-yayinevi","10":"pa_yazar-kolektif","12":"first","13":"instock","14":"sale","15":"shipping-taxable","16":"purchasable","17":"product-type-simple"},"_links":{"self":[{"href":"https:\/\/roveyayinevi.com.tr\/index.php\/wp-json\/wp\/v2\/product\/766153","targetHints":{"allow":["GET"]}}],"collection":[{"href":"https:\/\/roveyayinevi.com.tr\/index.php\/wp-json\/wp\/v2\/product"}],"about":[{"href":"https:\/\/roveyayinevi.com.tr\/index.php\/wp-json\/wp\/v2\/types\/product"}],"wp:attachment":[{"href":"https:\/\/roveyayinevi.com.tr\/index.php\/wp-json\/wp\/v2\/media?parent=766153"}],"wp:term":[{"taxonomy":"product_brand","embeddable":true,"href":"https:\/\/roveyayinevi.com.tr\/index.php\/wp-json\/wp\/v2\/product_brand?post=766153"},{"taxonomy":"product_cat","embeddable":true,"href":"https:\/\/roveyayinevi.com.tr\/index.php\/wp-json\/wp\/v2\/product_cat?post=766153"},{"taxonomy":"product_tag","embeddable":true,"href":"https:\/\/roveyayinevi.com.tr\/index.php\/wp-json\/wp\/v2\/product_tag?post=766153"}],"curies":[{"name":"wp","href":"https:\/\/api.w.org\/{rel}","templated":true}]}}