{"id":766152,"date":"2025-08-28T12:03:51","date_gmt":"2025-08-28T09:03:51","guid":{"rendered":"https:\/\/roveyayinevi.com.tr\/index.php\/urun\/bilge-karasuyu-dusunmek\/"},"modified":"2026-04-15T03:32:06","modified_gmt":"2026-04-15T00:32:06","slug":"bilge-karasuyu-dusunmek","status":"publish","type":"product","link":"https:\/\/roveyayinevi.com.tr\/index.php\/urun\/bilge-karasuyu-dusunmek\/","title":{"rendered":"Bilge Karasu\u2019yu D\u00fc\u015f\u00fcnmek"},"content":{"rendered":"<p>Kas\u0131m 2023\u2019te ger\u00e7ekle\u015ftirilen Bilge Karasu G\u00fcnleri\u2019nde sunulmu\u015f bildirilerin yer ald\u0131\u011f\u0131 kitap, yazar, d\u00fc\u015f\u00fcn\u00fcr ve \u00e7evirmen olarak Bilge Karasu\u2019yu bug\u00fcn okuyan, de\u011ferlendiren, ba\u011flam\u0131na oturtan farkl\u0131 ku\u015faklardan yazar ve ara\u015ft\u0131rmac\u0131lar\u0131n an\u0131, g\u00f6r\u00fc\u015f ve incelemelerini bir araya getiriyor. Karasu\u2019nun T\u00fcrk\u00e7e hakk\u0131ndaki de\u011ferlendirmelerinden edebiyat tarihimizde kaplad\u0131\u011f\u0131 yere ve \u00fcslup \u00f6zelliklerine, \u015fiirlerinden resim ve m\u00fczik hakk\u0131ndaki g\u00f6r\u00fc\u015flerine, metinlerinin di\u011fer sanatlarla ili\u015fki i\u00e7inde okunmas\u0131na ve elbette anlat\u0131lar\u0131n\u0131n farkl\u0131 y\u00f6ntem ve bak\u0131\u015f a\u00e7\u0131lar\u0131yla \u00e7\u00f6z\u00fcmlenmesine uzanan yaz\u0131lar\u0131n, ya\u015fam\u00f6yk\u00fcs\u00fcyle ilgili ara\u015ft\u0131rmalar\u0131n Karasu okumalar\u0131na, onun hakk\u0131ndaki ara\u015ft\u0131rma ve incelemelere zenginlik kataca\u011f\u0131n\u0131 umuyoruz.       <\/p>\n","protected":false},"excerpt":{"rendered":"<p>Kas\u0131m 2023\u2019te ger\u00e7ekle\u015ftirilen Bilge Karasu G\u00fcnleri\u2019nde sunulmu\u015f bildirilerin yer ald\u0131\u011f\u0131 kitap, yazar, d\u00fc\u015f\u00fcn\u00fcr ve \u00e7evirmen olarak Bilge Karasu\u2019yu bug\u00fcn okuyan, de\u011ferlendiren, ba\u011flam\u0131na oturtan farkl\u0131 ku\u015faklardan yazar<span class=\"excerpt-hellip\"> [\u2026]<\/span><\/p>\n","protected":false},"featured_media":0,"template":"","meta":{"_monsterinsights_skip_tracking":false,"_monsterinsights_sitenote_active":false,"_monsterinsights_sitenote_note":"","_monsterinsights_sitenote_category":0},"product_brand":[],"product_cat":[12291,12610],"product_tag":[],"class_list":{"0":"post-766152","1":"product","2":"type-product","3":"status-publish","5":"product_cat-edebiyat","6":"product_cat-elestiri-inceleme-kuram","7":"pa_cilt-ciltsiz","8":"pa_tur-kitap","9":"pa_yayinevi-metis-yayinlari","10":"pa_yazar-savas-kilic-seval-sahin","12":"first","13":"instock","14":"sale","15":"shipping-taxable","16":"purchasable","17":"product-type-simple"},"_links":{"self":[{"href":"https:\/\/roveyayinevi.com.tr\/index.php\/wp-json\/wp\/v2\/product\/766152","targetHints":{"allow":["GET"]}}],"collection":[{"href":"https:\/\/roveyayinevi.com.tr\/index.php\/wp-json\/wp\/v2\/product"}],"about":[{"href":"https:\/\/roveyayinevi.com.tr\/index.php\/wp-json\/wp\/v2\/types\/product"}],"wp:attachment":[{"href":"https:\/\/roveyayinevi.com.tr\/index.php\/wp-json\/wp\/v2\/media?parent=766152"}],"wp:term":[{"taxonomy":"product_brand","embeddable":true,"href":"https:\/\/roveyayinevi.com.tr\/index.php\/wp-json\/wp\/v2\/product_brand?post=766152"},{"taxonomy":"product_cat","embeddable":true,"href":"https:\/\/roveyayinevi.com.tr\/index.php\/wp-json\/wp\/v2\/product_cat?post=766152"},{"taxonomy":"product_tag","embeddable":true,"href":"https:\/\/roveyayinevi.com.tr\/index.php\/wp-json\/wp\/v2\/product_tag?post=766152"}],"curies":[{"name":"wp","href":"https:\/\/api.w.org\/{rel}","templated":true}]}}