{"id":766151,"date":"2025-08-28T12:03:49","date_gmt":"2025-08-28T09:03:49","guid":{"rendered":"https:\/\/roveyayinevi.com.tr\/index.php\/urun\/bu-kiz-istedigi-her-seyi-yapabilir\/"},"modified":"2026-04-08T03:28:27","modified_gmt":"2026-04-08T00:28:27","slug":"bu-kiz-istedigi-her-seyi-yapabilir","status":"publish","type":"product","link":"https:\/\/roveyayinevi.com.tr\/index.php\/urun\/bu-kiz-istedigi-her-seyi-yapabilir\/","title":{"rendered":"Bu K\u0131z \u0130stedi\u011fi Her \u015eeyi Yapabilir!"},"content":{"rendered":"<p>Ben Mercan! Ne istedi\u011fimi \u00e7ok iyi biliyorum. Ve ben, istedi\u011fim her \u015feyi yapabiliyorum! Bu harika kitap, g\u00fc\u00e7l\u00fc k\u0131z \u00e7ocuklar\u0131n\u0131n kendini bulma hikayesini anlat\u0131rken t\u00fcm \u00e7ocuklara i\u00e7lerindeki g\u00fcce ve kendi i\u00e7 seslerine inanabileceklerini hat\u0131rlat\u0131yor. <\/p>\n","protected":false},"excerpt":{"rendered":"<p>Ben Mercan! Ne istedi\u011fimi \u00e7ok iyi biliyorum. Ve ben, istedi\u011fim her \u015feyi yapabiliyorum! Bu harika kitap, g\u00fc\u00e7l\u00fc k\u0131z \u00e7ocuklar\u0131n\u0131n kendini bulma hikayesini anlat\u0131rken t\u00fcm \u00e7ocuklara i\u00e7lerindeki<span class=\"excerpt-hellip\"> [\u2026]<\/span><\/p>\n","protected":false},"featured_media":0,"template":"","meta":{"_monsterinsights_skip_tracking":false,"_monsterinsights_sitenote_active":false,"_monsterinsights_sitenote_note":"","_monsterinsights_sitenote_category":0},"product_brand":[],"product_cat":[12274,12284],"product_tag":[],"class_list":{"0":"post-766151","1":"product","2":"type-product","3":"status-publish","5":"product_cat-cocuk-ve-genclik-kitaplari","6":"product_cat-hikayeler","7":"pa_cilt-ciltsiz","8":"pa_tur-kitap","9":"pa_yayinevi-indigo-cocuk","10":"pa_yazar-stephanie-stansbie","12":"first","13":"instock","14":"sale","15":"shipping-taxable","16":"purchasable","17":"product-type-simple"},"_links":{"self":[{"href":"https:\/\/roveyayinevi.com.tr\/index.php\/wp-json\/wp\/v2\/product\/766151","targetHints":{"allow":["GET"]}}],"collection":[{"href":"https:\/\/roveyayinevi.com.tr\/index.php\/wp-json\/wp\/v2\/product"}],"about":[{"href":"https:\/\/roveyayinevi.com.tr\/index.php\/wp-json\/wp\/v2\/types\/product"}],"wp:attachment":[{"href":"https:\/\/roveyayinevi.com.tr\/index.php\/wp-json\/wp\/v2\/media?parent=766151"}],"wp:term":[{"taxonomy":"product_brand","embeddable":true,"href":"https:\/\/roveyayinevi.com.tr\/index.php\/wp-json\/wp\/v2\/product_brand?post=766151"},{"taxonomy":"product_cat","embeddable":true,"href":"https:\/\/roveyayinevi.com.tr\/index.php\/wp-json\/wp\/v2\/product_cat?post=766151"},{"taxonomy":"product_tag","embeddable":true,"href":"https:\/\/roveyayinevi.com.tr\/index.php\/wp-json\/wp\/v2\/product_tag?post=766151"}],"curies":[{"name":"wp","href":"https:\/\/api.w.org\/{rel}","templated":true}]}}