{"id":766150,"date":"2025-08-28T12:03:47","date_gmt":"2025-08-28T09:03:47","guid":{"rendered":"https:\/\/roveyayinevi.com.tr\/index.php\/urun\/imparatorluk-icinde-imparatorluk-gibi\/"},"modified":"2026-04-15T03:32:05","modified_gmt":"2026-04-15T00:32:05","slug":"imparatorluk-icinde-imparatorluk-gibi","status":"publish","type":"product","link":"https:\/\/roveyayinevi.com.tr\/index.php\/urun\/imparatorluk-icinde-imparatorluk-gibi\/","title":{"rendered":"\u0130mparatorluk \u0130\u00e7inde \u0130mparatorluk Gibi"},"content":{"rendered":"<p>Ba\u015f\u0131ndan sonuna soluk kesici! Fr\u00e9d\u00e9ric Beigbeder Antoine ve L&#8230; Biri siyasi arenada, di\u011feri dijital d\u00fcnyada kendi imparatorlu\u011funu kurma pe\u015finde olan iki farkl\u0131 karakter. Antoine, Fransa&#8217;n\u0131n karma\u015f\u0131k siyasi yap\u0131s\u0131nda, bir milletvekilinin asistan\u0131 olarak yer edinmi\u015f, ancak her ge\u00e7en g\u00fcn, inand\u0131\u011f\u0131 de\u011ferlerin siyasetin derinliklerinde nas\u0131l a\u015f\u0131nd\u0131\u011f\u0131n\u0131 izlemekte. Gen\u00e7li\u011finde ta\u015f\u0131d\u0131\u011f\u0131 b\u00fcy\u00fck idealleri, sistemin devasa di\u015flileri aras\u0131nda s\u0131k\u0131\u015fm\u0131\u015f bir hayal k\u0131r\u0131kl\u0131\u011f\u0131na d\u00f6n\u00fc\u015f\u00fcyor. Kendini &#8220;s\u0131radan&#8221; biri olmaktan koruma \u00e7abas\u0131, onu her ge\u00e7en g\u00fcn daha da yaln\u0131zla\u015ft\u0131r\u0131yor. Di\u011fer yanda L, internetin s\u0131n\u0131rs\u0131z ve anar\u015fik d\u00fcnyas\u0131nda, kurallar\u0131 kendisinin yazd\u0131\u011f\u0131 bir evrende varl\u0131k s\u00fcr\u00fcyor. Y\u0131llar\u0131n\u0131 dijital direni\u015fin, hacker gruplar\u0131n\u0131n ve sanal sava\u015flar\u0131n ortas\u0131nda ge\u00e7iren L, devletlerin ve devasa sistemlerin kar\u015f\u0131s\u0131nda siber bir sava\u015f\u00e7\u0131. \u0130\u00e7inde kayboldu\u011fu bu sanal d\u00fcnyada, ger\u00e7e\u011fin nerede ba\u015flad\u0131\u011f\u0131 ve nerede bitti\u011fi belirsizle\u015fiyor. Ger\u00e7ek d\u00fcnya ile sanal d\u00fcnya aras\u0131ndaki \u00e7izgi inceldik\u00e7e, L\u2019nin kendini koruma m\u00fccadelesi de daha karma\u015f\u0131k hale geliyor. B\u00fcy\u00fck be\u011feniyle kar\u015f\u0131lanan Kaybetme Sanat\u0131\u2019n\u0131n ard\u0131ndan, T\u00fcrkiye\u2019deki okurlar\u0131n\u0131n kar\u015f\u0131s\u0131na bu kez \u0130mparatorluk \u0130\u00e7inde \u0130mparatorluk Gibi ile \u00e7\u0131kan Zeniter, modern d\u00fcnyan\u0131n dijital ve siyasi g\u00fc\u00e7 odaklar\u0131n\u0131 bir araya getiriyor. 2018 y\u0131l\u0131nda Fransa\u2019da Sar\u0131 Yelekliler hareketiyle ba\u015flayan halk isyanlar\u0131n\u0131 arka plan\u0131na alan roman, bireyin g\u00fcc\u00fcn\u00fc ve \u00f6zg\u00fcrl\u00fc\u011f\u00fcn\u00fc arad\u0131\u011f\u0131 bir d\u00f6nemi resmediyor. Teknolojinin, siyasetin ve bireyin \u00e7arp\u0131\u015ft\u0131\u011f\u0131 bu etkileyici roman boyunca Zeniter g\u00fcn\u00fcm\u00fcz toplumuna keskin bir bak\u0131\u015f atmakla kalm\u0131yor, okurlar\u0131n\u0131 sosyal medyan\u0131n ve dijital d\u00fcnyalar\u0131n g\u00f6lgesinde esasl\u0131 bir hakikat aray\u0131\u015f\u0131na da \u00e7\u0131kar\u0131yor.   \u201c\u0130mparatorluk \u0130\u00e7inde \u0130mparatorluk Gibi\u201d bir \u00e7a\u011f\u0131n ya\u015fayan tablosu. Hem anlatan hem de \u015fahitlik eden bir roman. <\/p>\n","protected":false},"excerpt":{"rendered":"<p>Ba\u015f\u0131ndan sonuna soluk kesici! Fr\u00e9d\u00e9ric Beigbeder Antoine ve L&#8230; Biri siyasi arenada, di\u011feri dijital d\u00fcnyada kendi imparatorlu\u011funu kurma pe\u015finde olan iki farkl\u0131 karakter. Antoine, Fransa&#8217;n\u0131n karma\u015f\u0131k<span class=\"excerpt-hellip\"> [\u2026]<\/span><\/p>\n","protected":false},"featured_media":0,"template":"","meta":{"_monsterinsights_skip_tracking":false,"_monsterinsights_sitenote_active":false,"_monsterinsights_sitenote_note":"","_monsterinsights_sitenote_category":0},"product_brand":[],"product_cat":[12291,12711],"product_tag":[],"class_list":{"0":"post-766150","1":"product","2":"type-product","3":"status-publish","5":"product_cat-edebiyat","6":"product_cat-roman-oyku","7":"pa_cilt-ciltsiz","8":"pa_tur-kitap","9":"pa_yayinevi-livera-yayinevi","10":"pa_yazar-alice-zeniter","12":"first","13":"instock","14":"sale","15":"shipping-taxable","16":"purchasable","17":"product-type-simple"},"_links":{"self":[{"href":"https:\/\/roveyayinevi.com.tr\/index.php\/wp-json\/wp\/v2\/product\/766150","targetHints":{"allow":["GET"]}}],"collection":[{"href":"https:\/\/roveyayinevi.com.tr\/index.php\/wp-json\/wp\/v2\/product"}],"about":[{"href":"https:\/\/roveyayinevi.com.tr\/index.php\/wp-json\/wp\/v2\/types\/product"}],"wp:attachment":[{"href":"https:\/\/roveyayinevi.com.tr\/index.php\/wp-json\/wp\/v2\/media?parent=766150"}],"wp:term":[{"taxonomy":"product_brand","embeddable":true,"href":"https:\/\/roveyayinevi.com.tr\/index.php\/wp-json\/wp\/v2\/product_brand?post=766150"},{"taxonomy":"product_cat","embeddable":true,"href":"https:\/\/roveyayinevi.com.tr\/index.php\/wp-json\/wp\/v2\/product_cat?post=766150"},{"taxonomy":"product_tag","embeddable":true,"href":"https:\/\/roveyayinevi.com.tr\/index.php\/wp-json\/wp\/v2\/product_tag?post=766150"}],"curies":[{"name":"wp","href":"https:\/\/api.w.org\/{rel}","templated":true}]}}