{"id":766148,"date":"2025-08-28T12:03:42","date_gmt":"2025-08-28T09:03:42","guid":{"rendered":"https:\/\/roveyayinevi.com.tr\/index.php\/urun\/unutulan-gecmis\/"},"modified":"2026-04-15T03:32:05","modified_gmt":"2026-04-15T00:32:05","slug":"unutulan-gecmis","status":"publish","type":"product","link":"https:\/\/roveyayinevi.com.tr\/index.php\/urun\/unutulan-gecmis\/","title":{"rendered":"Unutulan Ge\u00e7mi\u015f"},"content":{"rendered":"<p>\u0130stanbullu doktor ve ara\u015ft\u0131rmac\u0131 Vahram Torkomyan (1858-1942), \u00f6l\u00fcm\u00fcnden birka\u00e7 ay \u00f6nce tamamlad\u0131\u011f\u0131 bu el yazmas\u0131 hat\u0131ratta \u0130stanbul Ermenilerinin toplumsal, entelekt\u00fcel ve dini hayat\u0131na dair e\u015fsiz bir tan\u0131kl\u0131k sunarken, Osmanl\u0131 \u0130mparatorlu\u011fu\u2019nun ba\u015fkentindeki sosyal ve politik ya\u015fam\u0131n \u00e7ok katmanl\u0131 yap\u0131s\u0131n\u0131 da g\u00f6zler \u00f6n\u00fcne seriyor. \u0130stanbul\u2019dan Paris\u2019e uzanan ya\u015fam\u0131n\u0131 kaleme ald\u0131\u011f\u0131 Unutulan Ge\u00e7mi\u015f\u2019te, \u00e7ocuklu\u011fundan ilkgen\u00e7li\u011fine, \u00f6\u011frencili\u011finden meslek hayat\u0131na, akademik ve tarihsel ara\u015ft\u0131rmalar\u0131ndan toplumsal ve politik faaliyetlerine dek t\u00fcm hayat\u0131n\u0131, ince ayr\u0131nt\u0131lar\u0131yla, berrak an\u0131lar\u0131yla ve edebi maharetiyle g\u00f6zler \u00f6n\u00fcne seriyor. <\/p>\n","protected":false},"excerpt":{"rendered":"<p>\u0130stanbullu doktor ve ara\u015ft\u0131rmac\u0131 Vahram Torkomyan (1858-1942), \u00f6l\u00fcm\u00fcnden birka\u00e7 ay \u00f6nce tamamlad\u0131\u011f\u0131 bu el yazmas\u0131 hat\u0131ratta \u0130stanbul Ermenilerinin toplumsal, entelekt\u00fcel ve dini hayat\u0131na dair e\u015fsiz bir<span class=\"excerpt-hellip\"> [\u2026]<\/span><\/p>\n","protected":false},"featured_media":0,"template":"","meta":{"_monsterinsights_skip_tracking":false,"_monsterinsights_sitenote_active":false,"_monsterinsights_sitenote_note":"","_monsterinsights_sitenote_category":0},"product_brand":[],"product_cat":[18545,12291],"product_tag":[],"class_list":{"0":"post-766148","1":"product","2":"type-product","3":"status-publish","5":"product_cat-anlati","6":"product_cat-edebiyat","7":"pa_cilt-ciltsiz","8":"pa_tur-kitap","9":"pa_yayinevi-aras-yayinlari","10":"pa_yazar-vahram-torkomyan","12":"first","13":"instock","14":"sale","15":"shipping-taxable","16":"purchasable","17":"product-type-simple"},"_links":{"self":[{"href":"https:\/\/roveyayinevi.com.tr\/index.php\/wp-json\/wp\/v2\/product\/766148","targetHints":{"allow":["GET"]}}],"collection":[{"href":"https:\/\/roveyayinevi.com.tr\/index.php\/wp-json\/wp\/v2\/product"}],"about":[{"href":"https:\/\/roveyayinevi.com.tr\/index.php\/wp-json\/wp\/v2\/types\/product"}],"wp:attachment":[{"href":"https:\/\/roveyayinevi.com.tr\/index.php\/wp-json\/wp\/v2\/media?parent=766148"}],"wp:term":[{"taxonomy":"product_brand","embeddable":true,"href":"https:\/\/roveyayinevi.com.tr\/index.php\/wp-json\/wp\/v2\/product_brand?post=766148"},{"taxonomy":"product_cat","embeddable":true,"href":"https:\/\/roveyayinevi.com.tr\/index.php\/wp-json\/wp\/v2\/product_cat?post=766148"},{"taxonomy":"product_tag","embeddable":true,"href":"https:\/\/roveyayinevi.com.tr\/index.php\/wp-json\/wp\/v2\/product_tag?post=766148"}],"curies":[{"name":"wp","href":"https:\/\/api.w.org\/{rel}","templated":true}]}}