{"id":766147,"date":"2025-08-28T12:03:40","date_gmt":"2025-08-28T09:03:40","guid":{"rendered":"https:\/\/roveyayinevi.com.tr\/index.php\/urun\/bu-cocuk-istedigi-her-sey-olabilir\/"},"modified":"2026-04-08T03:28:27","modified_gmt":"2026-04-08T00:28:27","slug":"bu-cocuk-istedigi-her-sey-olabilir","status":"publish","type":"product","link":"https:\/\/roveyayinevi.com.tr\/index.php\/urun\/bu-cocuk-istedigi-her-sey-olabilir\/","title":{"rendered":"Bu \u00c7ocuk \u0130stedi\u011fi Her \u015eey Olabilir"},"content":{"rendered":"<p>Ben Evren! Her \u015feyi yapabilirim. \u0130\u015fler yolunda gitmedi\u011finde de z\u0131playarak geri d\u00f6nmeyi iyi bilirim! Bu s\u0131cac\u0131k kitap hepimizde olan \u00f6zellikleri ve duygular\u0131 dile getirirken, her \u00e7ocu\u011fa kendisi olmay\u0131 ve her ne istiyorsa o olabilece\u011fini hat\u0131rlat\u0131yor. <\/p>\n","protected":false},"excerpt":{"rendered":"<p>Ben Evren! Her \u015feyi yapabilirim. \u0130\u015fler yolunda gitmedi\u011finde de z\u0131playarak geri d\u00f6nmeyi iyi bilirim! Bu s\u0131cac\u0131k kitap hepimizde olan \u00f6zellikleri ve duygular\u0131 dile getirirken, her \u00e7ocu\u011fa<span class=\"excerpt-hellip\"> [\u2026]<\/span><\/p>\n","protected":false},"featured_media":0,"template":"","meta":{"_monsterinsights_skip_tracking":false,"_monsterinsights_sitenote_active":false,"_monsterinsights_sitenote_note":"","_monsterinsights_sitenote_category":0},"product_brand":[],"product_cat":[12274,12284],"product_tag":[],"class_list":{"0":"post-766147","1":"product","2":"type-product","3":"status-publish","5":"product_cat-cocuk-ve-genclik-kitaplari","6":"product_cat-hikayeler","7":"pa_cilt-ciltsiz","8":"pa_tur-kitap","9":"pa_yayinevi-indigo-cocuk","10":"pa_yazar-stephanie-stansbie","12":"first","13":"instock","14":"sale","15":"shipping-taxable","16":"purchasable","17":"product-type-simple"},"_links":{"self":[{"href":"https:\/\/roveyayinevi.com.tr\/index.php\/wp-json\/wp\/v2\/product\/766147","targetHints":{"allow":["GET"]}}],"collection":[{"href":"https:\/\/roveyayinevi.com.tr\/index.php\/wp-json\/wp\/v2\/product"}],"about":[{"href":"https:\/\/roveyayinevi.com.tr\/index.php\/wp-json\/wp\/v2\/types\/product"}],"wp:attachment":[{"href":"https:\/\/roveyayinevi.com.tr\/index.php\/wp-json\/wp\/v2\/media?parent=766147"}],"wp:term":[{"taxonomy":"product_brand","embeddable":true,"href":"https:\/\/roveyayinevi.com.tr\/index.php\/wp-json\/wp\/v2\/product_brand?post=766147"},{"taxonomy":"product_cat","embeddable":true,"href":"https:\/\/roveyayinevi.com.tr\/index.php\/wp-json\/wp\/v2\/product_cat?post=766147"},{"taxonomy":"product_tag","embeddable":true,"href":"https:\/\/roveyayinevi.com.tr\/index.php\/wp-json\/wp\/v2\/product_tag?post=766147"}],"curies":[{"name":"wp","href":"https:\/\/api.w.org\/{rel}","templated":true}]}}