{"id":766146,"date":"2025-08-28T12:03:39","date_gmt":"2025-08-28T09:03:39","guid":{"rendered":"https:\/\/roveyayinevi.com.tr\/index.php\/urun\/2025-astroloji-ajandasi-ozel-kapak\/"},"modified":"2026-04-15T03:32:05","modified_gmt":"2026-04-15T00:32:05","slug":"2025-astroloji-ajandasi-ozel-kapak","status":"publish","type":"product","link":"https:\/\/roveyayinevi.com.tr\/index.php\/urun\/2025-astroloji-ajandasi-ozel-kapak\/","title":{"rendered":"2025 Astroloji Ajandas\u0131 (\u00d6zel Kapak)"},"content":{"rendered":"<p>2025\u2019te bu ajanday\u0131 elinizden d\u00fc\u015f\u00fcremeyeceksiniz! Hem ajanda hem g\u00fcn g\u00fcn astroloji \u00f6ng\u00f6r\u00fcleri hem de tam o g\u00fcne uygun olumlamalar bir arada   Astrolog Zeynep \u0130rem \u00c7a\u011flar\u2019\u0131n haz\u0131rlad\u0131\u011f\u0131 G\u00fcn\u00e7e Yay\u0131nevi\u2019nden \u00e7\u0131kan 2025 Astroloji Ajandas\u0131 bu y\u0131l astroloji merakl\u0131lar\u0131na harika bir yol haritas\u0131 sunmakla kalm\u0131yor, olumlamalarla ki\u015fisel geli\u015fim yolculuklar\u0131na destek oluyor. Zaman\u0131n\u0131 do\u011fru kullanmak i\u00e7in harika bir ara\u00e7 olan bu ajandada tam olarak neleri i\u00e7eriyor derseniz; &#8211;          G\u00fcnl\u00fck enerjileri do\u011fru kullanma &#8211;          Sabahtan ak\u015fama g\u00fcnl\u00fck dinamikler &#8211;          Enerji frekans\u0131m\u0131z\u0131 y\u00fckseltme &#8211;          \u00d6ng\u00f6r\u00fc sa\u011flayabilmemiz i\u00e7in Sabit Y\u0131ld\u0131z etkile\u015fimleri &#8211;          T\u00fcm g\u00f6ky\u00fcz\u00fc enerjisi, g\u00fcnl\u00fck ve jenerasyon gezegen ge\u00e7i\u015fleri &#8211;          G\u00fcn\u00fcn\u00fcn dinamiklerini dengeleyecek olumlamalar &#8211;          Ayl\u0131k plan Zeynep \u0130rem \u00c7a\u011flar Astro-Shera, 2025 Astroloji Haritas\u0131\u2019nda bunlar\u0131n hepsini bir arada sunarak, k\u0131sa ya da uzun vadeli planlar\u0131m\u0131z\u0131 yaparken g\u00f6ky\u00fcz\u00fcn\u00fcn a\u00e7\u0131lar\u0131ndan faydalanmam\u0131z\u0131 sa\u011flayacak bir k\u0131lavuz veriyor bize. Bu harika hediyeyi ister \u00f6ng\u00f6r\u00fc sa\u011flayabilmek i\u00e7in kullan\u0131n; ister g\u00fcn\u00fcn enerjisini y\u00fckseltmek i\u00e7in, ister merak\u0131n\u0131z\u0131 gidermek i\u00e7in\u2026 <\/p>\n","protected":false},"excerpt":{"rendered":"<p>2025\u2019te bu ajanday\u0131 elinizden d\u00fc\u015f\u00fcremeyeceksiniz! Hem ajanda hem g\u00fcn g\u00fcn astroloji \u00f6ng\u00f6r\u00fcleri hem de tam o g\u00fcne uygun olumlamalar bir arada Astrolog Zeynep \u0130rem \u00c7a\u011flar\u2019\u0131n haz\u0131rlad\u0131\u011f\u0131<span class=\"excerpt-hellip\"> [\u2026]<\/span><\/p>\n","protected":false},"featured_media":0,"template":"","meta":{"_monsterinsights_skip_tracking":false,"_monsterinsights_sitenote_active":false,"_monsterinsights_sitenote_note":"","_monsterinsights_sitenote_category":0},"product_brand":[],"product_cat":[19840,12364],"product_tag":[],"class_list":{"0":"post-766146","1":"product","2":"type-product","3":"status-publish","5":"product_cat-astroloji","6":"product_cat-genel-konular","7":"pa_cilt-ciltli","8":"pa_tur-kitap","9":"pa_yayinevi-gunce-yayinlari","10":"pa_yazar-zeynep-irem-caglar","12":"first","13":"instock","14":"sale","15":"shipping-taxable","16":"purchasable","17":"product-type-simple"},"_links":{"self":[{"href":"https:\/\/roveyayinevi.com.tr\/index.php\/wp-json\/wp\/v2\/product\/766146","targetHints":{"allow":["GET"]}}],"collection":[{"href":"https:\/\/roveyayinevi.com.tr\/index.php\/wp-json\/wp\/v2\/product"}],"about":[{"href":"https:\/\/roveyayinevi.com.tr\/index.php\/wp-json\/wp\/v2\/types\/product"}],"wp:attachment":[{"href":"https:\/\/roveyayinevi.com.tr\/index.php\/wp-json\/wp\/v2\/media?parent=766146"}],"wp:term":[{"taxonomy":"product_brand","embeddable":true,"href":"https:\/\/roveyayinevi.com.tr\/index.php\/wp-json\/wp\/v2\/product_brand?post=766146"},{"taxonomy":"product_cat","embeddable":true,"href":"https:\/\/roveyayinevi.com.tr\/index.php\/wp-json\/wp\/v2\/product_cat?post=766146"},{"taxonomy":"product_tag","embeddable":true,"href":"https:\/\/roveyayinevi.com.tr\/index.php\/wp-json\/wp\/v2\/product_tag?post=766146"}],"curies":[{"name":"wp","href":"https:\/\/api.w.org\/{rel}","templated":true}]}}