{"id":766144,"date":"2025-08-28T12:03:35","date_gmt":"2025-08-28T09:03:35","guid":{"rendered":"https:\/\/roveyayinevi.com.tr\/index.php\/urun\/gelin\/"},"modified":"2026-04-15T03:32:05","modified_gmt":"2026-04-15T00:32:05","slug":"gelin","status":"publish","type":"product","link":"https:\/\/roveyayinevi.com.tr\/index.php\/urun\/gelin\/","title":{"rendered":"Gelin"},"content":{"rendered":"<p>VAMPYR GEL\u0130N.ALFA DAMAT.\u0130ki t\u00fcr aras\u0131ndaki tehlikeli ittifak, kalpleri eritecek derin bir a\u015fka d\u00f6n\u00fc\u015fecek mi? G\u00fcneybat\u0131 b\u00f6lgesindeki Vampyr Meclisi\u2019nin en g\u00fc\u00e7l\u00fc \u00fcyesinin k\u0131z\u0131 olan Misery Lark, hayat\u0131 boyunca d\u0131\u015flanm\u0131\u015ft\u0131. \u0130nsanlar aras\u0131nda kimli\u011fini gizleyerek ya\u015fad\u0131\u011f\u0131 hayata bir ara vermek zorundayd\u0131; \u00e7\u00fcnk\u00fc Vampyrler ile can d\u00fc\u015fmanlar\u0131 olan Kurtlar aras\u0131nda sa\u011flanacak tarihi bar\u0131\u015f i\u00e7in g\u00f6reve \u00e7a\u011fr\u0131lm\u0131\u015ft\u0131. Bir kez daha kendini feda etmekten ba\u015fka \u00e7aresi yoktu. Kurtlar, ne yapaca\u011f\u0131 bilinmez ve ac\u0131mas\u0131z bir t\u00fcrd\u00fc. Alfa Lowe Moreland de kesinlikle istisna de\u011fildi. Ancak s\u00fcr\u00fcs\u00fcn\u00fc mutlak bir otoriteyle y\u00f6netmesine ra\u011fmen adaletten \u015fa\u015fmad\u0131\u011f\u0131 ve duygular\u0131 bir kenara atmad\u0131\u011f\u0131 belliydi. Misery\u2019nin her hareketini takip etmesine bak\u0131l\u0131rsa ona hi\u00e7 g\u00fcvenmiyordu. Ve b\u00f6yle d\u00fc\u015f\u00fcnmekte \u00e7ok hakl\u0131yd\u0131. Misery\u2019nin bu anla\u015fmal\u0131 evlili\u011fi kabul etmek i\u00e7in kendince sebepleri vard\u0131. \u00dcstelik bunlar\u0131n siyaset ya da ittifakla alakas\u0131 yoktu. Hayat\u0131 boyunca de\u011fer verdi\u011fi en k\u0131ymetli \u015feyi kaybetmi\u015fti ve ona ait olan\u0131 geri almak i\u00e7in her \u015feyi yapmaya haz\u0131rd\u0131. Bu, d\u00fc\u015fman topraklar\u0131nda, s\u00fcr\u00fcn\u00fcn en kudretlisi Lowe\u2019la tek ba\u015f\u0131na kalmas\u0131 anlam\u0131na gelse bile&#8230; \u201cAli Hazelwood, paranormal bir Romeo ve Juliet hik\u00e2yesi yazarak \u0131\u015f\u0131lt\u0131l\u0131 anlat\u0131m\u0131n\u0131 ve zek\u00e2s\u0131n\u0131 yeniden ortaya koyuyor.\u201d\u2014Ruby Dixon<\/p>\n","protected":false},"excerpt":{"rendered":"<p>VAMPYR GEL\u0130N.ALFA DAMAT.\u0130ki t\u00fcr aras\u0131ndaki tehlikeli ittifak, kalpleri eritecek derin bir a\u015fka d\u00f6n\u00fc\u015fecek mi? G\u00fcneybat\u0131 b\u00f6lgesindeki Vampyr Meclisi\u2019nin en g\u00fc\u00e7l\u00fc \u00fcyesinin k\u0131z\u0131 olan Misery Lark, hayat\u0131<span class=\"excerpt-hellip\"> [\u2026]<\/span><\/p>\n","protected":false},"featured_media":0,"template":"","meta":{"_monsterinsights_skip_tracking":false,"_monsterinsights_sitenote_active":false,"_monsterinsights_sitenote_note":"","_monsterinsights_sitenote_category":0},"product_brand":[],"product_cat":[12291,12711],"product_tag":[],"class_list":{"0":"post-766144","1":"product","2":"type-product","3":"status-publish","5":"product_cat-edebiyat","6":"product_cat-roman-oyku","7":"pa_cilt-ciltsiz","8":"pa_tur-kitap","9":"pa_yayinevi-nemesis-kitap","10":"pa_yazar-ali-hazelwood","12":"first","13":"instock","14":"sale","15":"shipping-taxable","16":"purchasable","17":"product-type-simple"},"_links":{"self":[{"href":"https:\/\/roveyayinevi.com.tr\/index.php\/wp-json\/wp\/v2\/product\/766144","targetHints":{"allow":["GET"]}}],"collection":[{"href":"https:\/\/roveyayinevi.com.tr\/index.php\/wp-json\/wp\/v2\/product"}],"about":[{"href":"https:\/\/roveyayinevi.com.tr\/index.php\/wp-json\/wp\/v2\/types\/product"}],"wp:attachment":[{"href":"https:\/\/roveyayinevi.com.tr\/index.php\/wp-json\/wp\/v2\/media?parent=766144"}],"wp:term":[{"taxonomy":"product_brand","embeddable":true,"href":"https:\/\/roveyayinevi.com.tr\/index.php\/wp-json\/wp\/v2\/product_brand?post=766144"},{"taxonomy":"product_cat","embeddable":true,"href":"https:\/\/roveyayinevi.com.tr\/index.php\/wp-json\/wp\/v2\/product_cat?post=766144"},{"taxonomy":"product_tag","embeddable":true,"href":"https:\/\/roveyayinevi.com.tr\/index.php\/wp-json\/wp\/v2\/product_tag?post=766144"}],"curies":[{"name":"wp","href":"https:\/\/api.w.org\/{rel}","templated":true}]}}