{"id":766141,"date":"2025-08-28T12:03:29","date_gmt":"2025-08-28T09:03:29","guid":{"rendered":"https:\/\/roveyayinevi.com.tr\/index.php\/urun\/ticaret-ve-kuresellesme\/"},"modified":"2026-04-15T03:32:05","modified_gmt":"2026-04-15T00:32:05","slug":"ticaret-ve-kuresellesme","status":"publish","type":"product","link":"https:\/\/roveyayinevi.com.tr\/index.php\/urun\/ticaret-ve-kuresellesme\/","title":{"rendered":"Ticaret ve K\u00fcreselle\u015fme"},"content":{"rendered":"<p>Uluslararas\u0131 ticaret, birbirine son derece ba\u011f\u0131ml\u0131 bir d\u00fcnya yaratt\u0131. Telefon, spor ayakkab\u0131 veya otomobil gibi g\u00fcnl\u00fck hayat\u0131m\u0131zda kulland\u0131\u011f\u0131m\u0131z bir\u00e7ok \u00fcr\u00fcn farkl\u0131 \u00fclkelerde, \u00e7e\u015fitli \u015firketler taraf\u0131ndan tasarlan\u0131p \u00fcretilip monte ediliyor. Bu s\u00fcre\u00e7te, farkl\u0131 millet, inan\u00e7 ve k\u00fclt\u00fcrden milyonlarca insan yer al\u0131yor. Bu yarat\u0131c\u0131l\u0131\u011f\u0131 ve rekabeti \u00e7o\u011fu zaman do\u011fal bulsak da gezegenin d\u00f6rt bir yan\u0131ndaki insanlar\u0131n bar\u0131\u015f\u00e7\u0131l i\u015fbirli\u011fi olmadan bu m\u00fcmk\u00fcn olmazd\u0131. K\u00fcreselle\u015fmenin bu y\u00f6n\u00fc genellikle g\u00f6z ard\u0131 ediliyor. Baz\u0131 politikac\u0131lar, biraz da se\u00e7im kayg\u0131s\u0131yla, k\u00fcreselle\u015fmenin istihdam kayb\u0131na, daha d\u00fc\u015f\u00fck standartlara ve g\u00fcvenlik tehditlerine yol a\u00e7t\u0131\u011f\u0131n\u0131 iddia edecek dar bir bak\u0131\u015f a\u00e7\u0131s\u0131na sahip olabiliyor. Ticaret ve K\u00fcreselle\u015fme, ticaretin sundu\u011fu bir\u00e7ok faydan\u0131n yan\u0131 s\u0131ra ka\u00e7\u0131n\u0131lmaz olarak ortaya \u00e7\u0131kan gerilimleri de inceliyor. Eamonn Butler, uluslararas\u0131 ticaretin son 50 y\u0131ldaki h\u0131zl\u0131 b\u00fcy\u00fcmesini ve ticaret ile uluslararas\u0131 politikan\u0131n nas\u0131l giderek i\u00e7 i\u00e7e ge\u00e7ti\u011fini analiz ediyor. Ticaretin ve k\u00fcreselle\u015fmenin modern hayattaki artan \u00f6nemini vurgularken, bu konuya y\u00f6nelik muhalefeti anlamaya da \u00e7al\u0131\u015f\u0131yor. Ayn\u0131 zamanda, modern \u00e7a\u011f\u0131n en \u00f6nemli geli\u015fmelerinden biri olan uluslararas\u0131 ticaretin ilkeleri, ekonomisi ve politikas\u0131 hakk\u0131nda basit ve anla\u015f\u0131l\u0131r bir giri\u015f sunuyor. <\/p>\n","protected":false},"excerpt":{"rendered":"<p>Uluslararas\u0131 ticaret, birbirine son derece ba\u011f\u0131ml\u0131 bir d\u00fcnya yaratt\u0131. Telefon, spor ayakkab\u0131 veya otomobil gibi g\u00fcnl\u00fck hayat\u0131m\u0131zda kulland\u0131\u011f\u0131m\u0131z bir\u00e7ok \u00fcr\u00fcn farkl\u0131 \u00fclkelerde, \u00e7e\u015fitli \u015firketler taraf\u0131ndan tasarlan\u0131p<span class=\"excerpt-hellip\"> [\u2026]<\/span><\/p>\n","protected":false},"featured_media":0,"template":"","meta":{"_monsterinsights_skip_tracking":false,"_monsterinsights_sitenote_active":false,"_monsterinsights_sitenote_note":"","_monsterinsights_sitenote_category":0},"product_brand":[],"product_cat":[13043],"product_tag":[],"class_list":{"0":"post-766141","1":"product","2":"type-product","3":"status-publish","5":"product_cat-ekonomi","6":"pa_cilt-ciltsiz","7":"pa_tur-kitap","8":"pa_yayinevi-serbest-kitaplar","9":"pa_yazar-eamonn-butler","11":"first","12":"instock","13":"sale","14":"shipping-taxable","15":"purchasable","16":"product-type-simple"},"_links":{"self":[{"href":"https:\/\/roveyayinevi.com.tr\/index.php\/wp-json\/wp\/v2\/product\/766141","targetHints":{"allow":["GET"]}}],"collection":[{"href":"https:\/\/roveyayinevi.com.tr\/index.php\/wp-json\/wp\/v2\/product"}],"about":[{"href":"https:\/\/roveyayinevi.com.tr\/index.php\/wp-json\/wp\/v2\/types\/product"}],"wp:attachment":[{"href":"https:\/\/roveyayinevi.com.tr\/index.php\/wp-json\/wp\/v2\/media?parent=766141"}],"wp:term":[{"taxonomy":"product_brand","embeddable":true,"href":"https:\/\/roveyayinevi.com.tr\/index.php\/wp-json\/wp\/v2\/product_brand?post=766141"},{"taxonomy":"product_cat","embeddable":true,"href":"https:\/\/roveyayinevi.com.tr\/index.php\/wp-json\/wp\/v2\/product_cat?post=766141"},{"taxonomy":"product_tag","embeddable":true,"href":"https:\/\/roveyayinevi.com.tr\/index.php\/wp-json\/wp\/v2\/product_tag?post=766141"}],"curies":[{"name":"wp","href":"https:\/\/api.w.org\/{rel}","templated":true}]}}